{"id":1053,"date":"2012-11-27T19:16:19","date_gmt":"2012-11-27T19:16:19","guid":{"rendered":"http:\/\/gemologia.sindijoias.org\/escola\/?page_id=1053"},"modified":"2025-05-09T13:39:47","modified_gmt":"2025-05-09T13:39:47","slug":"localizacao","status":"publish","type":"page","link":"https:\/\/www.gemologiaibgm.com.br\/escola\/localizacao","title":{"rendered":"Localiza\u00e7\u00e3o"},"content":{"rendered":"<p>&nbsp;<\/p>\n<p><img loading=\"lazy\" decoding=\"async\" class=\"alignnone  wp-image-2404\" src=\"https:\/\/www.gemologiaibgm.com.br\/escola\/wp-content\/uploads\/2025\/05\/foto-do-predio-300x186.png\" alt=\"\" width=\"404\" height=\"251\" srcset=\"https:\/\/www.gemologiaibgm.com.br\/escola\/wp-content\/uploads\/2025\/05\/foto-do-predio-300x186.png 300w, https:\/\/www.gemologiaibgm.com.br\/escola\/wp-content\/uploads\/2025\/05\/foto-do-predio.png 484w\" sizes=\"auto, (max-width: 404px) 100vw, 404px\" \/><\/p>\n<p>Rua Luis Coelho, 223 \u2013 Edf. Apolo II \u2013 8\u00ba andar<br \/>\nConsola\u00e7\u00e3o<br \/>\nCep: 01309901<br \/>\nS\u00e3o Paulo\/ SP<\/p>\n<p>R. Lu\u00eds Coelho, 223<br \/>\n<a href=\"https:\/\/goo.gl\/maps\/cqZVYj29B64MmuHd7\" target=\"_blank\" rel=\"noopener\" data-saferedirecturl=\"https:\/\/www.google.com\/url?q=https:\/\/goo.gl\/maps\/cqZVYj29B64MmuHd7&amp;source=gmail&amp;ust=1681913819440000&amp;usg=AOvVaw23ap-S07Ugd2nEWQyPwaHU\">https:\/\/goo.gl\/maps\/<wbr \/>cqZVYj29B64MmuHd7<\/a><\/p>\n<p><a href=\"https:\/\/www.gemologiaibgm.com.br\/laboratorio\/wp-content\/uploads\/2012\/11\/Condom%C3%ADnio-Edif%C3%ADcio-Apolo-I-Google-Maps-novo.pdf\">Condom\u00ednio Edif\u00edcio Apolo II \u2013 Google Maps-novo<\/a><\/p>\n<p>N\u00e3o dispomos de estacionamento pr\u00f3prio.<\/p>\n<p>Op\u00e7\u00f5es:<\/p>\n<p>Metr\u00f4 ( Consola\u00e7\u00e3o)<\/p>\n<p>\u00d4nibus<\/p>\n<p>&nbsp;<\/p>\n","protected":false},"excerpt":{"rendered":"<p>&nbsp; Rua Luis Coelho, 223 \u2013 Edf. Apolo II \u2013 8\u00ba andar Consola\u00e7\u00e3o Cep: 01309901 S\u00e3o Paulo\/ SP R. Lu\u00eds Coelho, 223 https:\/\/goo.gl\/maps\/cqZVYj29B64MmuHd7 Condom\u00ednio Edif\u00edcio Apolo II \u2013 Google Maps-novo N\u00e3o dispomos de estacionamento pr\u00f3prio. Op\u00e7\u00f5es: Metr\u00f4 ( Consola\u00e7\u00e3o) \u00d4nibus &nbsp;<\/p>\n","protected":false},"author":4,"featured_media":0,"parent":0,"menu_order":0,"comment_status":"closed","ping_status":"closed","template":"","meta":{"footnotes":""},"class_list":["post-1053","page","type-page","status-publish","hentry"],"_links":{"self":[{"href":"https:\/\/www.gemologiaibgm.com.br\/escola\/wp-json\/wp\/v2\/pages\/1053","targetHints":{"allow":["GET"]}}],"collection":[{"href":"https:\/\/www.gemologiaibgm.com.br\/escola\/wp-json\/wp\/v2\/pages"}],"about":[{"href":"https:\/\/www.gemologiaibgm.com.br\/escola\/wp-json\/wp\/v2\/types\/page"}],"author":[{"embeddable":true,"href":"https:\/\/www.gemologiaibgm.com.br\/escola\/wp-json\/wp\/v2\/users\/4"}],"replies":[{"embeddable":true,"href":"https:\/\/www.gemologiaibgm.com.br\/escola\/wp-json\/wp\/v2\/comments?post=1053"}],"version-history":[{"count":16,"href":"https:\/\/www.gemologiaibgm.com.br\/escola\/wp-json\/wp\/v2\/pages\/1053\/revisions"}],"predecessor-version":[{"id":2405,"href":"https:\/\/www.gemologiaibgm.com.br\/escola\/wp-json\/wp\/v2\/pages\/1053\/revisions\/2405"}],"wp:attachment":[{"href":"https:\/\/www.gemologiaibgm.com.br\/escola\/wp-json\/wp\/v2\/media?parent=1053"}],"curies":[{"name":"wp","href":"https:\/\/api.w.org\/{rel}","templated":true}]}}