{"id":27,"date":"2011-11-25T18:18:34","date_gmt":"2011-11-25T18:18:34","guid":{"rendered":"http:\/\/gemologia.sindijoias.org\/escola\/?page_id=27"},"modified":"2026-03-05T12:41:47","modified_gmt":"2026-03-05T12:41:47","slug":"a-escola-2","status":"publish","type":"page","link":"https:\/\/www.gemologiaibgm.com.br\/escola\/","title":{"rendered":"A Escola"},"content":{"rendered":"<h2 style=\"text-align: center;\"><strong><span style=\"color: #ff0000;\"><u><br \/><mark class=\"has-inline-color has-black-color\">AGENDA DE CURSOS PARA O 1\u00ba SEMESTRE DE 2026 ESTA ABERTA<\/mark><br \/><\/u><\/span><\/strong><\/h2>\n<p><strong>1 \u2013 Diamante Lapidado: Identifica\u00e7\u00e3o e Classifica\u00e7\u00e3o <\/strong><br \/><strong>Data \/ Hor\u00e1rio:<\/strong> 09 a 19 de mar\u00e7o de 2026<br \/>(09 aulas consecutivas durante a semana, das 09h30 \u00e0s 12h30)<br \/><strong>Carga hor\u00e1ria:<\/strong> 27h<\/p>\n<p><strong>2 \u2013 No\u00e7\u00f5es de Avalia\u00e7\u00e3o de Joias e Estimativa de Peso de Gemas Cravadas e em <\/strong><br \/><strong>Desenho de Joias.<\/strong> <br \/><strong>Data \/ Hor\u00e1rio:<\/strong> 24 a 27 de mar\u00e7o de 2026 <br \/>(04 aulas consecutivas das 13h30 \u00e0s 17h30) <br \/><strong>Carga hor\u00e1ria:<\/strong> 16h<\/p>\n<p><strong>3 \u2013 Classifica\u00e7\u00e3o e No\u00e7\u00f5es de Avalia\u00e7\u00e3o das Gemas Coradas<\/strong><br \/><strong>Data \/ Hor\u00e1rio:<\/strong> 06 a 14 de abril de 2026<br \/>(07 aulas consecutivas durante a semana, das 09h30 \u00e0s 12h30)<br \/><strong>Carga hor\u00e1ria:<\/strong> 21h<\/p>\n<p><strong>4 \u2013 Identifica\u00e7\u00e3o das Gemas Coradas<\/strong><br \/><strong>Data \/ Hor\u00e1rio:<\/strong> 22 de abril a 06 de maio de 2026<br \/>(10 aulas consecutivas durante a semana, das 09h30 \u00e0s 12h30)<br \/><strong>Carga hor\u00e1ria:<\/strong> 30h<\/p>\n<p><strong>5 \u2013 Identifica\u00e7\u00e3o e Caracteriza\u00e7\u00e3o de Gemas Sint\u00e9ticas (Diamantes e Gemas de Cor) e <\/strong><br \/><strong>Alguns Tratamentos<\/strong><br \/><strong>Data \/ Hor\u00e1rio:<\/strong> 13 a 22 de maio de 2026<br \/>(08 aulas durante a semana, das 09h30 \u00e0s 12h30)<br \/><strong>Carga hor\u00e1ria:<\/strong> 24h<\/p>\n<p><strong>6 \u2013 Diamante Bruto<\/strong><br \/><strong>Data \/ Hor\u00e1rio:<\/strong> 10 a 19 de junho de 2026<br \/>07 aulas consecutivas \u2013 das 9h30 \u00e0s 12h30<br \/><strong>Carga hor\u00e1ria:<\/strong> 21h<\/p>\n<h3><strong>Para maiores informa\u00e7\u00f5es, consulte na agenda dos cursos.<\/strong><\/h3>\n\n\n<p><br><\/p>\n\n\n<h3>\u00a0<\/h3>\n<h2 style=\"text-align: center;\"><strong><span style=\"color: #ff0000;\"><u>Comunicado Importante<\/u><\/span><\/strong><\/h2>\n<h1 style=\"text-align: center;\"><strong><span style=\"text-decoration: underline; color: #ff0000;\">Documentos Falsificados<\/span><\/strong><\/h1>\n<p>&nbsp;<\/p>\n<p>O IBGM identificou no mercado algumas falsifica\u00e7\u00f5es dos documentos emitidos pelo Laborat\u00f3rio Gemol\u00f3gico Dr. Rui Ribeiro Franco, bem como o uso indevido e n\u00e3o autorizado das logomarcas do Instituto.<\/p>\n<p>Foram constatadas\u00a0<strong>diferen\u00e7as marcantes nos documentos falsos<\/strong>, tais como:<\/p>\n<ul>\n<li>Assinatura falsificada da gem\u00f3loga\u00a0respons\u00e1vel;<\/li>\n<li>Chancela incorreta do Laborat\u00f3rio Gemol\u00f3gico;<\/li>\n<li>Modelos de documentos antigos, n\u00e3o mais usados pelo laborat\u00f3rio do IBGM desde janeiro de 2017;<\/li>\n<li>Descri\u00e7\u00e3o da gema com informa\u00e7\u00f5es incorretas.<\/li>\n<\/ul>\n<p>Em rela\u00e7\u00e3o aos documentos com uso indevido e n\u00e3o autorizado das logomarcas do IBGM, ainda observam-se:<\/p>\n<ul>\n<li>Avalia\u00e7\u00e3o Comercial&#8217; anexa ao Parecer Gemol\u00f3gico,\u00a0cabendo ressaltar que o\u00a0Laborat\u00f3rio Gemol\u00f3gico Dr. Rui Ribeiro Franco\u00a0<strong>n\u00e3o emite e nunca emitiu nenhum documento titulado &#8216;Avalia\u00e7\u00e3o Comercial&#8217;.\u00a0<\/strong><\/li>\n<li>Assinaturas de pessoas que nunca foram colaboradoras\u00a0do IBGM, tampouco da Rede de Laborat\u00f3rios.<\/li>\n<li>Chancela do Laborat\u00f3rio Gemol\u00f3gico n\u00e3o confere;<\/li>\n<li>A descri\u00e7\u00e3o da pedra no documento apresenta informa\u00e7\u00f5es\u00a0incorretas.<\/li>\n<\/ul>\n<p>Infelizmente, nossa equipe n\u00e3o teve acesso ao documento f\u00edsico (s\u00f3 as imagens), de forma que n\u00e3o foi poss\u00edvel avaliar o tipo de papel e\/ou lamina\u00e7\u00e3o utilizados.<\/p>\n<p>Para consultar o conte\u00fado dos documentos originais emitidos pelo\u00a0Laborat\u00f3rio Gemol\u00f3gico Dr. Rui Ribeiro Franco clicar aqui:<\/p>\n<h5 style=\"text-align: center;\"><a href=\"https:\/\/www.gemologiaibgm.com.br\/laboratorio\/pesquisar-documento\/\">https:\/\/www.gemologiaibgm.com.br\/laboratorio\/pesquisar-documento\/<\/a><\/h5>\n<p>&nbsp;<\/p>\n<p>Aproveitamos para comunicar tamb\u00e9m que o IBGM est\u00e1 tomando as medidas judiciais cab\u00edveis com o objetivo de coibir este tipo de conduta e\u00a0punir os respons\u00e1veis por tais\u00a0golpes. Portanto, se voc\u00ea desconfiar da veracidade de algum documento, por favor, entre em contato conosco.<\/p>\n<p>&nbsp;<\/p>\n<p style=\"text-align: justify;\"><span style=\"color: #333333;\"><img loading=\"lazy\" decoding=\"async\" class=\"aligncenter wp-image-51 \" src=\"https:\/\/www.gemologiaibgm.com.br\/escola\/wp-content\/uploads\/2011\/11\/escola00311.jpg\" alt=\"\" width=\"645\" height=\"269\" \/><\/span><\/p>\n<p style=\"text-align: justify;\"><span style=\"color: #333333;\">Inaugurada em nossa sede no dia 07 de julho de 2004, a Escola de Gemologia homenageia o Pai da Mineralogia no Brasil e Patriarca da Independ\u00eancia Jos\u00e9 Bonif\u00e1cio de Andrada e Silva.<\/span><\/p>\n<p style=\"text-align: justify;\"><span style=\"color: #333333;\">Oferecendo uma programa\u00e7\u00e3o de cursos pr\u00e1ticos e te\u00f3ricos a escola \u00e9 uma iniciativa pioneira do setor joalheiro. Nossa Escola tem capacidade para atender dez alunos para os cursos pr\u00e1ticos e trinta para os cursos te\u00f3ricos\u00a0e conta com corpo docente de profissionais altamente qualificados de reconhecimento no setor joalheiro.<\/span><\/p>\n<p style=\"text-align: justify;\"><span style=\"color: #333333;\">Com grande import\u00e2ncia educacional, a Escola fortalece a base t\u00e9cnica do setor, impondo grande impacto no aprimoramento das transa\u00e7\u00f5es comerciais dentro do segmento de j\u00f3ias e gemas.<\/span><\/p>\n<p><a title=\"Inscri\u00e7\u00e3o\" href=\"https:\/\/podio.com\/webforms\/16247835\/1091297\" target=\"_blank\" rel=\"noopener\"><img loading=\"lazy\" decoding=\"async\" class=\"alignnone wp-image-1403\" src=\"https:\/\/www.gemologiaibgm.com.br\/escola\/wp-content\/uploads\/2011\/11\/botao_increva-se_escola.png\" width=\"159\" height=\"53\" \/><\/a><\/p>\n<h1>\u00a0<\/h1>\n<p><strong>Equipe<\/strong>:<a href=\"https:\/\/podio.com\/webforms\/16247835\/1091297\"><img decoding=\"async\" class=\"alignright wp-image-1403 size-full\" src=\"https:\/\/form.jotformpro.com\/71974811684972\" \/><\/a><\/p>\n<p style=\"text-align: justify;\"><span style=\"color: #333333;\"><em><strong>Coordenadora<\/strong><\/em>: Gracia Bai\u00e3o<br \/><\/span><em><strong>Instrutores:<\/strong><\/em>\u00a0Gracia Bai\u00e3o, Daniel Berringer e Ana Elo\u00edsa Piazza<br \/><strong><em>Assistentes administrativas:<\/em><\/strong> Thais Cristina e Thalia Borges<br \/><em><strong>Contato:<\/strong><\/em> <span style=\"color: #333333;\"><a href=\"mailto:escola@ibgm.com.br\">escola@ibgm.com.br<\/a><\/span><\/p>\n\n\n<p><\/p>\n","protected":false},"excerpt":{"rendered":"<p>AGENDA DE CURSOS PARA O 1\u00ba SEMESTRE DE 2026 ESTA ABERTA 1 \u2013 Diamante Lapidado: Identifica\u00e7\u00e3o e Classifica\u00e7\u00e3o Data \/ Hor\u00e1rio: 09 a 19 de mar\u00e7o de 2026(09 aulas consecutivas durante a semana, das 09h30 \u00e0s 12h30)Carga hor\u00e1ria: 27h 2 \u2013 No\u00e7\u00f5es de Avalia\u00e7\u00e3o de Joias e Estimativa de Peso de Gemas Cravadas e em [&hellip;]<\/p>\n","protected":false},"author":4,"featured_media":0,"parent":0,"menu_order":0,"comment_status":"closed","ping_status":"closed","template":"","meta":{"footnotes":""},"class_list":["post-27","page","type-page","status-publish","hentry"],"_links":{"self":[{"href":"https:\/\/www.gemologiaibgm.com.br\/escola\/wp-json\/wp\/v2\/pages\/27","targetHints":{"allow":["GET"]}}],"collection":[{"href":"https:\/\/www.gemologiaibgm.com.br\/escola\/wp-json\/wp\/v2\/pages"}],"about":[{"href":"https:\/\/www.gemologiaibgm.com.br\/escola\/wp-json\/wp\/v2\/types\/page"}],"author":[{"embeddable":true,"href":"https:\/\/www.gemologiaibgm.com.br\/escola\/wp-json\/wp\/v2\/users\/4"}],"replies":[{"embeddable":true,"href":"https:\/\/www.gemologiaibgm.com.br\/escola\/wp-json\/wp\/v2\/comments?post=27"}],"version-history":[{"count":82,"href":"https:\/\/www.gemologiaibgm.com.br\/escola\/wp-json\/wp\/v2\/pages\/27\/revisions"}],"predecessor-version":[{"id":2445,"href":"https:\/\/www.gemologiaibgm.com.br\/escola\/wp-json\/wp\/v2\/pages\/27\/revisions\/2445"}],"wp:attachment":[{"href":"https:\/\/www.gemologiaibgm.com.br\/escola\/wp-json\/wp\/v2\/media?parent=27"}],"curies":[{"name":"wp","href":"https:\/\/api.w.org\/{rel}","templated":true}]}}