{"id":313,"date":"2011-11-29T19:15:56","date_gmt":"2011-11-29T19:15:56","guid":{"rendered":"http:\/\/gemologia.sindijoias.org\/escola\/?page_id=313"},"modified":"2026-03-02T18:54:55","modified_gmt":"2026-03-02T18:54:55","slug":"modulo3","status":"publish","type":"page","link":"https:\/\/www.gemologiaibgm.com.br\/escola\/agenda\/modulo3","title":{"rendered":"Cursos Pr\u00e1ticos"},"content":{"rendered":"<h3 style=\"color: #000000;\"><strong><span style=\"color: #ff6600;\">1 &#8211; Diamante Lapidado: Identifica\u00e7\u00e3o e Classifica\u00e7\u00e3o<\/span><\/strong><\/h3>\n<p><strong>Data<\/strong>: 09 a 19 de mar\u00e7o de 2026<br \/><strong>Hor\u00e1rio<\/strong>: 09 aulas consecutivas &#8211; das 9h30 \u00e0s 12h30<br \/><strong>Carga hor\u00e1ria<\/strong>: 27h<br \/><strong>Conte\u00fado program\u00e1tico<\/strong>: Classifica\u00e7\u00e3o dos 4 Cs (cor, pureza, lapida\u00e7\u00e3o e peso), formatos e lapida\u00e7\u00f5es atuais e antigas, propor\u00e7\u00f5es, n\u00edveis de pureza e cor, fluoresc\u00eancia, identifica\u00e7\u00e3o de diamantes e seus tratamentos. O que observar na hora de comprar e vender diamantes, principais crit\u00e9rios usados para separar diamante e simulantes. O curso disp\u00f5e de amplo acervo para pr\u00e1tica e classifica\u00e7\u00e3o dos diamantes.<br \/><strong>Instrutores:<\/strong><em> Daniel Berringer \/ Gracia Bai\u00e3o\u00a0 \/ Ana Piazza<\/em><strong><br \/><\/strong><strong>N\u00famero de alunos por turma:<\/strong>\u00a0m\u00ednimo de 04 e m\u00e1ximo de 10<br \/><strong>Investimento (<\/strong>*<strong>): associado\u00a0R$ 3.650,00 \/ n\u00e3o associado R$ 4.200,00<\/strong><\/p>\n<p>(*)As import\u00e2ncias s\u00e3o cobradas a t\u00edtulo de doa\u00e7\u00e3o para o custeio da Escola de Gemologia.<\/p>\n<p>&nbsp;<\/p>\n<p><a title=\"Inscri\u00e7\u00e3o\" href=\"https:\/\/podio.com\/webforms\/16247835\/1091297 \" target=\"_blank\" rel=\"noopener\"><img loading=\"lazy\" decoding=\"async\" class=\"alignnone wp-image-1403\" src=\"https:\/\/www.gemologiaibgm.com.br\/escola\/wp-content\/uploads\/2011\/11\/botao_increva-se_escola.png\" width=\"159\" height=\"53\" \/><\/a><\/p>\n<p><img loading=\"lazy\" decoding=\"async\" class=\"alignnone wp-image-2077 \" src=\"https:\/\/www.gemologiaibgm.com.br\/escola\/wp-content\/uploads\/2011\/11\/foto-site-curso5-300x114.jpg\" width=\"276\" height=\"105\" srcset=\"https:\/\/www.gemologiaibgm.com.br\/escola\/wp-content\/uploads\/2011\/11\/foto-site-curso5-300x114.jpg 300w, https:\/\/www.gemologiaibgm.com.br\/escola\/wp-content\/uploads\/2011\/11\/foto-site-curso5-768x293.jpg 768w, https:\/\/www.gemologiaibgm.com.br\/escola\/wp-content\/uploads\/2011\/11\/foto-site-curso5-1024x390.jpg 1024w, https:\/\/www.gemologiaibgm.com.br\/escola\/wp-content\/uploads\/2011\/11\/foto-site-curso5.jpg 1154w\" sizes=\"auto, (max-width: 276px) 100vw, 276px\" \/><img loading=\"lazy\" decoding=\"async\" class=\"alignnone wp-image-2078\" src=\"https:\/\/www.gemologiaibgm.com.br\/escola\/wp-content\/uploads\/2011\/11\/foto-site-curso7-300x180.jpg\" alt=\"foto site curso7\" width=\"173\" height=\"104\" srcset=\"https:\/\/www.gemologiaibgm.com.br\/escola\/wp-content\/uploads\/2011\/11\/foto-site-curso7-300x180.jpg 300w, https:\/\/www.gemologiaibgm.com.br\/escola\/wp-content\/uploads\/2011\/11\/foto-site-curso7-768x460.jpg 768w, https:\/\/www.gemologiaibgm.com.br\/escola\/wp-content\/uploads\/2011\/11\/foto-site-curso7.jpg 991w\" sizes=\"auto, (max-width: 173px) 100vw, 173px\" \/><img loading=\"lazy\" decoding=\"async\" class=\"alignnone wp-image-2079\" src=\"https:\/\/www.gemologiaibgm.com.br\/escola\/wp-content\/uploads\/2011\/11\/foto-site-curso8-300x180.jpg\" alt=\"foto site curso8\" width=\"173\" height=\"104\" srcset=\"https:\/\/www.gemologiaibgm.com.br\/escola\/wp-content\/uploads\/2011\/11\/foto-site-curso8-300x180.jpg 300w, https:\/\/www.gemologiaibgm.com.br\/escola\/wp-content\/uploads\/2011\/11\/foto-site-curso8-768x460.jpg 768w, https:\/\/www.gemologiaibgm.com.br\/escola\/wp-content\/uploads\/2011\/11\/foto-site-curso8.jpg 969w\" sizes=\"auto, (max-width: 173px) 100vw, 173px\" \/><\/p>\n<h3 style=\"text-align: left;\"><span style=\"color: #ff6600;\"><strong>2 &#8211; No\u00e7\u00f5es de Avalia\u00e7\u00e3o de Joias e Estimativa de Peso de Gemas Cravadas e em Desenho de Joias.<\/strong><\/span><\/h3>\n<p><strong>Data<\/strong>: 24 a 27 de mar\u00e7o de 2026.<br \/><strong>Hor\u00e1rio<\/strong>: 04 aulas consecutivas &#8211; das 13h30 \u00e0s 17h30<br \/><strong>Carga<\/strong><strong>\u00a0hor\u00e1ria<\/strong>: 16h<br \/><strong>Conte\u00fado program\u00e1tico: <\/strong>Os principais fatores a serem considerados na avalia\u00e7\u00e3o da joia, a hist\u00f3ria da joalheria, joalherias famosas, processo de fabrica\u00e7\u00e3o, crit\u00e9rios de avalia\u00e7\u00e3o , o mercado das joias, an\u00e1lise e estimativa de peso para gemas cravadas e em desenhos de joias, uso de tabelas e f\u00f3rmulas de estimativa de peso, uso de r\u00e9guas, paqu\u00edmetros e outros equipamentos para mensurar gemas, principais metais utilizados em joias, tipos de ligas, influ\u00eancia do processo de confec\u00e7\u00e3o na avalia\u00e7\u00e3o, principais gemas coradas usadas na joalheria, e fontes de pre\u00e7o para gemas e metais.<\/p>\n<p><strong><u>P\u00e9rolas, Madrep\u00e9rolas e gemas org\u00e2nicas.<\/u><\/strong> Forma\u00e7\u00e3o e composi\u00e7\u00e3o das p\u00e9rolas e madrep\u00e9rolas, p\u00e9rolas naturais, p\u00e9rolas cultivadas, tratamentos, maiores\u00a0produtores de p\u00e9rolas, estrutura das p\u00e9rolas, os tipos de p\u00e9rolas,\u00a0classifica\u00e7\u00e3o e cuidados com as p\u00e9rolas.<br \/>N\u00famero de alunos por turma:\u00a0m\u00ednimo de 04 e m\u00e1ximo de 10<br \/><strong>Investimento (<\/strong>*<strong>)<\/strong><strong>: associado<a href=\"http:\/\/gemologia.ibgm.com.br\/escola\/associados\">\u00a0<\/a>R$ 2.200,00 \/ n\u00e3o associado R$ 2.530,00<\/strong><\/p>\n<p>(*)As import\u00e2ncias s\u00e3o cobradas a t\u00edtulo de doa\u00e7\u00e3o para o custeio da Escola de Gemologia.<\/p>\n<p>&nbsp;<\/p>\n<p><a title=\"Inscri\u00e7\u00e3o\" href=\"https:\/\/podio.com\/webforms\/16247835\/1091297 \" target=\"_blank\" rel=\"noopener\"><img loading=\"lazy\" decoding=\"async\" class=\"alignnone wp-image-1403\" src=\"https:\/\/www.gemologiaibgm.com.br\/escola\/wp-content\/uploads\/2011\/11\/botao_increva-se_escola.png\" width=\"147\" height=\"49\" \/><\/a><\/p>\n<p><img loading=\"lazy\" decoding=\"async\" class=\"alignnone  wp-image-750\" src=\"https:\/\/www.gemologiaibgm.com.br\/escola\/wp-content\/uploads\/2011\/12\/modulo3_imagem21-e1746798589192-300x71.jpg\" alt=\"\" width=\"270\" height=\"64\" srcset=\"https:\/\/www.gemologiaibgm.com.br\/escola\/wp-content\/uploads\/2011\/12\/modulo3_imagem21-e1746798589192-300x71.jpg 300w, https:\/\/www.gemologiaibgm.com.br\/escola\/wp-content\/uploads\/2011\/12\/modulo3_imagem21-e1746798589192.jpg 466w\" sizes=\"auto, (max-width: 270px) 100vw, 270px\" \/>\u00a0<img loading=\"lazy\" decoding=\"async\" class=\"alignnone  wp-image-2407\" src=\"https:\/\/www.gemologiaibgm.com.br\/escola\/wp-content\/uploads\/2025\/05\/cor-de-diamabnte-naturalmarrom-300x53.png\" alt=\"\" width=\"334\" height=\"59\" srcset=\"https:\/\/www.gemologiaibgm.com.br\/escola\/wp-content\/uploads\/2025\/05\/cor-de-diamabnte-naturalmarrom-300x53.png 300w, https:\/\/www.gemologiaibgm.com.br\/escola\/wp-content\/uploads\/2025\/05\/cor-de-diamabnte-naturalmarrom.png 639w\" sizes=\"auto, (max-width: 334px) 100vw, 334px\" \/><\/p>\n<h3><span style=\"color: #ff6600;\"><strong>3<\/strong><\/span><strong><span style=\"color: #ff6600;\"> &#8211;\u00a0<\/span><\/strong><strong><span style=\"color: #ff6600;\">Classifica\u00e7\u00e3o e No\u00e7\u00f5es de Avalia\u00e7\u00e3o das Gemas Coradas<\/span>\u00a0\u00a0<\/strong><\/h3>\n<p><strong>Data<\/strong>: 06 a 14 de abril de 2026 <br \/><strong>Hor\u00e1rio<\/strong>: 07 aulas consecutivas &#8211; <span style=\"color: #000000;\">das 9h30 \u00e0s 12h30<\/span><br \/><strong>Carga hor\u00e1ria<\/strong>: 21h<br \/><strong>Conte\u00fado program\u00e1tico:<\/strong>\u00a0O que \u00e9 preciso conhecer para comprar e vender Esmeralda, Rubi, Safira, e as demais gemas de cor. Como classificar cor, pureza, fen\u00f4menos \u00f3pticos e lapida\u00e7\u00e3o das gemas coradas mais importantes comercializadas no setor. O curso disp\u00f5e de amplo acervo de gemas para que os participantes\u00a0possam praticar, simular e adquirir maior conhecimento \u00a0na hora de compra e\/ou vender uma gema de cor.<br \/><strong>Instrutores:<\/strong><em> Daniel Berringer \/ Gracia Bai\u00e3o\u00a0 \/ Ana Piazza<\/em><br \/><strong>N\u00famero de alunos por turma:<\/strong>\u00a0m\u00ednimo de 05 e m\u00e1ximo de 10<br \/><strong>Investimento (*): associado R$ 2.800,00 \/ n\u00e3o associado R$ 3.000,00<\/strong><\/p>\n<p>(*) As import\u00e2ncias s\u00e3o cobradas a t\u00edtulo de doa\u00e7\u00e3o para o custeio da Escola de Gemologia.<\/p>\n<p><a title=\"Inscri\u00e7\u00e3o\" href=\"https:\/\/podio.com\/webforms\/16247835\/1091297 \" target=\"_blank\" rel=\"noopener\"><img loading=\"lazy\" decoding=\"async\" class=\"alignnone wp-image-1403\" src=\"https:\/\/www.gemologiaibgm.com.br\/escola\/wp-content\/uploads\/2011\/11\/botao_increva-se_escola.png\" width=\"147\" height=\"49\" \/><\/a><\/p>\n<p style=\"text-align: center;\"><img loading=\"lazy\" decoding=\"async\" src=\"\/escola\/wp-content\/uploads\/2011\/12\/_d_improd_\/modulo3_imagem3_f_improf_612x130.jpg\" alt=\"\" width=\"612\" height=\"130\" data-mce-height=\"17\" data-mce-width=\"80\" \/><\/p>\n<h3><strong><span style=\"color: #ff6600;\">4<\/span><span style=\"color: #ff6600;\"> &#8211;\u00a0Identifica\u00e7\u00e3o das Gemas Coradas\u00a0<\/span><\/strong><\/h3>\n<p><strong>Data: <\/strong>22 de abril a 06 de maio de 2026<\/p>\n<p><strong>Hor\u00e1rio:\u00a0<\/strong>10 aulas consecutivas &#8211; das 9h30 \u00e0s 12h30<br \/><strong>Carga hor\u00e1ria<\/strong>: 30h<br \/><strong>Conte\u00fado program\u00e1tico<\/strong>: Instrumentos e exames gemol\u00f3gicos, partes componentes e manuseio dos instrumentos, separa\u00e7\u00e3o x identifica\u00e7\u00e3o e utiliza\u00e7\u00e3o das refer\u00eancias bibliogr\u00e1ficas para diagn\u00f3stico de identifica\u00e7\u00e3o.<br \/><strong>Instrutores:\u00a0<\/strong><em>Gracia Bai\u00e3o \/\u00a0Ana Piazza<strong> \/ <\/strong>Daniel Berringer<\/em><strong><br \/><\/strong><strong>N\u00famero de alunos por turma:<\/strong>\u00a0m\u00ednimo de 04 e m\u00e1ximo de 10<br \/><strong>Investimento (*)<\/strong>: <strong>associado R$ 3.900,00 \/ n\u00e3o associado R$ 4.450,00<\/strong><\/p>\n<p>(*)As import\u00e2ncias s\u00e3o cobradas a t\u00edtulo de doa\u00e7\u00e3o para o custeio da Escola de Gemologia.<\/p>\n<p><a title=\"Inscri\u00e7\u00e3o\" href=\"https:\/\/podio.com\/webforms\/16247835\/1091297 \" target=\"_blank\" rel=\"noopener\"><img loading=\"lazy\" decoding=\"async\" class=\"alignnone wp-image-1403\" src=\"https:\/\/www.gemologiaibgm.com.br\/escola\/wp-content\/uploads\/2011\/11\/botao_increva-se_escola.png\" width=\"147\" height=\"49\" \/><\/a><\/p>\n<p><img loading=\"lazy\" decoding=\"async\" class=\"alignnone wp-image-2080\" src=\"https:\/\/www.gemologiaibgm.com.br\/escola\/wp-content\/uploads\/2011\/11\/foto-site-curso-micro1-208x300.jpg\" alt=\"foto site curso micro1\" width=\"99\" height=\"143\" srcset=\"https:\/\/www.gemologiaibgm.com.br\/escola\/wp-content\/uploads\/2011\/11\/foto-site-curso-micro1-208x300.jpg 208w, https:\/\/www.gemologiaibgm.com.br\/escola\/wp-content\/uploads\/2011\/11\/foto-site-curso-micro1.jpg 505w\" sizes=\"auto, (max-width: 99px) 100vw, 99px\" \/><img loading=\"lazy\" decoding=\"async\" src=\"\/escola\/wp-content\/uploads\/2011\/12\/_d_improd_\/modulo3_imagem1_f_improf_551x152.jpg\" alt=\"\" width=\"551\" height=\"152\" data-mce-height=\"22\" data-mce-width=\"80\" \/><\/p>\n<h3>\u00a0\u00a0 <strong><span style=\"color: #ff6600;\">5 &#8211; Identifica\u00e7\u00e3o e Caracteriza\u00e7\u00e3o de Gemas Sint\u00e9ticas (Diamantes e Gemas de<\/span><\/strong><strong><span style=\"color: #ff6600;\">\u00a0 Cor) e Alguns Tratamentos <\/span><\/strong><\/h3>\n<p><strong>Data<\/strong>: 13 a 22 de maio de 2026<strong><br \/><\/strong><\/p>\n<p><strong>Hor\u00e1rio<\/strong>:\u00a0 08 aulas consecutivas &#8211; das 9h30 \u00e0s 12h30<br \/><strong>Carga hor\u00e1ria<\/strong>: 24h<br \/><strong>Conte\u00fado program\u00e1tico:<\/strong>\u00a0Identificar as gemas naturais das gemas sint\u00e9ticas,\u00a0suas inclus\u00f5es caracter\u00edsticas, m\u00e9todos de fabrica\u00e7\u00e3o de gemas sint\u00e9ticas e artificiais, propriedades f\u00edsicas e \u00f3pticas, identifica\u00e7\u00e3o e exames gemol\u00f3gicos, e os principais tratamentos aplicados as gemas naturais.<br \/><strong>Instrutores:<\/strong> <em>Daniel Berringer \/ Gracia Bai\u00e3o \/ Ana Piazza<\/em><br \/><strong>N\u00famero de alunos por turma:<\/strong> m\u00ednimo de 05 e m\u00e1ximo de 10<br \/><strong>Investimento (*): <\/strong><strong>associado R$ 3.100,00 \/ n\u00e3o associado R$ 3.500,00<\/strong><\/p>\n<p>(*) As import\u00e2ncias s\u00e3o cobradas a t\u00edtulo de doa\u00e7\u00e3o para o custeio da Escola de Gemologia.<\/p>\n<p><a title=\"Inscri\u00e7\u00e3o\" href=\"https:\/\/podio.com\/webforms\/16247835\/1091297 \" target=\"_blank\" rel=\"noopener\"><img loading=\"lazy\" decoding=\"async\" class=\"alignnone wp-image-1403\" src=\"https:\/\/www.gemologiaibgm.com.br\/escola\/wp-content\/uploads\/2011\/11\/botao_increva-se_escola.png\" width=\"147\" height=\"49\" \/><\/a><\/p>\n<p><img loading=\"lazy\" decoding=\"async\" class=\"alignnone wp-image-2080\" src=\"https:\/\/www.gemologiaibgm.com.br\/escola\/wp-content\/uploads\/2011\/11\/foto-site-curso-micro1-208x300.jpg\" alt=\"foto site curso micro1\" width=\"125\" height=\"180\" srcset=\"https:\/\/www.gemologiaibgm.com.br\/escola\/wp-content\/uploads\/2011\/11\/foto-site-curso-micro1-208x300.jpg 208w, https:\/\/www.gemologiaibgm.com.br\/escola\/wp-content\/uploads\/2011\/11\/foto-site-curso-micro1.jpg 505w\" sizes=\"auto, (max-width: 125px) 100vw, 125px\" \/>\u00a0 \u00a0 \u00a0<img loading=\"lazy\" decoding=\"async\" class=\"alignnone wp-image-2084\" src=\"https:\/\/www.gemologiaibgm.com.br\/escola\/wp-content\/uploads\/2011\/11\/foto-site-curso-sint4-218x300.jpg\" alt=\"foto site curso sint4\" width=\"131\" height=\"180\" srcset=\"https:\/\/www.gemologiaibgm.com.br\/escola\/wp-content\/uploads\/2011\/11\/foto-site-curso-sint4-218x300.jpg 218w, https:\/\/www.gemologiaibgm.com.br\/escola\/wp-content\/uploads\/2011\/11\/foto-site-curso-sint4.jpg 466w\" sizes=\"auto, (max-width: 131px) 100vw, 131px\" \/> <img loading=\"lazy\" decoding=\"async\" class=\"alignnone wp-image-2086 \" src=\"https:\/\/www.gemologiaibgm.com.br\/escola\/wp-content\/uploads\/2011\/11\/foto-site-curso-sint6-300x211.jpg\" width=\"165\" height=\"116\" srcset=\"https:\/\/www.gemologiaibgm.com.br\/escola\/wp-content\/uploads\/2011\/11\/foto-site-curso-sint6-300x211.jpg 300w, https:\/\/www.gemologiaibgm.com.br\/escola\/wp-content\/uploads\/2011\/11\/foto-site-curso-sint6-768x540.jpg 768w, https:\/\/www.gemologiaibgm.com.br\/escola\/wp-content\/uploads\/2011\/11\/foto-site-curso-sint6.jpg 963w\" sizes=\"auto, (max-width: 165px) 100vw, 165px\" \/>\u00a0 \u00a0 <img loading=\"lazy\" decoding=\"async\" class=\"alignnone wp-image-2085\" src=\"https:\/\/www.gemologiaibgm.com.br\/escola\/wp-content\/uploads\/2011\/11\/foto-site-curso-sint5-300x189.jpg\" alt=\"foto site curso sint5\" width=\"189\" height=\"119\" srcset=\"https:\/\/www.gemologiaibgm.com.br\/escola\/wp-content\/uploads\/2011\/11\/foto-site-curso-sint5-300x189.jpg 300w, https:\/\/www.gemologiaibgm.com.br\/escola\/wp-content\/uploads\/2011\/11\/foto-site-curso-sint5-768x484.jpg 768w, https:\/\/www.gemologiaibgm.com.br\/escola\/wp-content\/uploads\/2011\/11\/foto-site-curso-sint5-1024x645.jpg 1024w, https:\/\/www.gemologiaibgm.com.br\/escola\/wp-content\/uploads\/2011\/11\/foto-site-curso-sint5.jpg 1063w\" sizes=\"auto, (max-width: 189px) 100vw, 189px\" \/>\u00a0 \u00a0<img loading=\"lazy\" decoding=\"async\" class=\"alignnone wp-image-2081\" src=\"https:\/\/www.gemologiaibgm.com.br\/escola\/wp-content\/uploads\/2011\/11\/foto-site-curso-sint1-300x204.jpg\" alt=\"foto site curso sint1\" width=\"161\" height=\"110\" srcset=\"https:\/\/www.gemologiaibgm.com.br\/escola\/wp-content\/uploads\/2011\/11\/foto-site-curso-sint1-300x204.jpg 300w, https:\/\/www.gemologiaibgm.com.br\/escola\/wp-content\/uploads\/2011\/11\/foto-site-curso-sint1-768x523.jpg 768w, https:\/\/www.gemologiaibgm.com.br\/escola\/wp-content\/uploads\/2011\/11\/foto-site-curso-sint1.jpg 980w\" sizes=\"auto, (max-width: 161px) 100vw, 161px\" \/>\u00a0 \u00a0<img loading=\"lazy\" decoding=\"async\" class=\"alignnone wp-image-2083\" src=\"https:\/\/www.gemologiaibgm.com.br\/escola\/wp-content\/uploads\/2011\/11\/foto-site-curso-sint3-300x200.jpg\" alt=\"foto site curso sint3\" width=\"161\" height=\"107\" srcset=\"https:\/\/www.gemologiaibgm.com.br\/escola\/wp-content\/uploads\/2011\/11\/foto-site-curso-sint3-300x200.jpg 300w, https:\/\/www.gemologiaibgm.com.br\/escola\/wp-content\/uploads\/2011\/11\/foto-site-curso-sint3-768x513.jpg 768w, https:\/\/www.gemologiaibgm.com.br\/escola\/wp-content\/uploads\/2011\/11\/foto-site-curso-sint3.jpg 866w\" sizes=\"auto, (max-width: 161px) 100vw, 161px\" \/><\/p>\n<h3 style=\"font-weight: 400;\"><strong><span style=\"color: #ff6600;\">6 &#8211; Diamante Bruto <\/span><\/strong><strong><span style=\"color: #ff6600;\"><span style=\"color: #ff0000;\">*NOVO CURSO*<\/span><\/span><\/strong><\/h3>\n<p style=\"text-align: left;\"><strong>Data<\/strong>: 10 a 19 de junho de 2026<\/p>\n<p style=\"text-align: left;\"><strong>Hor\u00e1rio<\/strong>:\u00a0 07 aulas consecutivas &#8211; das 9h30 \u00e0s 12h30<br \/><strong>Carga hor\u00e1ria<\/strong>: 21h<br \/><strong>Conte\u00fado program\u00e1tico:<\/strong> <em>Forma\u00e7\u00e3o dos diamantes, tipos de jazidas e mercado de diamantes. <\/em><em>Padroniza\u00e7\u00e3o de crit\u00e9rios; identifica\u00e7\u00e3o, caracteriza\u00e7\u00e3o e avalia\u00e7\u00e3o dos diamantes brutos.\u00a0<\/em><br \/><strong>Instrutores:<\/strong> <em>Daniel Berringer<\/em>N\u00famero de alunos por turma:\u00a0m\u00ednimo de 05 e m\u00e1ximo de 10<br \/>Investimento: <strong>associado R$ 3.800,00 \/ n\u00e3o associado R$ 4.400,00<\/strong><\/p>\n<p><strong>\u00a0<\/strong><\/p>\n<p>(*) As import\u00e2ncias s\u00e3o cobradas a t\u00edtulo de doa\u00e7\u00e3o para o custeio da Escola de Gemologia.<\/p>\n<p>&nbsp;<\/p>\n<p><a title=\"Inscri\u00e7\u00e3o\" href=\"https:\/\/podio.com\/webforms\/16247835\/1091297\" target=\"_blank\" rel=\"noopener\" data-saferedirecturl=\"https:\/\/www.google.com\/url?q=https:\/\/podio.com\/webforms\/16247835\/1091297&amp;source=gmail&amp;ust=1746800373175000&amp;usg=AOvVaw3-WIyjTmTfluxscsaO1jDJ\"><img loading=\"lazy\" decoding=\"async\" class=\"CToWUd\" src=\"https:\/\/ci3.googleusercontent.com\/meips\/ADKq_NYZTeR357Zofd1VCGFcRWKcmV11qI7IeL0jSaWut6Nsjy7RvojdM9CwZql9bH3DynGs4Na6qqmcMgjWSJyp5S2F6sNTcGJj8Op2FmlHvVWfm01aZHRlMd7zRYTi-mlE3WONSYIB1pL8MhVgWOD76CAW8JvN=s0-d-e1-ft#https:\/\/www.gemologiaibgm.com.br\/escola\/wp-content\/uploads\/2011\/11\/botao_increva-se_escola.png\" width=\"147\" height=\"49\" data-bit=\"iit\" \/><\/a><\/p>\n<p><img loading=\"lazy\" decoding=\"async\" class=\"alignnone  wp-image-2381\" src=\"https:\/\/www.gemologiaibgm.com.br\/escola\/wp-content\/uploads\/2025\/05\/diamante-buto-300x250.png\" alt=\"\" width=\"133\" height=\"111\" srcset=\"https:\/\/www.gemologiaibgm.com.br\/escola\/wp-content\/uploads\/2025\/05\/diamante-buto-300x250.png 300w, https:\/\/www.gemologiaibgm.com.br\/escola\/wp-content\/uploads\/2025\/05\/diamante-buto.png 708w\" sizes=\"auto, (max-width: 133px) 100vw, 133px\" \/><img loading=\"lazy\" decoding=\"async\" class=\"alignnone  wp-image-2382\" src=\"https:\/\/www.gemologiaibgm.com.br\/escola\/wp-content\/uploads\/2025\/05\/diamante-verde-bruto-300x300.png\" alt=\"\" width=\"109\" height=\"109\" srcset=\"https:\/\/www.gemologiaibgm.com.br\/escola\/wp-content\/uploads\/2025\/05\/diamante-verde-bruto-300x300.png 300w, https:\/\/www.gemologiaibgm.com.br\/escola\/wp-content\/uploads\/2025\/05\/diamante-verde-bruto-150x150.png 150w, https:\/\/www.gemologiaibgm.com.br\/escola\/wp-content\/uploads\/2025\/05\/diamante-verde-bruto.png 736w\" sizes=\"auto, (max-width: 109px) 100vw, 109px\" \/><img loading=\"lazy\" decoding=\"async\" class=\"alignnone  wp-image-2383\" src=\"https:\/\/www.gemologiaibgm.com.br\/escola\/wp-content\/uploads\/2025\/05\/diamante-bruto-incolor-300x176.png\" alt=\"\" width=\"187\" height=\"109\" srcset=\"https:\/\/www.gemologiaibgm.com.br\/escola\/wp-content\/uploads\/2025\/05\/diamante-bruto-incolor-300x176.png 300w, https:\/\/www.gemologiaibgm.com.br\/escola\/wp-content\/uploads\/2025\/05\/diamante-bruto-incolor.png 492w\" sizes=\"auto, (max-width: 187px) 100vw, 187px\" \/><img loading=\"lazy\" decoding=\"async\" class=\"alignnone  wp-image-2385\" src=\"https:\/\/www.gemologiaibgm.com.br\/escola\/wp-content\/uploads\/2025\/05\/lab-grown-cvd-rough-diamond-left-lab-grown-hpht-rough-diamond-middle-natural-rough-diamond-right-hero-300x200.jpg\" alt=\"\" width=\"164\" height=\"109\" srcset=\"https:\/\/www.gemologiaibgm.com.br\/escola\/wp-content\/uploads\/2025\/05\/lab-grown-cvd-rough-diamond-left-lab-grown-hpht-rough-diamond-middle-natural-rough-diamond-right-hero-300x200.jpg 300w, https:\/\/www.gemologiaibgm.com.br\/escola\/wp-content\/uploads\/2025\/05\/lab-grown-cvd-rough-diamond-left-lab-grown-hpht-rough-diamond-middle-natural-rough-diamond-right-hero.jpg 750w\" sizes=\"auto, (max-width: 164px) 100vw, 164px\" \/>\u00a0 \u00a0 \u00a0 \u00a0 \u00a0 \u00a0 \u00a0 \u00a0 \u00a0<img loading=\"lazy\" decoding=\"async\" class=\"alignnone  wp-image-2384\" src=\"https:\/\/www.gemologiaibgm.com.br\/escola\/wp-content\/uploads\/2025\/05\/diamante-bruto-colorido1-300x163.png\" alt=\"\" width=\"179\" height=\"97\" srcset=\"https:\/\/www.gemologiaibgm.com.br\/escola\/wp-content\/uploads\/2025\/05\/diamante-bruto-colorido1-300x163.png 300w, https:\/\/www.gemologiaibgm.com.br\/escola\/wp-content\/uploads\/2025\/05\/diamante-bruto-colorido1-1024x556.png 1024w, https:\/\/www.gemologiaibgm.com.br\/escola\/wp-content\/uploads\/2025\/05\/diamante-bruto-colorido1-768x417.png 768w, https:\/\/www.gemologiaibgm.com.br\/escola\/wp-content\/uploads\/2025\/05\/diamante-bruto-colorido1.png 1318w\" sizes=\"auto, (max-width: 179px) 100vw, 179px\" \/> \u00a0\u00a0 \u00a0\u00a0\u00a0<\/p>\n\n\n<p><\/p>\n","protected":false},"excerpt":{"rendered":"<p>1 &#8211; Diamante Lapidado: Identifica\u00e7\u00e3o e Classifica\u00e7\u00e3o Data: 09 a 19 de mar\u00e7o de 2026Hor\u00e1rio: 09 aulas consecutivas &#8211; das 9h30 \u00e0s 12h30Carga hor\u00e1ria: 27hConte\u00fado program\u00e1tico: Classifica\u00e7\u00e3o dos 4 Cs (cor, pureza, lapida\u00e7\u00e3o e peso), formatos e lapida\u00e7\u00f5es atuais e antigas, propor\u00e7\u00f5es, n\u00edveis de pureza e cor, fluoresc\u00eancia, identifica\u00e7\u00e3o de diamantes e seus tratamentos. O [&hellip;]<\/p>\n","protected":false},"author":4,"featured_media":0,"parent":29,"menu_order":0,"comment_status":"closed","ping_status":"closed","template":"","meta":{"footnotes":""},"class_list":["post-313","page","type-page","status-publish","hentry"],"_links":{"self":[{"href":"https:\/\/www.gemologiaibgm.com.br\/escola\/wp-json\/wp\/v2\/pages\/313","targetHints":{"allow":["GET"]}}],"collection":[{"href":"https:\/\/www.gemologiaibgm.com.br\/escola\/wp-json\/wp\/v2\/pages"}],"about":[{"href":"https:\/\/www.gemologiaibgm.com.br\/escola\/wp-json\/wp\/v2\/types\/page"}],"author":[{"embeddable":true,"href":"https:\/\/www.gemologiaibgm.com.br\/escola\/wp-json\/wp\/v2\/users\/4"}],"replies":[{"embeddable":true,"href":"https:\/\/www.gemologiaibgm.com.br\/escola\/wp-json\/wp\/v2\/comments?post=313"}],"version-history":[{"count":228,"href":"https:\/\/www.gemologiaibgm.com.br\/escola\/wp-json\/wp\/v2\/pages\/313\/revisions"}],"predecessor-version":[{"id":2444,"href":"https:\/\/www.gemologiaibgm.com.br\/escola\/wp-json\/wp\/v2\/pages\/313\/revisions\/2444"}],"up":[{"embeddable":true,"href":"https:\/\/www.gemologiaibgm.com.br\/escola\/wp-json\/wp\/v2\/pages\/29"}],"wp:attachment":[{"href":"https:\/\/www.gemologiaibgm.com.br\/escola\/wp-json\/wp\/v2\/media?parent=313"}],"curies":[{"name":"wp","href":"https:\/\/api.w.org\/{rel}","templated":true}]}}