{"id":35,"date":"2011-11-25T18:20:34","date_gmt":"2011-11-25T18:20:34","guid":{"rendered":"http:\/\/gemologia.sindijoias.org\/escola\/?page_id=35"},"modified":"2024-02-02T10:49:56","modified_gmt":"2024-02-02T10:49:56","slug":"rol-dos-doadores-2","status":"publish","type":"page","link":"https:\/\/www.gemologiaibgm.com.br\/escola\/rol-dos-doadores-2","title":{"rendered":"Rol dos Doadores"},"content":{"rendered":"<p>Voc\u00ea tamb\u00e9m pode fazer parte desta hist\u00f3ria inscrevendo seu nome no ROL DE DOADORES da nossa Escola.<\/p>\n<p style=\"text-align: center;\"><img loading=\"lazy\" decoding=\"async\" class=\"aligncenter wp-image-270 \" title=\"escola011 copy\" src=\"https:\/\/www.gemologiaibgm.com.br\/escola\/wp-content\/uploads\/2011\/11\/escola011-copy1.jpg\" alt=\"\" width=\"684\" height=\"428\" srcset=\"https:\/\/www.gemologiaibgm.com.br\/escola\/wp-content\/uploads\/2011\/11\/escola011-copy1.jpg 654w, https:\/\/www.gemologiaibgm.com.br\/escola\/wp-content\/uploads\/2011\/11\/escola011-copy1-300x187.jpg 300w\" sizes=\"auto, (max-width: 684px) 100vw, 684px\" \/><\/p>\n<p>Com reconhecida import\u00e2ncia educacional, nossa Escola fortalece a base t\u00e9cnica do setor, impondo grande impacto no aprimoramento das transa\u00e7\u00f5es comerciais dentro do segmento de j\u00f3ias e gemas, atendendo tamb\u00e9m \u00e0 demanda de outros setores da sociedade, como: Peritos da Receita e Pol\u00edcia Federal, Avaliadores de j\u00f3ias da Caixa Econ\u00f4mica Federal, Ge\u00f3logos e outros apreciadores. Nossos sinceros agradecimentos \u00e0s empresas e pessoas que doaram gemas, instrumentos e recursos a nossa Escola:<\/p>\n<div style=\"text-align: left;\" align=\"center\"><strong><span style=\"font-size: 11.5pt; font-family: inherit;\">\u00a0 \u00a0 \u00a0 \u00a0 \u00a0 \u00a0\u00a0<\/span><\/strong><strong><span style=\"font-size: 11.5pt; font-family: inherit;\">PESSOAS F\u00cdSICAS<\/span><\/strong><\/div>\n<div style=\"text-align: left;\" align=\"center\">\n<ul>\n<li class=\"MsoNormal\"><span style=\"font-size: 11.5pt; font-family: inherit; mso-bidi-font-family: Arial;\">Carlo Giorgetti<\/span><\/li>\n<li class=\"MsoNormal\"><span style=\"font-size: 11.5pt; font-family: inherit; mso-bidi-font-family: Arial;\">Cristiane de Lacerda S. Guimar\u00e3es<\/span><\/li>\n<li class=\"MsoNormal\"><span style=\"font-size: 11.5pt; font-family: inherit; mso-bidi-font-family: Arial;\">Dalton Canelhas<\/span><\/li>\n<li class=\"MsoNormal\"><span style=\"font-size: 11.5pt; font-family: inherit; mso-bidi-font-family: Arial;\">Daniel Berringer<\/span><\/li>\n<li class=\"MsoNormal\"><span style=\"font-size: 11.5pt; font-family: inherit; mso-bidi-font-family: Arial;\">Jane Le\u00e3o Nogueira da Gama<\/span><\/li>\n<li class=\"MsoNormal\"><span style=\"font-size: 11.5pt; font-family: inherit; mso-bidi-font-family: Arial;\">J\u00falio Okubo<\/span><\/li>\n<li class=\"MsoNormal\"><span style=\"font-size: 11.5pt; font-family: inherit; mso-bidi-font-family: Arial;\">Luis Eduardo dos Santos<\/span><\/li>\n<li class=\"MsoNormal\"><span style=\"font-size: 11.5pt; font-family: inherit; mso-bidi-font-family: Arial;\">Marcelo Valadares<\/span><\/li>\n<li class=\"MsoNormal\"><span style=\"font-size: 11.5pt; font-family: inherit; mso-bidi-font-family: Arial;\">Maur\u00edcio Favacho<\/span><\/li>\n<li class=\"MsoNormal\"><span style=\"font-size: 11.5pt; font-family: inherit; mso-bidi-font-family: Arial;\">Nerces Vartanian<\/span><\/li>\n<li class=\"MsoNormal\"><span style=\"font-size: 11.5pt; font-family: inherit; mso-bidi-font-family: Arial;\">Nicolau Haralyi<\/span><\/li>\n<li><span class=\"Apple-style-span\" style=\"font-size: 15px;\">Rita Prossi<\/span><\/li>\n<li><span class=\"Apple-style-span\" style=\"font-size: 15px;\">Yung Ho Yang<\/span><\/li>\n<li><span class=\"Apple-style-span\" style=\"font-size: 15px;\">Gracia Bai\u00e3o<\/span><\/li>\n<li><span class=\"Apple-style-span\" style=\"font-size: 15px;\">Bruno Gioia<\/span><\/li>\n<\/ul>\n<\/div>\n<div style=\"text-align: left;\" align=\"center\">\n<p class=\"MsoNormal\"><strong><span style=\"font-size: 11.5pt; font-family: inherit;\">\u00a0 \u00a0 \u00a0 \u00a0 \u00a0 \u00a0<\/span><\/strong><\/p>\n<p class=\"MsoNormal\"><strong><span style=\"font-size: 11.5pt; font-family: inherit;\">\u00a0 \u00a0 \u00a0 \u00a0 \u00a0 \u00a0 \u00a0<\/span><\/strong><strong><span style=\"font-size: 11.5pt; font-family: inherit;\">EMPRESAS<\/span><\/strong><\/p>\n<ul style=\"margin-top: 0cm;\" type=\"disc\">\n<li class=\"MsoNormal\"><span style=\"font-size: 11.5pt; font-family: inherit; color: windowtext;\">Basel Ind\u00fastria e Com\u00e9rcio de J\u00f3ia Ltda<\/span><\/li>\n<li class=\"MsoNormal\"><span style=\"font-size: 11.5pt; font-family: inherit; color: windowtext;\">Biwa<\/span><\/li>\n<li class=\"MsoNormal\"><span style=\"font-size: 11.5pt; font-family: inherit; color: windowtext;\">Danielle Metais<\/span><\/li>\n<li class=\"MsoNormal\"><span style=\"font-size: 11.5pt; font-family: inherit; color: windowtext;\">Duarte &amp; Barros<\/span><\/li>\n<li class=\"MsoNormal\"><span style=\"font-size: 11.5pt; font-family: inherit; color: windowtext;\">Embrarad<\/span><\/li>\n<li class=\"MsoNormal\"><span style=\"font-size: 11.5pt; font-family: inherit; color: windowtext;\">Jen-Stone Lapid. e Com. de Pedras e Joias Ltda<\/span><\/li>\n<li class=\"MsoNormal\"><span style=\"font-size: 11.5pt; font-family: inherit; color: windowtext;\">JM Com. e Lapida\u00e7\u00e3o de Pedras Preciosas Ltda<\/span><\/li>\n<li class=\"MsoNormal\"><span style=\"font-size: 11.5pt; font-family: inherit; color: windowtext;\">M. C. Gemas<\/span><\/li>\n<li class=\"MsoNormal\"><span style=\"font-size: 11.5pt; font-family: inherit; color: windowtext;\">Milton Sayegh<\/span><\/li>\n<li class=\"MsoNormal\"><span style=\"font-size: 11.5pt; font-family: inherit; color: windowtext;\">MKR Gems<\/span><\/li>\n<li class=\"MsoNormal\"><span style=\"font-size: 11.5pt; font-family: inherit;\">Niva<\/span><\/li>\n<li class=\"MsoNormal\"><span style=\"font-size: 11.5pt; font-family: inherit;\">Refko<\/span><\/li>\n<li class=\"MsoNormal\"><span style=\"font-size: 11.5pt; font-family: inherit;\">Remy Com\u00e9rcio Ind\u00fastria Importa\u00e7\u00e3o Ltda<\/span><\/li>\n<li class=\"MsoNormal\"><span style=\"font-size: 11.5pt; font-family: inherit;\">Signity<\/span><\/li>\n<li class=\"MsoNormal\"><span style=\"font-size: 11.5pt; font-family: inherit; color: windowtext;\">Swarogem \/ Signity<\/span><\/li>\n<li class=\"MsoNormal\"><span style=\"font-size: 11.5pt; font-family: inherit;\">Vida Perpetua Com\u00e9rcio Exterior de Pedras Preciosas Ltda<\/span><\/li>\n<\/ul>\n<\/div>\n<p>&nbsp;<\/p>\n<h3 style=\"text-align: center;\"><span style=\"color: #ff6600;\">\u00daLTIMA DOA\u00c7\u00c3O<\/span><\/h3>\n<p>&nbsp;<\/p>\n<p style=\"text-align: justify;\">Recentemente a Escola de Gemologia Jos\u00e9 Bonif\u00e1cio de Andrada e Silva, recebeu a terceira doa\u00e7\u00e3o feita por Maur\u00edcio Favacho, gem\u00f3logo da CBE Embrarad. Foram 40 gemas lapidadas com um peso total acima de 3 mil quilates, al\u00e9m de 13 gemas em estado bruto com peso total de 280 gramas, todas tratadas pelo processo de irradia\u00e7\u00e3o gama.<\/p>\n<p style=\"text-align: justify;\">Parab\u00e9ns Maur\u00edcio! Foi contando com a contribui\u00e7\u00e3o de pessoas de vis\u00e3o como voc\u00ea \u00e9 que a nossa Escola se tornou uma realidade e passou a oferecer ao nosso setor forma\u00e7\u00e3o e qualifica\u00e7\u00e3o profissional.<\/p>\n","protected":false},"excerpt":{"rendered":"<p>Voc\u00ea tamb\u00e9m pode fazer parte desta hist\u00f3ria inscrevendo seu nome no ROL DE DOADORES da nossa Escola. Com reconhecida import\u00e2ncia educacional, nossa Escola fortalece a base t\u00e9cnica do setor, impondo grande impacto no aprimoramento das transa\u00e7\u00f5es comerciais dentro do segmento de j\u00f3ias e gemas, atendendo tamb\u00e9m \u00e0 demanda de outros setores da sociedade, como: Peritos [&hellip;]<\/p>\n","protected":false},"author":4,"featured_media":0,"parent":0,"menu_order":0,"comment_status":"closed","ping_status":"closed","template":"","meta":{"footnotes":""},"class_list":["post-35","page","type-page","status-publish","hentry"],"_links":{"self":[{"href":"https:\/\/www.gemologiaibgm.com.br\/escola\/wp-json\/wp\/v2\/pages\/35","targetHints":{"allow":["GET"]}}],"collection":[{"href":"https:\/\/www.gemologiaibgm.com.br\/escola\/wp-json\/wp\/v2\/pages"}],"about":[{"href":"https:\/\/www.gemologiaibgm.com.br\/escola\/wp-json\/wp\/v2\/types\/page"}],"author":[{"embeddable":true,"href":"https:\/\/www.gemologiaibgm.com.br\/escola\/wp-json\/wp\/v2\/users\/4"}],"replies":[{"embeddable":true,"href":"https:\/\/www.gemologiaibgm.com.br\/escola\/wp-json\/wp\/v2\/comments?post=35"}],"version-history":[{"count":8,"href":"https:\/\/www.gemologiaibgm.com.br\/escola\/wp-json\/wp\/v2\/pages\/35\/revisions"}],"predecessor-version":[{"id":2315,"href":"https:\/\/www.gemologiaibgm.com.br\/escola\/wp-json\/wp\/v2\/pages\/35\/revisions\/2315"}],"wp:attachment":[{"href":"https:\/\/www.gemologiaibgm.com.br\/escola\/wp-json\/wp\/v2\/media?parent=35"}],"curies":[{"name":"wp","href":"https:\/\/api.w.org\/{rel}","templated":true}]}}