{"id":10,"date":"2011-11-29T18:52:53","date_gmt":"2011-11-29T18:52:53","guid":{"rendered":"http:\/\/gemologia.sindijoias.org\/laboratorio\/?page_id=10"},"modified":"2019-06-04T18:12:13","modified_gmt":"2019-06-04T18:12:13","slug":"noticias","status":"publish","type":"page","link":"https:\/\/www.gemologiaibgm.com.br\/laboratorio\/noticias\/","title":{"rendered":"Not\u00edcias \/ Artigos \/ Tabelas"},"content":{"rendered":"<h3><span style=\"color: #ff6600;\">NOT\u00cdCIAS<\/span><\/h3>\n<h3><span style=\"color: #ff6600;\">\u00a0<\/span><\/h3>\n<ul>\n<li>\n<h3><span style=\"color: #ff6600;\"><a style=\"color: #ff6600;\" title=\"IBGM e POL\u00cdCIA FEDERAL\" href=\"https:\/\/www.gemologiaibgm.com.br\/laboratorio\/comercio-etico-e-responsavel-em-diamantes-pedras-de-cor-perolas-e-corais-a-fazer-a-evitar\/\" target=\"_blank\">Com\u00e9rcio \u00e9tico e respons\u00e1vel em diamantes, pedras de cor, p\u00e9rolas e corais &#8211; A evitar a fazer<\/a><\/span><\/h3>\n<\/li>\n<li>\n<h3><span style=\"color: #ff6600;\"><a style=\"color: #ff6600;\" title=\"IBGM e POL\u00cdCIA FEDERAL\" href=\"https:\/\/us10.campaign-archive.com\/?e=&amp;u=e01cdd3ae0e55afe3247867d0&amp;id=090e216f9e\" target=\"_blank\">Documento de Classifica\u00e7\u00e3o e Parecer Gemol\u00f3gico do Laborat\u00f3rio Dr. Rui Ribeiro Franco &#8211; IBGM foram falsificados<\/a><\/span><\/h3>\n<\/li>\n<li>\n<h3><span style=\"color: #ff6600;\"><a title=\"IBGM e POL\u00cdCIA FEDERAL\" href=\"https:\/\/www.gemologiaibgm.com.br\/laboratorio\/noticias\/evento-da-inicio-a-cooperacao-entre-o-ibgm-e-a-policia-federal\" target=\"_blank\"><span style=\"color: #ff6600;\">Evento d\u00e1 inicio a coopera\u00e7\u00e3o entre o IBGM e a POL\u00cdCIA FEDERAL<\/span><\/a><\/span><\/h3>\n<\/li>\n<li>\n<h3><span style=\"color: #ff6600;\"><a title=\"Brilho Infinito\" href=\"https:\/\/www.gemologiaibgm.com.br\/laboratorio\/noticias\/laboratorio-gemologico-da-rede-ibgm-certifica-diamantes-brilho-infinito\" target=\"_blank\"><span style=\"color: #ff6600;\">Laborat\u00f3rio Gemol\u00f3gico da Rede IBGM certifica diamantes Brilho Infinito<\/span><\/a><\/span><\/h3>\n<\/li>\n<li>\n<h3><span style=\"color: #ff6600;\"><a title=\"Encontro de Gem\u00f3logos\" href=\"https:\/\/www.gemologiaibgm.com.br\/laboratorio\/noticias\/encontro-de-gemologos-no-ibgm\" target=\"_blank\"><span style=\"color: #ff6600;\">Encontro de Gem\u00f3logos no IBGM<\/span><\/a><\/span><\/h3>\n<\/li>\n<li>\n<h3><span style=\"color: #ff6600;\"><a title=\"Coroa Imperial\" href=\"https:\/\/www.gemologiaibgm.com.br\/laboratorio\/noticias\/gemologa-do-ibgm-comprova-autenticidade-da-coroa-imperial\"><span style=\"color: #ff6600;\">Gem\u00f3loga do IBGM comprova autenticidade da Coroa Imperial<\/span><\/a><\/span><\/h3>\n<\/li>\n<li>\n<h3><span style=\"color: #ff6600;\"><a title=\"Dr. Rui\" href=\"https:\/\/www.gemologiaibgm.com.br\/laboratorio\/noticias\/dr-rui\" target=\"_blank\"><span style=\"color: #ff6600;\">O Setor homenageia e se despede do Dr. Rui Ribeiro Franco<\/span><\/a><\/span><\/h3>\n<\/li>\n<li>\n<h3><span style=\"color: #ff6600;\"><a title=\"Caixa Econ\u00f4mica Federal\" href=\"https:\/\/www.gemologiaibgm.com.br\/laboratorio\/noticias\/escola-de-gemologia-do-sindijoiasibgm-realiza-curso-para-avaliadores-da-caixa-economica-federal\" target=\"_blank\"><span style=\"color: #ff6600;\">Escola de Gemologia do SINDIJ\u00d3IAS\/IBGM realiza curso para avaliadores da Caixa Econ\u00f4mica Federal<\/span><\/a><\/span><\/h3>\n<\/li>\n<\/ul>\n<h3><\/h3>\n<p>&nbsp;<\/p>\n<h3><span style=\"color: #ff6600;\">ARTIGOS<\/span><\/h3>\n<h3><span style=\"color: #ff6600;\"><strong><br \/>\n<\/strong><\/span><\/h3>\n<h3 style=\"padding-left: 30px;\"><span style=\"color: #ff6600;\">\u2022 <a style=\"color: #ff6600;\" title=\"A Import\u00e2ncia de um Laudo\" href=\"https:\/\/www.gemologiaibgm.com.br\/laboratorio\/alguns-tratamentos-aplicados-nas-gemas\/\" target=\"_blank\">Alguns tratamentos aplicados nas gemas<\/a><\/span><\/h3>\n<h3 style=\"padding-left: 30px;\"><span style=\"color: #ff6600;\">\u2022\u00a0<a style=\"color: #ff6600;\" title=\"A Import\u00e2ncia de um Laudo\" href=\"https:\/\/www.gemologiaibgm.com.br\/laboratorio\/a-importancia-de-um-laudo\" target=\"_blank\">A import\u00e2ncia de um laudo<\/a><\/span><\/h3>\n<h3 style=\"padding-left: 30px;\"><span style=\"color: #ff6600;\">\u2022\u00a0<a title=\"Diamantes Padr\u00e3o\" href=\"https:\/\/www.gemologiaibgm.com.br\/laboratorio\/425-2\" target=\"_blank\"><span style=\"color: #ff6600;\">Conjunto de diamantes padr\u00e3o<\/span><\/a><\/span><\/h3>\n<h3 style=\"padding-left: 30px;\"><span style=\"color: #ff6600;\">\u2022\u00a0<a title=\"Homologa\u00e7\u00e3o dos Diamantes Padr\u00e3o\" href=\"https:\/\/www.gemologiaibgm.com.br\/laboratorio\/a-importancia-da-homologacao-do-conjunto-de-diamantes-padrao\" target=\"_blank\"><span style=\"color: #ff6600;\">A import\u00e2ncia da homologa\u00e7\u00e3o do conjunto de diamantes padr\u00e3o<\/span><\/a><\/span><\/h3>\n<h3 style=\"padding-left: 30px;\"><span style=\"color: #ff6600;\">\u2022\u00a0<a href=\"https:\/\/www.gemologiaibgm.com.br\/laboratorio\/wp-content\/uploads\/2011\/12\/Perolas-a-rainha-das-gemas1.pdf\" target=\"_blank\"><span style=\"color: #ff6600;\">Perolas &#8211; a rainha das gemas<\/span><\/a><\/span><\/h3>\n<h3 style=\"padding-left: 30px;\"><span style=\"color: #ff6600;\">\u2022\u00a0<a href=\"https:\/\/www.gemologiaibgm.com.br\/laboratorio\/wp-content\/uploads\/2011\/11\/noticia_blood.pdf\"><span style=\"color: #ff6600;\">Blood Diamond<\/span><\/a><\/span><\/h3>\n<h3 style=\"padding-left: 30px;\"><span style=\"color: #ff6600;\">\u2022<a title=\"\u201cDiamantes\u201d: uma atividade preciosa\" href=\"https:\/\/www.gemologiaibgm.com.br\/laboratorio\/diamantes-uma-atividade-preciosa\" target=\"_blank\"><span style=\"color: #ff6600;\">\u00a0&#8220;Diamantes&#8221; &#8211; uma atividade preciosa<\/span><\/a><\/span><\/h3>\n<h3 style=\"padding-left: 30px;\"><span style=\"color: #ff6600;\">\u00a0<\/span><\/h3>\n<h3><span style=\"color: #ff6600;\">TABELAS<\/span><\/h3>\n<p>&nbsp;<\/p>\n<h3><span style=\"color: #ff6600;\">Tabela de gemas comemorativas das bodas ganha nova configura\u00e7\u00e3o<\/span><\/h3>\n<p style=\"text-align: justify;\">A \u00e1rea de Gemologia do IBGM &#8211; apoiando a iniciativa da joalheria Ewiglich, de Petr\u00f3polis (RJ) &#8211; fez a revis\u00e3o t\u00e9cnica da nova tabela de gemas e metais comemorativos das bodas.<\/p>\n<p style=\"text-align: justify;\">Esta nova conven\u00e7\u00e3o sobre bodas e minerais que a simbolizam teve a tabela de bodas tradicional como ponto de partida, tendo sido conclu\u00edda somente ap\u00f3s anos de estudos e pesquisas.<\/p>\n<p style=\"text-align: justify;\">O IBGM e a Ajesp parabenizam a Ewiglich e a designer Krica Braun pela iniciativa deste dedicado e minucioso trabalho. Esta nova tabela certamente ir\u00e1 fortalecer o mercado para as gemas coradas brasileiras.<\/p>\n<p>Confira:<\/p>\n<p style=\"text-align: center;\"><span style=\"color: #ff6600;\"><a href=\"https:\/\/www.gemologiaibgm.com.br\/laboratorio\/wp-content\/uploads\/2011\/12\/tabelaDeBordas.zip\"><span style=\"color: #ff6600;\">Clique aqui para baixar a tabela<\/span><\/a><\/span><\/p>\n<p style=\"text-align: center;\"><a href=\"https:\/\/www.gemologiaibgm.com.br\/laboratorio\/wp-content\/uploads\/2011\/11\/tabelaDeBordas.jpg\"><img loading=\"lazy\" decoding=\"async\" class=\"alignnone size-full wp-image-280\" title=\"tabelaDeBordas\" src=\"https:\/\/www.gemologiaibgm.com.br\/laboratorio\/wp-content\/uploads\/2011\/11\/tabelaDeBordas.jpg\" alt=\"\" width=\"484\" height=\"535\" \/><\/a><\/p>\n<h3 style=\"text-align: center;\"><span style=\"color: #ff6600;\">Tabela de Classifica\u00e7\u00e3o de Diamantes<\/span><\/h3>\n<p style=\"text-align: center;\"><span style=\"color: #ff6600;\"><a href=\"https:\/\/www.gemologiaibgm.com.br\/laboratorio\/wp-content\/uploads\/2011\/12\/tabelaClassDiamantes_f_improf_488x688.zip\"><span style=\"color: #ff6600;\">Clique aqui para baixar a tabela<\/span><\/a><\/span><\/p>\n<p style=\"text-align: center;\"><a href=\"https:\/\/www.gemologiaibgm.com.br\/laboratorio\/wp-content\/uploads\/2011\/11\/_d_improd_\/tabelaClassDiamantes_f_improf_488x688.jpg\"><img loading=\"lazy\" decoding=\"async\" class=\"alignnone size-full wp-image-283\" title=\"tabelaClassDiamantes\" src=\"\/laboratorio\/wp-content\/uploads\/2011\/11\/_d_improd_\/tabelaClassDiamantes_f_improf_488x688.jpg\" alt=\"\" width=\"488\" height=\"688\" \/><\/a><\/p>\n","protected":false},"excerpt":{"rendered":"<p>NOT\u00cdCIAS \u00a0 Com\u00e9rcio \u00e9tico e respons\u00e1vel em diamantes, pedras de cor, p\u00e9rolas e corais &#8211; A evitar a fazer Documento de Classifica\u00e7\u00e3o e Parecer Gemol\u00f3gico do Laborat\u00f3rio Dr. Rui Ribeiro Franco &#8211; IBGM foram falsificados Evento d\u00e1 inicio a coopera\u00e7\u00e3o entre o IBGM e a POL\u00cdCIA FEDERAL Laborat\u00f3rio Gemol\u00f3gico da Rede IBGM certifica diamantes Brilho [&hellip;]<\/p>\n","protected":false},"author":5,"featured_media":0,"parent":0,"menu_order":0,"comment_status":"closed","ping_status":"closed","template":"","meta":{"footnotes":""},"class_list":["post-10","page","type-page","status-publish","hentry"],"_links":{"self":[{"href":"https:\/\/www.gemologiaibgm.com.br\/laboratorio\/wp-json\/wp\/v2\/pages\/10","targetHints":{"allow":["GET"]}}],"collection":[{"href":"https:\/\/www.gemologiaibgm.com.br\/laboratorio\/wp-json\/wp\/v2\/pages"}],"about":[{"href":"https:\/\/www.gemologiaibgm.com.br\/laboratorio\/wp-json\/wp\/v2\/types\/page"}],"author":[{"embeddable":true,"href":"https:\/\/www.gemologiaibgm.com.br\/laboratorio\/wp-json\/wp\/v2\/users\/5"}],"replies":[{"embeddable":true,"href":"https:\/\/www.gemologiaibgm.com.br\/laboratorio\/wp-json\/wp\/v2\/comments?post=10"}],"version-history":[{"count":9,"href":"https:\/\/www.gemologiaibgm.com.br\/laboratorio\/wp-json\/wp\/v2\/pages\/10\/revisions"}],"predecessor-version":[{"id":39557,"href":"https:\/\/www.gemologiaibgm.com.br\/laboratorio\/wp-json\/wp\/v2\/pages\/10\/revisions\/39557"}],"wp:attachment":[{"href":"https:\/\/www.gemologiaibgm.com.br\/laboratorio\/wp-json\/wp\/v2\/media?parent=10"}],"curies":[{"name":"wp","href":"https:\/\/api.w.org\/{rel}","templated":true}]}}