{"id":12063,"date":"2015-01-05T09:57:46","date_gmt":"2015-01-05T09:57:46","guid":{"rendered":"http:\/\/www.gemologiaibgm.com.br\/laboratorio\/?page_id=12063"},"modified":"2020-02-19T14:20:15","modified_gmt":"2020-02-19T14:20:15","slug":"certificado-de-identificacao-e-parecer-gemologico-turmalina-paraiba-solta","status":"publish","type":"page","link":"https:\/\/www.gemologiaibgm.com.br\/laboratorio\/certificado-de-identificacao-e-parecer-gemologico-turmalina-paraiba-solta\/","title":{"rendered":"Documento de Identifica\u00e7\u00e3o e Parecer Gemol\u00f3gico &#8211; Turmalina Para\u00edba"},"content":{"rendered":"<p>O Documento de Identifica\u00e7\u00e3o \u00e9 emitido para uma gema lapidada(*), e o Parecer Gemol\u00f3gico para gemas montadas em joias. Exames s\u00e3o executados para verificar a identidade e a presen\u00e7a de tratamentos.<\/p>\n<p>Para conhecer a anatomia do documento clique:\u00a0<span style=\"color: #ff6600;\"><code>\u00a0<a href=\"https:\/\/www.gemologiaibgm.com.br\/laboratorio\/wp-content\/uploads\/2017\/01\/doc-ident-Turmalina-Paraiba.jpg\"><span style=\"color: #ff6600;\">Documento\u00a0de Identifica\u00e7\u00e3o e Parecer Gemol\u00f3gico - Turmalina Para\u00edba<\/span><\/a><\/code><\/span><\/p>\n<p><a href=\"https:\/\/www.gemologiaibgm.com.br\/laboratorio\/wp-content\/uploads\/2017\/01\/doc-ident-Turmalina-Paraiba.jpg\"><img loading=\"lazy\" decoding=\"async\" class=\"alignnone wp-image-25834 size-medium\" src=\"https:\/\/www.gemologiaibgm.com.br\/laboratorio\/wp-content\/uploads\/2017\/01\/doc-ident-Turmalina-Paraiba-300x216.jpg\" width=\"300\" height=\"216\" srcset=\"https:\/\/www.gemologiaibgm.com.br\/laboratorio\/wp-content\/uploads\/2017\/01\/doc-ident-Turmalina-Paraiba-300x216.jpg 300w, https:\/\/www.gemologiaibgm.com.br\/laboratorio\/wp-content\/uploads\/2017\/01\/doc-ident-Turmalina-Paraiba-768x554.jpg 768w, https:\/\/www.gemologiaibgm.com.br\/laboratorio\/wp-content\/uploads\/2017\/01\/doc-ident-Turmalina-Paraiba-1024x738.jpg 1024w, https:\/\/www.gemologiaibgm.com.br\/laboratorio\/wp-content\/uploads\/2017\/01\/doc-ident-Turmalina-Paraiba.jpg 1554w\" sizes=\"auto, (max-width: 300px) 100vw, 300px\" \/><\/a><\/p>\n<h6><span style=\"color: #ff6600;\">clique nas imagens para ampliar<\/span><\/h6>\n<p>&nbsp;<\/p>\n<p>Esse servi\u00e7o \u00e9 executado com hora marcada. As empresas associadas ao\u00a0<span style=\"color: #ff6600;\"><a style=\"color: #ff3300;\" href=\"https:\/\/www.ibgm.com.br\/\" target=\"_blank\">IBGM<\/a><\/span>\u00a0e os associados \u00e0s entidades de classe filiadas ao IBGM usufruem de descontos e prioridade no agendamento de hor\u00e1rio.<\/p>\n<p>Para marcar um hor\u00e1rio ou obter informa\u00e7\u00e3o sobre o custo deste servi\u00e7o fale com Eliana pelo telefone 11- 3016-5850.<\/p>\n<p>(*) A gema submetida para emiss\u00e3o do Documento de Identifica\u00e7\u00e3o deve obrigatoriamente ser apresentada livre de qualquer montagem.<\/p>\n<p>N\u00e3o emitimos Documento\u00a0para determina\u00e7\u00e3o de pa\u00eds de origem da gema. No caso de n\u00e3o ser poss\u00edvel chegar a uma conclus\u00e3o, n\u00e3o ser\u00e1 emitido Documento e\u00a0n\u00e3o haver\u00e1 qualquer despesa para o interessado.<\/p>\n<p>&nbsp;<\/p>\n","protected":false},"excerpt":{"rendered":"<p>O Documento de Identifica\u00e7\u00e3o \u00e9 emitido para uma gema lapidada(*), e o Parecer Gemol\u00f3gico para gemas montadas em joias. Exames s\u00e3o executados para verificar a identidade e a presen\u00e7a de tratamentos. Para conhecer a anatomia do documento clique:\u00a0\u00a0Documento\u00a0de Identifica\u00e7\u00e3o e Parecer Gemol\u00f3gico &#8211; Turmalina Para\u00edba clique nas imagens para ampliar &nbsp; Esse servi\u00e7o \u00e9 executado [&hellip;]<\/p>\n","protected":false},"author":7,"featured_media":0,"parent":0,"menu_order":0,"comment_status":"closed","ping_status":"open","template":"","meta":{"footnotes":""},"class_list":["post-12063","page","type-page","status-publish","hentry"],"_links":{"self":[{"href":"https:\/\/www.gemologiaibgm.com.br\/laboratorio\/wp-json\/wp\/v2\/pages\/12063","targetHints":{"allow":["GET"]}}],"collection":[{"href":"https:\/\/www.gemologiaibgm.com.br\/laboratorio\/wp-json\/wp\/v2\/pages"}],"about":[{"href":"https:\/\/www.gemologiaibgm.com.br\/laboratorio\/wp-json\/wp\/v2\/types\/page"}],"author":[{"embeddable":true,"href":"https:\/\/www.gemologiaibgm.com.br\/laboratorio\/wp-json\/wp\/v2\/users\/7"}],"replies":[{"embeddable":true,"href":"https:\/\/www.gemologiaibgm.com.br\/laboratorio\/wp-json\/wp\/v2\/comments?post=12063"}],"version-history":[{"count":15,"href":"https:\/\/www.gemologiaibgm.com.br\/laboratorio\/wp-json\/wp\/v2\/pages\/12063\/revisions"}],"predecessor-version":[{"id":43849,"href":"https:\/\/www.gemologiaibgm.com.br\/laboratorio\/wp-json\/wp\/v2\/pages\/12063\/revisions\/43849"}],"wp:attachment":[{"href":"https:\/\/www.gemologiaibgm.com.br\/laboratorio\/wp-json\/wp\/v2\/media?parent=12063"}],"curies":[{"name":"wp","href":"https:\/\/api.w.org\/{rel}","templated":true}]}}