{"id":1291,"date":"2011-11-29T18:53:06","date_gmt":"2011-11-29T18:53:06","guid":{"rendered":"http:\/\/gemologia.sindijoias.org\/laboratorio\/?page_id=12"},"modified":"2014-05-13T14:50:49","modified_gmt":"2014-05-13T14:50:49","slug":"publicacoes","status":"publish","type":"page","link":"https:\/\/www.gemologiaibgm.com.br\/laboratorio\/publicacoes\/","title":{"rendered":"Publica\u00e7\u00f5es"},"content":{"rendered":"<p style=\"padding-left: 30px;\"><img loading=\"lazy\" decoding=\"async\" class=\"alignright wp-image-599 size-medium\" title=\"capas\" src=\"https:\/\/www.gemologiaibgm.com.br\/laboratorio\/wp-content\/uploads\/2011\/11\/capas11-203x300.jpg\" alt=\"\" width=\"203\" height=\"300\" srcset=\"https:\/\/www.gemologiaibgm.com.br\/laboratorio\/wp-content\/uploads\/2011\/11\/capas11-203x300.jpg 203w, https:\/\/www.gemologiaibgm.com.br\/laboratorio\/wp-content\/uploads\/2011\/11\/capas11-695x1024.jpg 695w, https:\/\/www.gemologiaibgm.com.br\/laboratorio\/wp-content\/uploads\/2011\/11\/capas11.jpg 1510w\" sizes=\"auto, (max-width: 203px) 100vw, 203px\" \/><\/p>\n<ul>\n<li>\n<h3><a style=\"text-align: center;\" href=\"https:\/\/www.gemologiaibgm.com.br\/laboratorio\/wp-content\/uploads\/2011\/11\/MTG20091.pdf\" target=\"_blank\"><span style=\"color: #ff6600;\">Manual T\u00e9cnico de Gemas 2009<\/span><\/a><\/h3>\n<\/li>\n<li>\n<h3><span style=\"color: #ff6600;\"><a href=\"https:\/\/www.gemologiaibgm.com.br\/laboratorio\/wp-content\/uploads\/2011\/11\/mtg_20051.pdf\" target=\"_blank\"><span style=\"color: #ff6600;\">Manual T\u00e9cnico de Gemas 2005<\/span><\/a><\/span><\/h3>\n<\/li>\n<li>\n<h3><span style=\"color: #ff6600;\"><a href=\"https:\/\/www.gemologiaibgm.com.br\/laboratorio\/wp-content\/uploads\/2011\/11\/BRP20091.pdf\" target=\"_blank\"><span style=\"color: #ff6600;\">Boletim Referencial de Pre\u00e7os 2009<\/span><\/a><\/span><\/h3>\n<\/li>\n<li>\n<h3><span style=\"color: #ff6600;\"><a href=\"https:\/\/www.gemologiaibgm.com.br\/laboratorio\/wp-content\/uploads\/2011\/11\/brp_20051.pdf\" target=\"_blank\"><span style=\"color: #ff6600;\">Boletim Referencial de Pre\u00e7os 2005<\/span><\/a><\/span><\/h3>\n<\/li>\n<li>\n<h3><span style=\"color: #ff6600;\"><a href=\"https:\/\/www.gemologiaibgm.com.br\/laboratorio\/wp-content\/uploads\/2011\/11\/livro_azul1.pdf\" target=\"_blank\"><span style=\"color: #ff6600;\">Blue Book: o livro da gema corada\u00a0<\/span><\/a><\/span><\/h3>\n<\/li>\n<\/ul>\n<h3 style=\"padding-left: 60px;\"><\/h3>\n","protected":false},"excerpt":{"rendered":"<p>Manual T\u00e9cnico de Gemas 2009 Manual T\u00e9cnico de Gemas 2005 Boletim Referencial de Pre\u00e7os 2009 Boletim Referencial de Pre\u00e7os 2005 Blue Book: o livro da gema corada\u00a0<\/p>\n","protected":false},"author":5,"featured_media":0,"parent":0,"menu_order":0,"comment_status":"closed","ping_status":"closed","template":"","meta":{"footnotes":""},"class_list":["post-1291","page","type-page","status-publish","hentry"],"_links":{"self":[{"href":"https:\/\/www.gemologiaibgm.com.br\/laboratorio\/wp-json\/wp\/v2\/pages\/1291","targetHints":{"allow":["GET"]}}],"collection":[{"href":"https:\/\/www.gemologiaibgm.com.br\/laboratorio\/wp-json\/wp\/v2\/pages"}],"about":[{"href":"https:\/\/www.gemologiaibgm.com.br\/laboratorio\/wp-json\/wp\/v2\/types\/page"}],"author":[{"embeddable":true,"href":"https:\/\/www.gemologiaibgm.com.br\/laboratorio\/wp-json\/wp\/v2\/users\/5"}],"replies":[{"embeddable":true,"href":"https:\/\/www.gemologiaibgm.com.br\/laboratorio\/wp-json\/wp\/v2\/comments?post=1291"}],"version-history":[{"count":0,"href":"https:\/\/www.gemologiaibgm.com.br\/laboratorio\/wp-json\/wp\/v2\/pages\/1291\/revisions"}],"wp:attachment":[{"href":"https:\/\/www.gemologiaibgm.com.br\/laboratorio\/wp-json\/wp\/v2\/media?parent=1291"}],"curies":[{"name":"wp","href":"https:\/\/api.w.org\/{rel}","templated":true}]}}