{"id":1397,"date":"2012-12-03T11:22:37","date_gmt":"2012-12-03T11:22:37","guid":{"rendered":"http:\/\/gemologia.sindijoias.org\/laboratorio\/?page_id=1397"},"modified":"2016-07-12T19:01:15","modified_gmt":"2016-07-12T19:01:15","slug":"dicas-e-regulamento","status":"publish","type":"page","link":"https:\/\/www.gemologiaibgm.com.br\/laboratorio\/dicas-e-regulamento\/","title":{"rendered":"Dicas"},"content":{"rendered":"<h6 style=\"text-align: center;\" align=\"center\"><span style=\"color: #ff6600;\"><strong>10 DICAS IMPORTANTES PARA ATENDIMENTO NO <\/strong><\/span><\/h6>\n<h6 align=\"center\"><span style=\"color: #ff6600;\"><strong>LABORAT\u00d3RIO GEMOL\u00d3GICO DR. RUI RIBEIRO FRANCO<\/strong><\/span><\/h6>\n<p>&nbsp;<\/p>\n<p><strong>ACONSELHAMOS A:<\/strong><\/p>\n<ol>\n<li>Marcar hor\u00e1rio, n\u00e3o atendemos sem agendamento pr\u00e9vio;<\/li>\n<li>Caso ainda n\u00e3o tenha assinado o Regulamento do Laborat\u00f3rio, chegue 15 minutos antes do hor\u00e1rio agendado;<\/li>\n<li>Tomar conhecimento de nossa localiza\u00e7\u00e3o, op\u00e7\u00f5es de transporte e estacionamento \u00a0evitando atrasos; <a href=\"https:\/\/www.gemologiaibgm.com.br\/laboratorio\/contato\/\">Clique aqui para ver nossa localiza\u00e7\u00e3o .<\/a><\/li>\n<li>Ser pontual com o hor\u00e1rio. O agendamento \u00e9 feito para a seguran\u00e7a e comodidade do cliente e ap\u00f3s o per\u00edodo de toler\u00e2ncia nos reservamos o direito de negar atendimento;<\/li>\n<li>Trazer somente os itens que forem ser examinados, evitando o transito desnecess\u00e1rio de valores;<\/li>\n<li>Evitar trazer pe\u00e7as de valor dentro da bolsa de m\u00e3o ou em caixas e pacotes que fa\u00e7am volume;<\/li>\n<li>N\u00e3o \u00e9 aconselh\u00e1vel acondicionar suas pe\u00e7as em um mesmo saco, deve-se evitar que as pe\u00e7as arranhem umas as outras;<\/li>\n<li>Evitar coment\u00e1rios com terceiros previamente ao seu agendamento;<\/li>\n<li>Trazer as pe\u00e7as que ser\u00e3o fotografadas em bom estado de limpeza e manuten\u00e7\u00e3o. As fotografias s\u00e3o tiradas com lente macro expondo qualquer imperfei\u00e7\u00e3o;<\/li>\n<li>Se certificar que pares de gemas que ser\u00e3o documentados combinam. N\u00e3o cabe ao laborat\u00f3rio esta tarefa.<\/li>\n<\/ol>\n","protected":false},"excerpt":{"rendered":"<p>10 DICAS IMPORTANTES PARA ATENDIMENTO NO LABORAT\u00d3RIO GEMOL\u00d3GICO DR. RUI RIBEIRO FRANCO &nbsp; ACONSELHAMOS A: Marcar hor\u00e1rio, n\u00e3o atendemos sem agendamento pr\u00e9vio; Caso ainda n\u00e3o tenha assinado o Regulamento do Laborat\u00f3rio, chegue 15 minutos antes do hor\u00e1rio agendado; Tomar conhecimento de nossa localiza\u00e7\u00e3o, op\u00e7\u00f5es de transporte e estacionamento \u00a0evitando atrasos; Clique aqui para ver nossa [&hellip;]<\/p>\n","protected":false},"author":5,"featured_media":0,"parent":0,"menu_order":0,"comment_status":"open","ping_status":"open","template":"","meta":{"footnotes":""},"class_list":["post-1397","page","type-page","status-publish","hentry"],"_links":{"self":[{"href":"https:\/\/www.gemologiaibgm.com.br\/laboratorio\/wp-json\/wp\/v2\/pages\/1397","targetHints":{"allow":["GET"]}}],"collection":[{"href":"https:\/\/www.gemologiaibgm.com.br\/laboratorio\/wp-json\/wp\/v2\/pages"}],"about":[{"href":"https:\/\/www.gemologiaibgm.com.br\/laboratorio\/wp-json\/wp\/v2\/types\/page"}],"author":[{"embeddable":true,"href":"https:\/\/www.gemologiaibgm.com.br\/laboratorio\/wp-json\/wp\/v2\/users\/5"}],"replies":[{"embeddable":true,"href":"https:\/\/www.gemologiaibgm.com.br\/laboratorio\/wp-json\/wp\/v2\/comments?post=1397"}],"version-history":[{"count":2,"href":"https:\/\/www.gemologiaibgm.com.br\/laboratorio\/wp-json\/wp\/v2\/pages\/1397\/revisions"}],"predecessor-version":[{"id":22777,"href":"https:\/\/www.gemologiaibgm.com.br\/laboratorio\/wp-json\/wp\/v2\/pages\/1397\/revisions\/22777"}],"wp:attachment":[{"href":"https:\/\/www.gemologiaibgm.com.br\/laboratorio\/wp-json\/wp\/v2\/media?parent=1397"}],"curies":[{"name":"wp","href":"https:\/\/api.w.org\/{rel}","templated":true}]}}