{"id":16,"date":"2011-11-29T18:53:35","date_gmt":"2011-11-29T18:53:35","guid":{"rendered":"http:\/\/gemologia.sindijoias.org\/laboratorio\/?page_id=16"},"modified":"2025-03-12T10:09:53","modified_gmt":"2025-03-12T10:09:53","slug":"tarifas","status":"publish","type":"page","link":"https:\/\/www.gemologiaibgm.com.br\/laboratorio\/servicos-gemologicos\/tarifas\/","title":{"rendered":"Tarifas"},"content":{"rendered":"<p>As import\u00e2ncias s\u00e3o cobradas a t\u00edtulo de doa\u00e7\u00e3o para o custeio do Laborat\u00f3rio Gemol\u00f3gico<br \/>\nClique no t\u00edtulo do servi\u00e7o para maiores informa\u00e7\u00f5es.<br \/>\nAtendimento somente com hora marcada.<br \/>\n________________________________________________________________<\/p>\n<h5><span style=\"color: #ff6600;\"><a title=\"Consulta de Avalia\u00e7\u00e3o\" href=\"https:\/\/www.gemologiaibgm.com.br\/laboratorio\/servicos-gemologicos\/tarifas\/consulta-de-avaliacao\"><span style=\"color: #ff6600;\">Consulta de Identifica\u00e7\u00e3o &#8211; gemas, diamantes e joias<\/span><\/a><\/span><\/h5>\n<p>Consulta verbal,<strong> n\u00e3o \u00e9 emitido documento<\/strong> (m\u00ednimo de uma hora):<br \/>\n<strong>n\u00e3o associado:<\/strong> taxa sob consulta;<br \/>\n<strong> associado:<\/strong> taxa sob consulta, associados tem desconto especial.<\/p>\n<h5><span style=\"color: #ff6600;\"><a title=\"Mini Certificado de Diamante\" href=\"https:\/\/www.gemologiaibgm.com.br\/laboratorio\/servicos-gemologicos\/mini-certificado-de-diamante\"><span style=\"color: #ff6600;\">Minidocumento de Diamante &#8211; diamante solto\u00a0de 0,10 ct a 0,90 ct<\/span><\/a><\/span><\/h5>\n<p>Documento emitido para um diamante SOLTO pequeno:<br \/>\n<strong>n\u00e3o associado:<\/strong> taxa sob consulta; <span style=\"color: #ff6600;\">(*)<\/span><br \/>\n<strong>associado:<\/strong> taxa sob consulta, associados tem desconto especial. <span style=\"color: #ff6600;\">(*)<\/span><\/p>\n<h6><span style=\"color: #ff6600;\">(*) Valor para emiss\u00e3o de no m\u00ednimo 5 pedras.<\/span><\/h6>\n<h6>Taxa Especial,\u00a0<span style=\"color: #ff6600;\"><span style=\"color: #ff6600;\"><a title=\"Taxa expressa\" href=\"https:\/\/www.gemologiaibgm.com.br\/laboratorio\/taxa-expressa\/\" target=\"_blank\" rel=\"noopener\">clique aqui<\/a>.<\/span><\/span><\/h6>\n<p>&nbsp;<\/p>\n<h5><span style=\"color: #ff6600;\"><a title=\"Certificado de Diamante\" href=\"https:\/\/www.gemologiaibgm.com.br\/laboratorio\/servicos-gemologicos\/tarifas\/certificado-de-diamante\"><span style=\"color: #ff6600;\">Documento de Classifica\u00e7\u00e3o\u00a0de Diamante &#8211; diamante solto<\/span><\/a><\/span><\/h5>\n<p>Documento completo emitido para um diamante SOLTO:<br \/>\n<strong>n\u00e3o associado:<\/strong> taxa sob consulta;<br \/>\n<strong>associado:<\/strong> taxa sob consulta, associados tem desconto especial.<\/p>\n<h5><span style=\"color: #ff6600;\"><a title=\"Certificado de Identifica\u00e7\u00e3o\" href=\"https:\/\/www.gemologiaibgm.com.br\/laboratorio\/servicos-gemologicos\/tarifas\/certificado-de-identificacao\"><span style=\"color: #ff6600;\">Documento\u00a0de Identifica\u00e7\u00e3o &#8211; gema corada solta<\/span><\/a><\/span><\/h5>\n<p>Documento emitido para uma gema corada SOLTA:<br \/>\n<strong>n\u00e3o associado:<\/strong> taxa sob consulta;<br \/>\n<strong>associado:<\/strong> taxa sob consulta, associados tem desconto especial.<\/p>\n<h5><span style=\"color: #ff6600;\"><a title=\"Certificado de Identifica\u00e7\u00e3o\" href=\"https:\/\/www.gemologiaibgm.com.br\/laboratorio\/certificado-de-identificacao-e-parecer-gemologico-turmalina-paraiba-solta\/\"><span style=\"color: #ff6600;\">Documento\u00a0de Identifica\u00e7\u00e3o e Parecer Gemol\u00f3gico (*) &#8211; Turmalina Para\u00edba<\/span><\/a><\/span><\/h5>\n<p>Documento emitido para uma gema SOLTA ou MONTADA:<br \/>\n<strong>n\u00e3o associado:<\/strong> taxa sob consulta;<br \/>\n<strong>associado:<\/strong> taxa sob consulta, associados tem desconto especial.<\/p>\n<p><span style=\"color: #ff6600;\">(*) Parecer Gemol\u00f3gico &#8211; Dependendo da complexidade das pe\u00e7as e da quantidade de pedras o valor para emiss\u00e3o do documento poder\u00e1 sofrer altera\u00e7\u00e3o.<\/span><\/p>\n<h5><a title=\"Parecer Gemol\u00f3gico\" href=\"https:\/\/www.gemologiaibgm.com.br\/laboratorio\/servicos-gemologicos\/tarifas\/parecer-gemologico\"><span style=\"color: #ff6600;\">Parecer Gemol\u00f3gico &#8211; gema\u00a0<\/span><\/a><a title=\"Parecer Gemol\u00f3gico\" href=\"https:\/\/www.gemologiaibgm.com.br\/laboratorio\/servicos-gemologicos\/tarifas\/parecer-gemologico\"><span style=\"color: #ff6600;\">solta<\/span><\/a><a title=\"Parecer Gemol\u00f3gico\" href=\"https:\/\/www.gemologiaibgm.com.br\/laboratorio\/servicos-gemologicos\/tarifas\/parecer-gemologico\"><span style=\"color: #ff6600;\">, diamante solto,\u00a0lote pequeno ou joias com gemas de cor e\/ou diamantes<\/span><\/a><\/h5>\n<h6><\/h6>\n<p>1) Documento emitido de um ou lote pequeno de gemas coradas ou diamantes (simplificado &#8211; 4Cs);<span style=\"color: #ff6600;\">(*)<\/span><br \/>\n2) Documento emitido para joia:<span style=\"color: #ff6600;\">(*)<\/span><br \/>\n<strong>n\u00e3o associado:<\/strong> taxa sob consulta;<br \/>\n<strong> associado:<\/strong> taxa sob consulta, associados tem desconto especial.<\/p>\n<p><span style=\"color: #ff6600;\">(*) Dependendo da complexidade das pe\u00e7as e da quantidade de pedras o valor para emiss\u00e3o do documento poder\u00e1 sofrer altera\u00e7\u00e3o.\u00a0<\/span><\/p>\n<h5><span style=\"color: #ff6600;\">2\u00aa VIA do documento.\u00a0<\/span><\/h5>\n<p><span style=\"color: #000000;\"> para emiss\u00e3o da 2\u00aa Via do documento &#8211; 45% do valor do documento.<\/span><\/p>\n<h5 style=\"text-align: center;\">\u00a0<span style=\"color: #ff6600;\"><a title=\"Fale com a Gem\u00f3loga\" href=\"https:\/\/www.gemologiaibgm.com.br\/laboratorio\/fale-com-a-gemologa\"><span style=\"color: #ff6600;\">FALE COM A GEM\u00d3LOGA<\/span><\/a><\/span><\/h5>\n<h5 style=\"text-align: center;\"><\/h5>\n","protected":false},"excerpt":{"rendered":"<p>As import\u00e2ncias s\u00e3o cobradas a t\u00edtulo de doa\u00e7\u00e3o para o custeio do Laborat\u00f3rio Gemol\u00f3gico Clique no t\u00edtulo do servi\u00e7o para maiores informa\u00e7\u00f5es. Atendimento somente com hora marcada. ________________________________________________________________ Consulta de Identifica\u00e7\u00e3o &#8211; gemas, diamantes e joias Consulta verbal, n\u00e3o \u00e9 emitido documento (m\u00ednimo de uma hora): n\u00e3o associado: taxa sob consulta; associado: taxa sob consulta, [&hellip;]<\/p>\n","protected":false},"author":5,"featured_media":0,"parent":18,"menu_order":0,"comment_status":"open","ping_status":"open","template":"","meta":{"footnotes":""},"class_list":["post-16","page","type-page","status-publish","hentry"],"_links":{"self":[{"href":"https:\/\/www.gemologiaibgm.com.br\/laboratorio\/wp-json\/wp\/v2\/pages\/16","targetHints":{"allow":["GET"]}}],"collection":[{"href":"https:\/\/www.gemologiaibgm.com.br\/laboratorio\/wp-json\/wp\/v2\/pages"}],"about":[{"href":"https:\/\/www.gemologiaibgm.com.br\/laboratorio\/wp-json\/wp\/v2\/types\/page"}],"author":[{"embeddable":true,"href":"https:\/\/www.gemologiaibgm.com.br\/laboratorio\/wp-json\/wp\/v2\/users\/5"}],"replies":[{"embeddable":true,"href":"https:\/\/www.gemologiaibgm.com.br\/laboratorio\/wp-json\/wp\/v2\/comments?post=16"}],"version-history":[{"count":54,"href":"https:\/\/www.gemologiaibgm.com.br\/laboratorio\/wp-json\/wp\/v2\/pages\/16\/revisions"}],"predecessor-version":[{"id":72231,"href":"https:\/\/www.gemologiaibgm.com.br\/laboratorio\/wp-json\/wp\/v2\/pages\/16\/revisions\/72231"}],"up":[{"embeddable":true,"href":"https:\/\/www.gemologiaibgm.com.br\/laboratorio\/wp-json\/wp\/v2\/pages\/18"}],"wp:attachment":[{"href":"https:\/\/www.gemologiaibgm.com.br\/laboratorio\/wp-json\/wp\/v2\/media?parent=16"}],"curies":[{"name":"wp","href":"https:\/\/api.w.org\/{rel}","templated":true}]}}