{"id":18,"date":"2011-11-29T18:53:51","date_gmt":"2011-11-29T18:53:51","guid":{"rendered":"http:\/\/gemologia.sindijoias.org\/laboratorio\/?page_id=18"},"modified":"2019-03-01T13:59:56","modified_gmt":"2019-03-01T13:59:56","slug":"servicos-gemologicos","status":"publish","type":"page","link":"https:\/\/www.gemologiaibgm.com.br\/laboratorio\/servicos-gemologicos\/","title":{"rendered":"Servi\u00e7os Gemol\u00f3gicos"},"content":{"rendered":"<h1 class=\"vermelho\" style=\"text-align: center;\"><span style=\"color: #cb452c;\">\u00a0<span style=\"color: #ff6600;\">Falsa ou verdadeira?<\/span><\/span><\/h1>\n<p style=\"text-align: center;\"><img loading=\"lazy\" decoding=\"async\" class=\"size-full wp-image-184 aligncenter\" src=\"https:\/\/www.gemologiaibgm.com.br\/laboratorio\/wp-content\/uploads\/2011\/11\/quartzos-sinteticos.jpg\" alt=\"\" width=\"300\" height=\"154\" \/><\/p>\n<p style=\"text-align: justify;\">Somente um exame criterioso \u00e9 capaz de eliminar essas e outras d\u00favidas que cercam as pedras preciosas. Por isso, \u00e9 fundamental que voc\u00ea tenha ao seu lado um \u00f3rg\u00e3o s\u00e9rio e id\u00f4neo para examinar com precis\u00e3o suas pedras preciosas, diamantes e j\u00f3ias.<\/p>\n<p style=\"text-align: justify;\">O Sistema IBGM possui o mais bem equipado laborat\u00f3rio gemol\u00f3gico do Brasil para a identifica\u00e7\u00e3o e classifica\u00e7\u00e3o de pedras preciosas e diamantes lapidados soltos ou cravados em joias. Nossos documentos s\u00e3o reconhecidos n\u00e3o s\u00f3 nacionalmente mas tamb\u00e9m internacionalmente. Os servi\u00e7os s\u00e3o executados pela\u00a0Ge\u00f3loga Gem\u00f3loga Gracia Bai\u00e3o, que \u00e9 formada pelo <span style=\"color: #ff6600;\">HRD Antwerp Institute of Gemmology <\/span>&#8211; e seguem rigidamente todas as exig\u00eancias e normas estabelecidas: ABNT-NBR 10630, ABNT-NBR 12254, NT-IBGM 001\/97 NT-IBGM 002\/97, ISO-TR 11122 e o<span style=\"color: #ff6600;\"> <a href=\"https:\/\/www.cibjo.org\/index.php?option=com_content&amp;view=article&amp;id=270&amp;Itemid=261\" target=\"_blank\"><span style=\"color: #ff6600;\">Blue Book da CIBJO.<\/span><\/a><\/span><\/p>\n<p style=\"text-align: center;\"><img loading=\"lazy\" decoding=\"async\" class=\"aligncenter size-full wp-image-1457\" src=\"https:\/\/www.gemologiaibgm.com.br\/laboratorio\/wp-content\/uploads\/2011\/11\/atendimento.jpg\" alt=\"\" width=\"595\" height=\"631\" \/><\/p>\n<p>Os servi\u00e7os gemol\u00f3gicos oferecidos s\u00e3o (clique no servi\u00e7o para maiores informa\u00e7\u00f5es):\u00a0 \u00a0<span style=\"color: #ff6600;\"><span style=\"font-size: 22px; line-height: 19px;\">\u00a0<\/span><\/span>\u00a0 \u00a0 \u00a0\u00a0<span style=\"font-style: inherit; font-size: 18pt; line-height: 115%; font-family: Calibri, sans-serif; font-weight: normal; color: #ff6600; background-color: white;\">\u00a0 \u00a0<\/span><\/p>\n<h3 style=\"margin-top: 0cm; background: white; vertical-align: baseline;\"><\/h3>\n<h2><span style=\"color: #ff6600;\"><a title=\"Mini Certificado de Diamante\" href=\"https:\/\/www.gemologiaibgm.com.br\/laboratorio\/servicos-gemologicos\/mini-certificado-de-diamante\"><span style=\"color: #ff6600;\">Minidocumento de Classifica\u00e7\u00e3o de\u00a0Diamante;<br \/>\n<\/span><\/a><\/span><br \/>\n<span style=\"color: #ff6600;\"> <a title=\"Consulta de Avalia\u00e7\u00e3o\" href=\"https:\/\/www.gemologiaibgm.com.br\/laboratorio\/servicos-gemologicos\/tarifas\/consulta-de-avaliacao\"><span style=\"color: #ff6600;\">Consulta de Avalia\u00e7\u00e3o;<br \/>\n<\/span><\/a><\/span><br \/>\n<span style=\"color: #ff6600;\"><a style=\"color: #ff6600;\" href=\"https:\/\/www.gemologiaibgm.com.br\/laboratorio\/servicos-gemologicos\/tarifas\/certificado-de-diamante\">Documento de Classifica\u00e7\u00e3o de Diamante<\/a><a style=\"color: #ff6600;\" title=\"Certificado de Diamante\" href=\"https:\/\/www.gemologiaibgm.com.br\/laboratorio\/servicos-gemologicos\/tarifas\/certificado-de-diamante\">;<\/a><\/span><\/h2>\n<h2><span style=\"color: #ff6600;\"><a style=\"color: #ff6600;\" href=\"https:\/\/www.gemologiaibgm.com.br\/laboratorio\/servicos-gemologicos\/tarifas\/certificado-de-identificacao\">Documento de Identifica\u00e7\u00e3o<\/a><a style=\"color: #ff6600;\" title=\"Certificado de Identifica\u00e7\u00e3o\" href=\"https:\/\/www.gemologiaibgm.com.br\/laboratorio\/servicos-gemologicos\/tarifas\/certificado-de-identificacao\">;<\/a><\/span><\/h2>\n<h2><a href=\"https:\/\/www.gemologiaibgm.com.br\/laboratorio\/servicos-gemologicos\/tarifas\/parecer-gemologico\/\"><span style=\"color: #ff6600;\">Parecer Gemol\u00f3gico;<\/span><\/a><\/h2>\n<h2><span style=\"color: #ff6600;\"><a style=\"color: #ff6600;\" href=\"https:\/\/www.gemologiaibgm.com.br\/laboratorio\/certificado-de-identificacao-e-parecer-gemologico-turmalina-paraiba-solta\/\"><span style=\"color: #ff6600;\">Documento\u00a0de Identifica\u00e7\u00e3o e Parecer Gemol\u00f3gico de Turmalina Para\u00edba<\/span><\/a><span style=\"color: #ff9900;\">.<\/span><\/span><\/h2>\n<h3 style=\"margin-top: 0cm; background: white; vertical-align: baseline;\"><span style=\"font-size: 22px; line-height: 19px; color: #ff6600;\">\u00a0 \u00a0 \u00a0\u00a0<\/span><\/h3>\n<p>Para agendamento de hor\u00e1rio \u00e9 necess\u00e1rio que o cliente seja cadastrado e esteja de acordo com o regulamento do Laborat\u00f3rio.\u00a0As empresas associadas ao IBGM e os associados \u00e0s entidades de classe filiadas ao IBGM usufruem de descontos e prioridade no agendamento de hor\u00e1rio.<\/p>\n<div>\n<p style=\"text-align: center;\"><a title=\"Tarifas\" href=\"https:\/\/www.gemologiaibgm.com.br\/laboratorio\/servicos-gemologicos\/tarifas\"><img loading=\"lazy\" decoding=\"async\" class=\" wp-image-1666 aligncenter\" src=\"https:\/\/www.gemologiaibgm.com.br\/laboratorio\/wp-content\/uploads\/2011\/11\/tarifas.jpg\" alt=\"\" width=\"162\" height=\"72\" \/><\/a><\/p>\n<p>Para marcar um hor\u00e1rio ou obter informa\u00e7\u00f5es sobre custo dos servi\u00e7os fale com Eliana pelo telefone 11-3016-5850.<\/p>\n<p><span style=\"font-size: 13px; line-height: 19px;\">\u00a0<\/span><\/p>\n<h3>\u00a0<a title=\"Fale com a Gem\u00f3loga\" href=\"https:\/\/www.gemologiaibgm.com.br\/laboratorio\/fale-com-a-gemologa\" target=\"_blank\"><span style=\"font-size: 16pt; line-height: 115%; color: #333333; font-family: Georgia, 'Times New Roman', 'Bitstream Charter', Times, serif;\"><br \/>\n<\/span> <\/a><\/h3>\n<h3 style=\"text-align: center;\">\u00a0<a title=\"Fale com a Gem\u00f3loga\" href=\"https:\/\/www.gemologiaibgm.com.br\/laboratorio\/fale-com-a-gemologa\" target=\"_blank\"><span style=\"font-size: 16pt; line-height: 115%; color: #ff6600;\">FALE COM A GEM\u00d3LOGA<\/span><\/a><\/h3>\n<\/div>\n","protected":false},"excerpt":{"rendered":"<p>\u00a0Falsa ou verdadeira? Somente um exame criterioso \u00e9 capaz de eliminar essas e outras d\u00favidas que cercam as pedras preciosas. Por isso, \u00e9 fundamental que voc\u00ea tenha ao seu lado um \u00f3rg\u00e3o s\u00e9rio e id\u00f4neo para examinar com precis\u00e3o suas pedras preciosas, diamantes e j\u00f3ias. O Sistema IBGM possui o mais bem equipado laborat\u00f3rio gemol\u00f3gico [&hellip;]<\/p>\n","protected":false},"author":5,"featured_media":0,"parent":0,"menu_order":0,"comment_status":"closed","ping_status":"closed","template":"","meta":{"footnotes":""},"class_list":["post-18","page","type-page","status-publish","hentry"],"_links":{"self":[{"href":"https:\/\/www.gemologiaibgm.com.br\/laboratorio\/wp-json\/wp\/v2\/pages\/18","targetHints":{"allow":["GET"]}}],"collection":[{"href":"https:\/\/www.gemologiaibgm.com.br\/laboratorio\/wp-json\/wp\/v2\/pages"}],"about":[{"href":"https:\/\/www.gemologiaibgm.com.br\/laboratorio\/wp-json\/wp\/v2\/types\/page"}],"author":[{"embeddable":true,"href":"https:\/\/www.gemologiaibgm.com.br\/laboratorio\/wp-json\/wp\/v2\/users\/5"}],"replies":[{"embeddable":true,"href":"https:\/\/www.gemologiaibgm.com.br\/laboratorio\/wp-json\/wp\/v2\/comments?post=18"}],"version-history":[{"count":8,"href":"https:\/\/www.gemologiaibgm.com.br\/laboratorio\/wp-json\/wp\/v2\/pages\/18\/revisions"}],"predecessor-version":[{"id":37949,"href":"https:\/\/www.gemologiaibgm.com.br\/laboratorio\/wp-json\/wp\/v2\/pages\/18\/revisions\/37949"}],"wp:attachment":[{"href":"https:\/\/www.gemologiaibgm.com.br\/laboratorio\/wp-json\/wp\/v2\/media?parent=18"}],"curies":[{"name":"wp","href":"https:\/\/api.w.org\/{rel}","templated":true}]}}