{"id":23573,"date":"2016-08-31T14:32:39","date_gmt":"2016-08-31T14:32:39","guid":{"rendered":"http:\/\/www.gemologiaibgm.com.br\/laboratorio\/?page_id=23573"},"modified":"2016-10-21T11:49:25","modified_gmt":"2016-10-21T11:49:25","slug":"pesquisar-documento","status":"publish","type":"page","link":"https:\/\/www.gemologiaibgm.com.br\/laboratorio\/pesquisar-documento\/","title":{"rendered":"Pesquisar Documento"},"content":{"rendered":"<p>Todos os documentos emitidos pelo Laborat\u00f3rio Dr. Rui Ribeiro Franco s\u00e3o disponibilizados para consulta, garantido ao seu portador a verifica\u00e7\u00e3o de sua autenticidade.<\/p>\n<h3><strong><span style=\"color: #800080;\">Para pesquisar, digite o n\u00famero do respectivo documento:<\/span><\/strong><\/h3>\n<p>&nbsp;<\/p>\n<h5>Exemplos de busca dos documentos pelos n\u00fameros:<\/h5>\n<p>&nbsp;<\/p>\n<h5><span style=\"color: #800080;\">Fa\u00e7a uma pesquisa<\/span><\/h5>\n<h5>\n<form action=\"https:\/\/www.gemologiaibgm.com.br\/laboratorio\" id=\"searchform\" method=\"get\">\n<div>\n        <label for=\"s\" class=\"screen-reader-text\">Busca:<\/label><br \/>\n        <input type=\"text\" id=\"s\" name=\"s\" value=\"\" size=\"16\" \/><\/p>\n<p>        <input type=\"submit\" value=\"ok\" id=\"searchsubmit\" \/>\n    <\/div>\n<\/form>\n<\/h5>\n<h5><span style=\"color: #000000;\"><strong>Parecer Gemol\u00f3gico<\/strong>: PGSPZXXXX<\/span><\/h5>\n<h4><span style=\"color: #000000;\"><strong>Minidocumento de Classfica\u00e7\u00e3o de Diamante<\/strong>: MCDXXX<\/span><\/h4>\n<h4><span style=\"color: #000000;\"><strong>Documento\u00a0de Classifica\u00e7\u00e3o de Diamante<\/strong>: CDXXXX\/SP2014 ou XXXX\/SP2012<\/span><\/h4>\n<h4><span style=\"color: #000000;\"><strong>Documento\u00a0de Identifica\u00e7\u00e3o<\/strong>: IDXXXX\/SP2014 ou XXXX\/SP2012<\/span><\/h4>\n","protected":false},"excerpt":{"rendered":"<p>Todos os documentos emitidos pelo Laborat\u00f3rio Dr. Rui Ribeiro Franco s\u00e3o disponibilizados para consulta, garantido ao seu portador a verifica\u00e7\u00e3o de sua autenticidade. Para pesquisar, digite o n\u00famero do respectivo documento: &nbsp; Exemplos de busca dos documentos pelos n\u00fameros: &nbsp; Fa\u00e7a uma pesquisa Busca: Parecer Gemol\u00f3gico: PGSPZXXXX Minidocumento de Classfica\u00e7\u00e3o de Diamante: MCDXXX Documento\u00a0de Classifica\u00e7\u00e3o [&hellip;]<\/p>\n","protected":false},"author":7,"featured_media":0,"parent":0,"menu_order":0,"comment_status":"closed","ping_status":"closed","template":"","meta":{"footnotes":""},"class_list":["post-23573","page","type-page","status-publish","hentry"],"_links":{"self":[{"href":"https:\/\/www.gemologiaibgm.com.br\/laboratorio\/wp-json\/wp\/v2\/pages\/23573","targetHints":{"allow":["GET"]}}],"collection":[{"href":"https:\/\/www.gemologiaibgm.com.br\/laboratorio\/wp-json\/wp\/v2\/pages"}],"about":[{"href":"https:\/\/www.gemologiaibgm.com.br\/laboratorio\/wp-json\/wp\/v2\/types\/page"}],"author":[{"embeddable":true,"href":"https:\/\/www.gemologiaibgm.com.br\/laboratorio\/wp-json\/wp\/v2\/users\/7"}],"replies":[{"embeddable":true,"href":"https:\/\/www.gemologiaibgm.com.br\/laboratorio\/wp-json\/wp\/v2\/comments?post=23573"}],"version-history":[{"count":19,"href":"https:\/\/www.gemologiaibgm.com.br\/laboratorio\/wp-json\/wp\/v2\/pages\/23573\/revisions"}],"predecessor-version":[{"id":24429,"href":"https:\/\/www.gemologiaibgm.com.br\/laboratorio\/wp-json\/wp\/v2\/pages\/23573\/revisions\/24429"}],"wp:attachment":[{"href":"https:\/\/www.gemologiaibgm.com.br\/laboratorio\/wp-json\/wp\/v2\/media?parent=23573"}],"curies":[{"name":"wp","href":"https:\/\/api.w.org\/{rel}","templated":true}]}}