{"id":301,"date":"2011-12-05T17:17:24","date_gmt":"2011-12-05T17:17:24","guid":{"rendered":"http:\/\/gemologia.sindijoias.org\/laboratorio\/?page_id=301"},"modified":"2015-04-29T15:07:07","modified_gmt":"2015-04-29T15:07:07","slug":"evento-da-inicio-a-cooperacao-entre-o-ibgm-e-a-policia-federal","status":"publish","type":"page","link":"https:\/\/www.gemologiaibgm.com.br\/laboratorio\/noticias\/evento-da-inicio-a-cooperacao-entre-o-ibgm-e-a-policia-federal\/","title":{"rendered":"Evento do IBGM e PF"},"content":{"rendered":"<h3 align=\"center\">\u00a0\u00a0\u00a0\u00a0<span style=\"color: #ff6600;\">Evento d\u00e1 inicio a coopera\u00e7\u00e3o entre IBGM e POLICIA FEDERAL<\/span><\/h3>\n<p style=\"text-align: center;\" align=\"center\">\u00a0<a href=\"https:\/\/www.gemologiaibgm.com.br\/laboratorio\/wp-content\/uploads\/2011\/12\/Da-direita-para-esquerda-Jesimael-Silva-Nelson-Fava-Daniel-Berringer-Andrea-Pey-Maviael-Silva-Ivar-Kohmann-Wilson-Yamamoto-Pimentel1.jpg\"><img loading=\"lazy\" decoding=\"async\" title=\"Da direita para esquerda Jesimael Silva, Nelson Fava, Daniel Berringer, Andrea Pey, Maviael Silva, Ivar Kohmann, Wilson Yamamoto, Pimentel\" src=\"https:\/\/www.gemologiaibgm.com.br\/laboratorio\/wp-content\/uploads\/2011\/12\/Da-direita-para-esquerda-Jesimael-Silva-Nelson-Fava-Daniel-Berringer-Andrea-Pey-Maviael-Silva-Ivar-Kohmann-Wilson-Yamamoto-Pimentel1.jpg\" alt=\"\" width=\"323\" height=\"250\" \/><\/a><\/p>\n<p>Em Bras\u00edlia, durante os dias 13 e 17 de Outubro de 2011, foi\u00a0realizado no INC &#8211; Instituto Nacional de Criminal\u00edstica -, com apoio da\u00a0Funda\u00e7\u00e3o de Apoio \u00e0 Pesquisa do DF &#8211; FAP-DF, o evento &#8220;Jornada de Pericias\u00a0em j\u00f3ias com diamantes &#8211; novas solu\u00e7\u00f5es em laborat\u00f3rio e campo&#8221;.<\/p>\n<p>Durante 40 horas, nove peritos criminais federais de Bras\u00edlia e\u00a0diversos estados (SP, MT, CE, RN e PE) trocaram experi\u00eancias entre si e\u00a0conheceram novas t\u00e9cnicas apresentadas por Daniel Berringer, perito\u00a0gem\u00f3logo que representou o<span style=\"color: #ff6600;\"><a href=\"https:\/\/ibgm.com.br\/index.php\"><span style=\"color: #ff6600;\"> IBGM &#8211; Instituto Brasileiro de Gemas e Metais\u00a0Preciosos.<\/span><\/a><\/span><\/p>\n<p>Foram abordados v\u00e1rios temas como: padroniza\u00e7\u00e3o de crit\u00e9rios e\u00a0procedimentos periciais, melhoria na formula\u00e7\u00e3o dos quesitos para o laudo\u00a0pericial, t\u00e9cnicas para fotografia de gemas e inclus\u00f5es, analise de j\u00f3ias em\u00a0campo com instrumentos improvisados, adapta\u00e7\u00e3o de instrumentos avan\u00e7ados para\u00a0exames gemologicos, entre outros.<\/p>\n<p>Nelson Fava, perito criminal federal e coordenador do evento,\u00a0relatou que a atividade pericial na \u00e1rea de gemologia \u00e9 relativamente recente\u00a0no DPF &#8211; Departamento de Pol\u00edcia Federal &#8211; e o IBGM, como entidade de classe do\u00a0setor joalheiro que conta com uma Rede de Laborat\u00f3rios Gemol\u00f3gicos e peritos,\u00a0tem muito a contribuir com o esfor\u00e7o do DPF em aprimorar\u00a0essa<\/p>\n<p style=\"text-align: center;\"><img loading=\"lazy\" decoding=\"async\" title=\"Da direita para esquerda Ivar Kohmann, Jesimael Silva, Maviael Silva, Julio Coelho Souza, Andrea Pey, Marcio Talhavini, Daniel Berringer, Nelson Fava\" src=\"https:\/\/www.gemologiaibgm.com.br\/laboratorio\/wp-content\/uploads\/2011\/12\/Da-direita-para-esquerda-Ivar-Kohmann-Jesimael-Silva-Maviael-Silva-Julio-Coelho-Souza-Andrea-Pey-Marcio-Talhavini-Daniel-Berringer-Nelson-Fava4.jpg\" alt=\"\" width=\"631\" height=\"192\" \/><\/p>\n<p>&nbsp;<\/p>\n","protected":false},"excerpt":{"rendered":"<p>\u00a0\u00a0\u00a0\u00a0Evento d\u00e1 inicio a coopera\u00e7\u00e3o entre IBGM e POLICIA FEDERAL \u00a0 Em Bras\u00edlia, durante os dias 13 e 17 de Outubro de 2011, foi\u00a0realizado no INC &#8211; Instituto Nacional de Criminal\u00edstica -, com apoio da\u00a0Funda\u00e7\u00e3o de Apoio \u00e0 Pesquisa do DF &#8211; FAP-DF, o evento &#8220;Jornada de Pericias\u00a0em j\u00f3ias com diamantes &#8211; novas solu\u00e7\u00f5es em [&hellip;]<\/p>\n","protected":false},"author":5,"featured_media":0,"parent":10,"menu_order":0,"comment_status":"open","ping_status":"open","template":"","meta":{"footnotes":""},"class_list":["post-301","page","type-page","status-publish","hentry"],"_links":{"self":[{"href":"https:\/\/www.gemologiaibgm.com.br\/laboratorio\/wp-json\/wp\/v2\/pages\/301","targetHints":{"allow":["GET"]}}],"collection":[{"href":"https:\/\/www.gemologiaibgm.com.br\/laboratorio\/wp-json\/wp\/v2\/pages"}],"about":[{"href":"https:\/\/www.gemologiaibgm.com.br\/laboratorio\/wp-json\/wp\/v2\/types\/page"}],"author":[{"embeddable":true,"href":"https:\/\/www.gemologiaibgm.com.br\/laboratorio\/wp-json\/wp\/v2\/users\/5"}],"replies":[{"embeddable":true,"href":"https:\/\/www.gemologiaibgm.com.br\/laboratorio\/wp-json\/wp\/v2\/comments?post=301"}],"version-history":[{"count":1,"href":"https:\/\/www.gemologiaibgm.com.br\/laboratorio\/wp-json\/wp\/v2\/pages\/301\/revisions"}],"predecessor-version":[{"id":13954,"href":"https:\/\/www.gemologiaibgm.com.br\/laboratorio\/wp-json\/wp\/v2\/pages\/301\/revisions\/13954"}],"up":[{"embeddable":true,"href":"https:\/\/www.gemologiaibgm.com.br\/laboratorio\/wp-json\/wp\/v2\/pages\/10"}],"wp:attachment":[{"href":"https:\/\/www.gemologiaibgm.com.br\/laboratorio\/wp-json\/wp\/v2\/media?parent=301"}],"curies":[{"name":"wp","href":"https:\/\/api.w.org\/{rel}","templated":true}]}}