{"id":305,"date":"2011-12-05T17:20:16","date_gmt":"2011-12-05T17:20:16","guid":{"rendered":"http:\/\/gemologia.sindijoias.org\/laboratorio\/?page_id=305"},"modified":"2019-05-31T14:11:51","modified_gmt":"2019-05-31T14:11:51","slug":"encontro-de-gemologos-no-ibgm","status":"publish","type":"page","link":"https:\/\/www.gemologiaibgm.com.br\/laboratorio\/noticias\/encontro-de-gemologos-no-ibgm\/","title":{"rendered":"Encontro dos Gem\u00f3logos"},"content":{"rendered":"<h3 align=\"center\"><span style=\"color: #ff6600;\">Encontro dos Gem\u00f3logos do IBGM<\/span><\/h3>\n<p style=\"text-align: center;\"><a href=\"https:\/\/www.gemologiaibgm.com.br\/laboratorio\/wp-content\/uploads\/2011\/12\/4137_foto_noticia1.jpg\"><img loading=\"lazy\" decoding=\"async\" class=\"aligncenter\" title=\"4137_foto_noticia\" src=\"https:\/\/www.gemologiaibgm.com.br\/laboratorio\/wp-content\/uploads\/2011\/12\/4137_foto_noticia1.jpg\" alt=\"\" width=\"470\" height=\"353\" \/><\/a><\/p>\n<p style=\"text-align: justify;\">O <span style=\"color: #ff6600;\"><a href=\"https:\/\/www.ibgm.com.br\/\" target=\"_blank\"><span style=\"color: #ff6600;\">IBGM &#8211; Instituto Brasileiro de Gemas e Metais Preciosos<\/span><\/a><\/span> &#8211; em dezembro de 2011 o Instituto realizou o encontro dos quatro gem\u00f3logos respons\u00e1veis pelos laborat\u00f3rios integrantes da <a href=\"https:\/\/www.ibgm.com.br\/servicos.php?id=1\" target=\"_blank\">Rede IBGM de Laborat\u00f3rios Gemol\u00f3gicos<\/a>: Chang He Ok &#8211; do laborat\u00f3rio do Rio de Janeiro; Gracia Bai\u00e3o &#8211; do laborat\u00f3rio de Salvador; Luiz Ant\u00f4nio G. da Silveira &#8211; do laborat\u00f3rio de Belo Horizonte; Jane L. N. da Gama &#8211; do laborat\u00f3rio de S\u00e3o Paulo e Coordenadora da Rede.<\/p>\n<p style=\"text-align: justify;\">Foi convidado a participar do encontro o gem\u00f3logo Daniel Berringer, s\u00f3cio-honor\u00e1rio do IBGM e antecessor da gem\u00f3loga Jane Gama no laborat\u00f3rio de S\u00e3o Paulo.<\/p>\n<p style=\"text-align: justify;\">O encontro teve dura\u00e7\u00e3o de tr\u00eas dias e foi realizado na <span style=\"color: #ff6600;\"><a href=\"https:\/\/www.gemologiaibgm.com.br\/escola\/index.php\" target=\"_blank\"><span style=\"color: #ff6600;\">Escola de Gemologia Jos\u00e9 Bonif\u00e1cio de Andrada e Silva<\/span><\/a><\/span>\u00a0em S\u00e3o Paulo com o objetivo de trocar experi\u00eancias administrativas e t\u00e9cnicas, planejar treinamentos de conhecimento de produto para o setor, examinar o acervo de gemas de refer\u00eancia (naturais, tratadas, sint\u00e9ticas, artificiais e montadas) e principalmente harmonizar a nomenclatura t\u00e9cnica utilizada nos documentos que emitem nos laborat\u00f3rios integrantes.<\/p>\n<p style=\"text-align: justify;\">Antes de retornarem \u00e0s suas cidades, os gem\u00f3logos visitaram a <span style=\"color: #ff6600;\"><a href=\"https:\/\/www.feninjer.com.br\/\" target=\"_blank\"><span style=\"color: #ff6600;\">FENINJER \u2013 Feira Nacional da Ind\u00fastria de J\u00f3ias, Rel\u00f3gios e Afins<\/span><\/a><\/span> e compareceram ao jantar comemorativo de 30 anos do IBGM.<\/p>\n<p style=\"text-align: justify;\">Conhe\u00e7a cada laborat\u00f3rio integrante da Rede IBGM de Laborat\u00f3rios Gemol\u00f3gicos e os servi\u00e7os gemol\u00f3gicos prestados \u00e0 comunidade e o setor joalheiro no site <span style=\"color: #ff6600;\"><a href=\"https:\/\/ibgm.com.br\/index.php\" target=\"_blank\"><span style=\"color: #ff6600;\">www.ibgm.com.br<\/span><\/a><\/span><\/p>\n<p class=\"MsoNormal\" style=\"text-align: justify;\"><span style=\"font-family: 'Arial Narrow';\"><span class=\"Apple-style-span\" style=\"line-height: 14px;\"><br \/>\n<\/span><\/span><\/p>\n","protected":false},"excerpt":{"rendered":"<p>Encontro dos Gem\u00f3logos do IBGM O IBGM &#8211; Instituto Brasileiro de Gemas e Metais Preciosos &#8211; em dezembro de 2011 o Instituto realizou o encontro dos quatro gem\u00f3logos respons\u00e1veis pelos laborat\u00f3rios integrantes da Rede IBGM de Laborat\u00f3rios Gemol\u00f3gicos: Chang He Ok &#8211; do laborat\u00f3rio do Rio de Janeiro; Gracia Bai\u00e3o &#8211; do laborat\u00f3rio de Salvador; [&hellip;]<\/p>\n","protected":false},"author":5,"featured_media":0,"parent":10,"menu_order":0,"comment_status":"open","ping_status":"open","template":"","meta":{"footnotes":""},"class_list":["post-305","page","type-page","status-publish","hentry"],"_links":{"self":[{"href":"https:\/\/www.gemologiaibgm.com.br\/laboratorio\/wp-json\/wp\/v2\/pages\/305","targetHints":{"allow":["GET"]}}],"collection":[{"href":"https:\/\/www.gemologiaibgm.com.br\/laboratorio\/wp-json\/wp\/v2\/pages"}],"about":[{"href":"https:\/\/www.gemologiaibgm.com.br\/laboratorio\/wp-json\/wp\/v2\/types\/page"}],"author":[{"embeddable":true,"href":"https:\/\/www.gemologiaibgm.com.br\/laboratorio\/wp-json\/wp\/v2\/users\/5"}],"replies":[{"embeddable":true,"href":"https:\/\/www.gemologiaibgm.com.br\/laboratorio\/wp-json\/wp\/v2\/comments?post=305"}],"version-history":[{"count":2,"href":"https:\/\/www.gemologiaibgm.com.br\/laboratorio\/wp-json\/wp\/v2\/pages\/305\/revisions"}],"predecessor-version":[{"id":39540,"href":"https:\/\/www.gemologiaibgm.com.br\/laboratorio\/wp-json\/wp\/v2\/pages\/305\/revisions\/39540"}],"up":[{"embeddable":true,"href":"https:\/\/www.gemologiaibgm.com.br\/laboratorio\/wp-json\/wp\/v2\/pages\/10"}],"wp:attachment":[{"href":"https:\/\/www.gemologiaibgm.com.br\/laboratorio\/wp-json\/wp\/v2\/media?parent=305"}],"curies":[{"name":"wp","href":"https:\/\/api.w.org\/{rel}","templated":true}]}}