{"id":312,"date":"2011-12-05T17:23:12","date_gmt":"2011-12-05T17:23:12","guid":{"rendered":"http:\/\/gemologia.sindijoias.org\/laboratorio\/?page_id=312"},"modified":"2019-05-31T14:09:45","modified_gmt":"2019-05-31T14:09:45","slug":"escola-de-gemologia-do-sindijoiasibgm-realiza-curso-para-avaliadores-da-caixa-economica-federal","status":"publish","type":"page","link":"https:\/\/www.gemologiaibgm.com.br\/laboratorio\/noticias\/escola-de-gemologia-do-sindijoiasibgm-realiza-curso-para-avaliadores-da-caixa-economica-federal\/","title":{"rendered":"Curso para a CEF"},"content":{"rendered":"<h3 align=\"center\"><span style=\"color: #ff6600;\">Escola de Gemologia do SINDIJ\u00d3IAS\/IBGM realiza curso<\/span><\/h3>\n<h3 align=\"center\"><span style=\"color: #ff6600;\">para avaliadores da Caixa Econ\u00f4mica Federal<\/span><\/h3>\n<p>Entre os dias 23 de julho e 03 de agosto de 2011 a Escola de Gemologia Jos\u00e9 Bonif\u00e1cio de Andrada e Silva ofereceu treinamento pr\u00e1tico exclusivo de Identifica\u00e7\u00e3o, Classifica\u00e7\u00e3o e Avalia\u00e7\u00e3o de Gemas Coradas para os avaliadores da Caixa Econ\u00f4mica Federal. O curso teve uma carga hor\u00e1ria de 60 horas e possibilitou aos participantes identificar, classificar e avaliar gemas coradas.<\/p>\n<p style=\"text-align: center;\"><a href=\"https:\/\/www.gemologiaibgm.com.br\/laboratorio\/wp-content\/uploads\/2011\/12\/11.jpg\"><img loading=\"lazy\" decoding=\"async\" title=\"1\" src=\"https:\/\/www.gemologiaibgm.com.br\/laboratorio\/wp-content\/uploads\/2011\/12\/11.jpg\" alt=\"\" width=\"360\" height=\"280\" \/><\/a><\/p>\n<p>Participaram, pela Caixa Econ\u00f4mica Federal, cinco avaliadores de penhor, um instrutor de penhor e dois especialistas em gemas e joias. Os profissionais vieram de diversos estados do pa\u00eds, como Esp\u00edrito Santo, Rio de Janeiro, Bahia, Minas Gerais entre outros.<\/p>\n<p style=\"text-align: center;\"><a href=\"https:\/\/www.gemologiaibgm.com.br\/laboratorio\/wp-content\/uploads\/2011\/12\/31.jpg\"><img loading=\"lazy\" decoding=\"async\" title=\"3\" src=\"https:\/\/www.gemologiaibgm.com.br\/laboratorio\/wp-content\/uploads\/2011\/12\/31.jpg\" alt=\"\" width=\"219\" height=\"148\" \/><\/a><a href=\"https:\/\/www.gemologiaibgm.com.br\/laboratorio\/wp-content\/uploads\/2011\/12\/41.jpg\"><img loading=\"lazy\" decoding=\"async\" title=\"4\" src=\"https:\/\/www.gemologiaibgm.com.br\/laboratorio\/wp-content\/uploads\/2011\/12\/41.jpg\" alt=\"\" width=\"222\" height=\"148\" \/><\/a><\/p>\n<p>A experi\u00eancia foi um piloto que faz parte de um amplo projeto, que prev\u00ea o treinamento de todos os avaliadores de penhor da CEF em identifica\u00e7\u00e3o e classifica\u00e7\u00e3o de gemas coradas e pode mudar o rumo do penhor de joias no Brasil.<\/p>\n<p>&nbsp;<\/p>\n","protected":false},"excerpt":{"rendered":"<p>Escola de Gemologia do SINDIJ\u00d3IAS\/IBGM realiza curso para avaliadores da Caixa Econ\u00f4mica Federal Entre os dias 23 de julho e 03 de agosto de 2011 a Escola de Gemologia Jos\u00e9 Bonif\u00e1cio de Andrada e Silva ofereceu treinamento pr\u00e1tico exclusivo de Identifica\u00e7\u00e3o, Classifica\u00e7\u00e3o e Avalia\u00e7\u00e3o de Gemas Coradas para os avaliadores da Caixa Econ\u00f4mica Federal. O [&hellip;]<\/p>\n","protected":false},"author":5,"featured_media":0,"parent":10,"menu_order":0,"comment_status":"open","ping_status":"closed","template":"","meta":{"footnotes":""},"class_list":["post-312","page","type-page","status-publish","hentry"],"_links":{"self":[{"href":"https:\/\/www.gemologiaibgm.com.br\/laboratorio\/wp-json\/wp\/v2\/pages\/312","targetHints":{"allow":["GET"]}}],"collection":[{"href":"https:\/\/www.gemologiaibgm.com.br\/laboratorio\/wp-json\/wp\/v2\/pages"}],"about":[{"href":"https:\/\/www.gemologiaibgm.com.br\/laboratorio\/wp-json\/wp\/v2\/types\/page"}],"author":[{"embeddable":true,"href":"https:\/\/www.gemologiaibgm.com.br\/laboratorio\/wp-json\/wp\/v2\/users\/5"}],"replies":[{"embeddable":true,"href":"https:\/\/www.gemologiaibgm.com.br\/laboratorio\/wp-json\/wp\/v2\/comments?post=312"}],"version-history":[{"count":3,"href":"https:\/\/www.gemologiaibgm.com.br\/laboratorio\/wp-json\/wp\/v2\/pages\/312\/revisions"}],"predecessor-version":[{"id":39539,"href":"https:\/\/www.gemologiaibgm.com.br\/laboratorio\/wp-json\/wp\/v2\/pages\/312\/revisions\/39539"}],"up":[{"embeddable":true,"href":"https:\/\/www.gemologiaibgm.com.br\/laboratorio\/wp-json\/wp\/v2\/pages\/10"}],"wp:attachment":[{"href":"https:\/\/www.gemologiaibgm.com.br\/laboratorio\/wp-json\/wp\/v2\/media?parent=312"}],"curies":[{"name":"wp","href":"https:\/\/api.w.org\/{rel}","templated":true}]}}