{"id":39526,"date":"2019-05-31T13:32:24","date_gmt":"2019-05-31T13:32:24","guid":{"rendered":"http:\/\/www.gemologiaibgm.com.br\/laboratorio\/?page_id=39526"},"modified":"2019-05-31T14:28:29","modified_gmt":"2019-05-31T14:28:29","slug":"comercio-etico-e-responsavel-em-diamantes-pedras-de-cor-perolas-e-corais-a-fazer-a-evitar","status":"publish","type":"page","link":"https:\/\/www.gemologiaibgm.com.br\/laboratorio\/noticias\/comercio-etico-e-responsavel-em-diamantes-pedras-de-cor-perolas-e-corais-a-fazer-a-evitar\/","title":{"rendered":"Com\u00e9rcio \u00e9tico e respons\u00e1vel em diamantes, pedras de cor, p\u00e9rolas e corais &#8211; a evitar a fazer"},"content":{"rendered":"<h3 class=\"currentNewsTitle\">COM\u00c9RCIO \u00c9TICO E RESPONS\u00c1VEL EM DIAMANTES, PEDRAS DE COR, P\u00c9ROLAS E CORAIS<\/h3>\n<h3 class=\"currentNewsSubtitle\">A FAZER A EVITAR<\/h3>\n<p>Recentemente a <strong><em>CIBJO &#8211; The world Jewellery Confederation<\/em><\/strong>, publicou o manual de transpar\u00eancia e pr\u00e1ticas eticamente respons\u00e1veis para o com\u00e9rcio de diamantes, pedras de cor, p\u00e9rolas e corais. O <em><strong>CIBJO&#8217;s Do&#8217;s &amp; Don&#8217;ts<\/strong><\/em> \u00e9 um guia simplificado que tem como objetivo promover as boas pr\u00e1ticas para o segmento de gemas e joias. O manual n\u00e3o substitui o <em><strong>COBJO Blue Books<\/strong>,<\/em> ele visa ajudar aos que vendem\u00a0 diamantes, pedras de cor, p\u00e9rolas, corais e produtos artificiais relacionados.<\/p>\n<p>Link para o guia em Portugu\u00eas &#8211; Brasil\u00a0 clique <a href=\"https:\/\/www.cibjo.org\/wp-content\/uploads\/2019\/04\/19-02-25-DD-Portuguese-Brazil-translation.pdf\" target=\"_blank\"><strong>aqui<\/strong>.<\/a><\/p>\n<p style=\"text-align: justify;\">Link para o guia CIBJO clique \u00a0<strong> <span style=\"color: #ff6600;\"><a href=\"https:\/\/www.cibjo.org\/dos-donts-guide\/\">aqui<\/a><\/span><\/strong><\/p>\n","protected":false},"excerpt":{"rendered":"<p>COM\u00c9RCIO \u00c9TICO E RESPONS\u00c1VEL EM DIAMANTES, PEDRAS DE COR, P\u00c9ROLAS E CORAIS A FAZER A EVITAR Recentemente a CIBJO &#8211; The world Jewellery Confederation, publicou o manual de transpar\u00eancia e pr\u00e1ticas eticamente respons\u00e1veis para o com\u00e9rcio de diamantes, pedras de cor, p\u00e9rolas e corais. O CIBJO&#8217;s Do&#8217;s &amp; Don&#8217;ts \u00e9 um guia simplificado que tem [&hellip;]<\/p>\n","protected":false},"author":7,"featured_media":0,"parent":10,"menu_order":0,"comment_status":"closed","ping_status":"closed","template":"","meta":{"footnotes":""},"class_list":["post-39526","page","type-page","status-publish","hentry"],"_links":{"self":[{"href":"https:\/\/www.gemologiaibgm.com.br\/laboratorio\/wp-json\/wp\/v2\/pages\/39526","targetHints":{"allow":["GET"]}}],"collection":[{"href":"https:\/\/www.gemologiaibgm.com.br\/laboratorio\/wp-json\/wp\/v2\/pages"}],"about":[{"href":"https:\/\/www.gemologiaibgm.com.br\/laboratorio\/wp-json\/wp\/v2\/types\/page"}],"author":[{"embeddable":true,"href":"https:\/\/www.gemologiaibgm.com.br\/laboratorio\/wp-json\/wp\/v2\/users\/7"}],"replies":[{"embeddable":true,"href":"https:\/\/www.gemologiaibgm.com.br\/laboratorio\/wp-json\/wp\/v2\/comments?post=39526"}],"version-history":[{"count":8,"href":"https:\/\/www.gemologiaibgm.com.br\/laboratorio\/wp-json\/wp\/v2\/pages\/39526\/revisions"}],"predecessor-version":[{"id":39541,"href":"https:\/\/www.gemologiaibgm.com.br\/laboratorio\/wp-json\/wp\/v2\/pages\/39526\/revisions\/39541"}],"up":[{"embeddable":true,"href":"https:\/\/www.gemologiaibgm.com.br\/laboratorio\/wp-json\/wp\/v2\/pages\/10"}],"wp:attachment":[{"href":"https:\/\/www.gemologiaibgm.com.br\/laboratorio\/wp-json\/wp\/v2\/media?parent=39526"}],"curies":[{"name":"wp","href":"https:\/\/api.w.org\/{rel}","templated":true}]}}