{"id":39552,"date":"2019-06-04T18:09:11","date_gmt":"2019-06-04T18:09:11","guid":{"rendered":"http:\/\/www.gemologiaibgm.com.br\/laboratorio\/?page_id=39552"},"modified":"2019-06-04T18:11:44","modified_gmt":"2019-06-04T18:11:44","slug":"alguns-tratamentos-aplicados-nas-gemas","status":"publish","type":"page","link":"https:\/\/www.gemologiaibgm.com.br\/laboratorio\/alguns-tratamentos-aplicados-nas-gemas\/","title":{"rendered":"Alguns tratamentos aplicados nas gemas"},"content":{"rendered":"<h3 class=\"vermelho\" style=\"text-align: center;\"><span style=\"color: #ff0000;\">Alguns tratamentos aplicados nas gemas<\/span><\/h3>\n<p><span style=\"color: #ff0000;\"><strong>Tratamento<\/strong><\/span><strong> \u2013 <\/strong>\u00e9 o processo que altera a apar\u00eancia e\/ou a durabilidade de uma gema, utilizando-se de diversos meios artificiais que n\u00e3o a lapida\u00e7\u00e3o e o polimento. As gemas s\u00e3o tratadas antes e\/ou depois da lapida\u00e7\u00e3o por v\u00e1rios processos com o objetivo de mudar a sua apar\u00eancia, melhorando ou modificando a sua cor e\/ou pureza.<\/p>\n<p><span style=\"color: #000000;\">Categorias de tratamentos:<\/span><\/p>\n<p>&#8211; os que requerem apenas informa\u00e7\u00e3o gen\u00e9rica;<\/p>\n<p>&#8211; os que necessitam de informa\u00e7\u00e3o espec\u00edfica.<\/p>\n<p><span style=\"color: #000000;\">Tratamentos que requerem apenas informa\u00e7\u00e3o gen\u00e9rica:<\/span><\/p>\n<p>\u2014 preenchimento com \u00f3leos e ceras;<\/p>\n<p>\u2014 enceramento;<\/p>\n<p>\u2014 aquecimento;<\/p>\n<p>\u2014 clareamento.<\/p>\n<p><span style=\"color: #000000;\"><strong>\u00a0<\/strong>Tratamentos que necessitam de informa\u00e7\u00e3o espec\u00edfica:<\/span><\/p>\n<p>\u2014 irradia\u00e7\u00e3o;<\/p>\n<p>\u2014 difus\u00e3o;<\/p>\n<p>\u2014 tingimento;<\/p>\n<p>\u2014 preenchimento com vidro, pl\u00e1stico e resina;<\/p>\n<p>\u2014 impregna\u00e7\u00e3o;<\/p>\n<p>\u2014 revestimento;<\/p>\n<p>\u2014 alta press\u00e3o e alta temperatura (HPHT);<\/p>\n<p>\u2014 perfura\u00e7\u00e3o a laser.<\/p>\n<p><strong>\u00a0<\/strong><span style=\"color: #ff0000;\"><strong>aquecimento <\/strong><\/span><strong>&#8211; <\/strong>tratamento por processo t\u00e9rmico com a finalidade de alterar a cor e\/ou a pureza.<\/p>\n<p><span style=\"color: #ff0000;\"><strong>clareamento <\/strong><\/span><strong>&#8211; <\/strong>remo\u00e7\u00e3o ou desbotamento da cor por meio de luz ou outros agentes f\u00edsicos e\/ou qu\u00edmicos.<\/p>\n<p><span style=\"color: #ff0000;\"><strong>difus\u00e3o<\/strong><\/span><strong> \u2013 <\/strong>tratamento termoqu\u00edmico que consiste na aplica\u00e7\u00e3o de alta temperatura e produtos qu\u00edmicos para introduzir artificialmente elementos causadores de cor ou de fen\u00f4menos \u00f3pticos na gema. Algumas gemas apresentam o tratamento apenas na superf\u00edcie.<\/p>\n<p><span style=\"color: #ff0000;\"><strong>enceramento<\/strong><\/span><strong> &#8211; <\/strong>consiste na aplica\u00e7\u00e3o de cera incolor e\/ou produtos semelhantes (\u00f3leo, pl\u00e1sticos, subst\u00e2ncia org\u00e2nico ou pol\u00edmero) na superf\u00edcie da gema para dar maior durabilidade e melhorar a apar\u00eancia.<\/p>\n<p><span style=\"color: #ff0000;\"><strong>impregna\u00e7\u00e3o <\/strong><\/span><strong>&#8211; <\/strong>consiste no preenchimento parcial ou total de poros para produzir melhor apar\u00eancia na gema.<\/p>\n<p><strong><span style=\"color: #ff0000;\">irradia\u00e7\u00e3o artificial<\/span> <\/strong><strong>&#8211; <\/strong>consiste na exposi\u00e7\u00e3o de gemas a qualquer forma de radia\u00e7\u00e3o controlada completa ou parcialmente pelo homem.<\/p>\n<p><span style=\"color: #ff0000;\"><strong>preenchimento com vidro, pl\u00e1stico e resinas <\/strong><\/span><strong>&#8211; <\/strong>consiste em inserir subst\u00e2ncias incolores, como vidro, pl\u00e1stico, resina ou similares, dentro de fissuras, fraturas ou cavidades que atingem a superf\u00edcie, com o objetivo de melhorar a pureza, cor e\/ou a resist\u00eancia da gema.<\/p>\n<p><strong><span style=\"color: #ff0000;\">preenchimento com \u00f3leos e ceras<\/span> <\/strong><strong>\u2013<\/strong> consiste em inserir uma subst\u00e2ncia incolor dentro de fissuras, fraturas ou cavidades, como \u00f3leos e ceras, visando melhorar a pureza e a apar\u00eancia da gema.<\/p>\n<p><span style=\"color: #ff0000;\"><strong>revestimento<\/strong><\/span><strong> &#8211; <\/strong>consiste em recobrir a superf\u00edcie da gema, parcial ou totalmente, com uma fina camada de subst\u00e2ncia, para prote\u00e7\u00e3o, colora\u00e7\u00e3o ou decora\u00e7\u00e3o.<\/p>\n<p><span style=\"color: #ff0000;\"><strong>tingimento<\/strong><\/span><strong> &#8211; <\/strong>\u00a0consiste em melhorar ou acrescentar cor a uma gema pela aplica\u00e7\u00e3o de tintura, corante ou pigmento.<\/p>\n<p><span style=\"color: #ff0000;\"><strong>alta press\u00e3o e alta temperatura (HPHT)<\/strong><\/span><strong> &#8211; <\/strong>\u00a0aquecimento em altas temperaturas sob altas press\u00f5es, usado para remover, diminuir ou alterar a cor dos diamantes.<\/p>\n<p><span style=\"color: #ff0000;\"><strong>perfura\u00e7\u00e3o a laser<\/strong><\/span><strong> &#8211; <\/strong>usado exclusivamente em diamantes, este tratamento consiste no uso de um feixe estreito e focado de raio laser que abre um canal, partindo da superf\u00edcie para alcan\u00e7ar inclus\u00f5es escuras por onde \u00e9 introduzido um produto qu\u00edmico para dissolver\u00a0 ou alterar a apar\u00eancia da inclus\u00e3o.<\/p>\n<p>&nbsp;<\/p>\n","protected":false},"excerpt":{"rendered":"<p>Alguns tratamentos aplicados nas gemas Tratamento \u2013 \u00e9 o processo que altera a apar\u00eancia e\/ou a durabilidade de uma gema, utilizando-se de diversos meios artificiais que n\u00e3o a lapida\u00e7\u00e3o e o polimento. As gemas s\u00e3o tratadas antes e\/ou depois da lapida\u00e7\u00e3o por v\u00e1rios processos com o objetivo de mudar a sua apar\u00eancia, melhorando ou modificando [&hellip;]<\/p>\n","protected":false},"author":7,"featured_media":0,"parent":0,"menu_order":0,"comment_status":"closed","ping_status":"closed","template":"","meta":{"footnotes":""},"class_list":["post-39552","page","type-page","status-publish","hentry"],"_links":{"self":[{"href":"https:\/\/www.gemologiaibgm.com.br\/laboratorio\/wp-json\/wp\/v2\/pages\/39552","targetHints":{"allow":["GET"]}}],"collection":[{"href":"https:\/\/www.gemologiaibgm.com.br\/laboratorio\/wp-json\/wp\/v2\/pages"}],"about":[{"href":"https:\/\/www.gemologiaibgm.com.br\/laboratorio\/wp-json\/wp\/v2\/types\/page"}],"author":[{"embeddable":true,"href":"https:\/\/www.gemologiaibgm.com.br\/laboratorio\/wp-json\/wp\/v2\/users\/7"}],"replies":[{"embeddable":true,"href":"https:\/\/www.gemologiaibgm.com.br\/laboratorio\/wp-json\/wp\/v2\/comments?post=39552"}],"version-history":[{"count":3,"href":"https:\/\/www.gemologiaibgm.com.br\/laboratorio\/wp-json\/wp\/v2\/pages\/39552\/revisions"}],"predecessor-version":[{"id":39556,"href":"https:\/\/www.gemologiaibgm.com.br\/laboratorio\/wp-json\/wp\/v2\/pages\/39552\/revisions\/39556"}],"wp:attachment":[{"href":"https:\/\/www.gemologiaibgm.com.br\/laboratorio\/wp-json\/wp\/v2\/media?parent=39552"}],"curies":[{"name":"wp","href":"https:\/\/api.w.org\/{rel}","templated":true}]}}