{"id":421,"date":"2011-12-06T15:43:18","date_gmt":"2011-12-06T15:43:18","guid":{"rendered":"http:\/\/gemologia.sindijoias.org\/laboratorio\/?page_id=421"},"modified":"2013-07-19T17:11:53","modified_gmt":"2013-07-19T17:11:53","slug":"a-importancia-de-um-laudo","status":"publish","type":"page","link":"https:\/\/www.gemologiaibgm.com.br\/laboratorio\/a-importancia-de-um-laudo\/","title":{"rendered":"A Import\u00e2ncia de um Laudo"},"content":{"rendered":"<h3 class=\"vermelho\" style=\"text-align: center;\"><span style=\"color: #ff6600;\">A Import\u00e2ncia de um Laudo<\/span><\/h3>\n<p style=\"text-align: center;\"><a href=\"https:\/\/www.gemologiaibgm.com.br\/laboratorio\/wp-content\/uploads\/2011\/11\/coroa.jpg\"><img loading=\"lazy\" decoding=\"async\" class=\"aligncenter\" title=\"coroa\" alt=\"\" src=\"https:\/\/www.gemologiaibgm.com.br\/laboratorio\/wp-content\/uploads\/2011\/11\/coroa.jpg\" width=\"360\" height=\"256\" \/><\/a><strong><br \/>\n<\/strong><\/p>\n<p style=\"text-align: justify;\">Bibiana Paranhos, designer de j\u00f3ias associada ao Sistema Ajesp \u2013 Sindij\u00f3ias, confirma a efici\u00eancia, qualidade e import\u00e2ncia do Laborat\u00f3rio Gemol\u00f3gico do Sindij\u00f3ias, que documenta e garante a autenticidade das gemas. \u201cEle \u00e9 muito importante, pois todos os clientes gostam de saber o valor e de receber um laudo da sua j\u00f3ia\u201d, afirma Bibiana.<\/p>\n<p style=\"text-align: justify;\">Filha de mineradores, Bibiana come\u00e7ou a se interessar por j\u00f3ias quando ainda morava em Porto Alegre, h\u00e1 cerca 15 anos. A designer vendia pe\u00e7as para suas amigas de faculdade quando percebeu a voca\u00e7\u00e3o para cria\u00e7\u00e3o. Decidiu aprimorar seu conhecimento fazendo um curso especializado de Hist\u00f3ria da Arte, J\u00f3ias e Moda, na Escola D\u2019uomo, em Mil\u00e3o, It\u00e1lia. \u201cAp\u00f3s essa temporada de estudos, iniciei o meu trabalho de cria\u00e7\u00e3o e produ\u00e7\u00e3o de j\u00f3ias\u201d, conta.<\/p>\n<p style=\"text-align: justify;\">Hoje, Bibiana \u00e9 respons\u00e1vel pela cria\u00e7\u00e3o de pe\u00e7as fabulosas, com destaques como as que brilharam em mega casamentos que foram foco da m\u00eddia, como a uni\u00e3o de Eliana e Eduardo Guedes e o de Sumaia, filha de Jamel Farez, dono da Marabraz. Bibiana tamb\u00e9m faz parte do seleto grupo que participa do evento anual Casar, que apresenta produtos tops destinados aos futuros casais.<\/p>\n<p style=\"text-align: justify;\">A coroa que deu um toque especial de glamour no casamento de Sumaia \u00e9 toda cravejada com quarenta quilates de diamantes e foi documentada pelo Laborat\u00f3rio Gemol\u00f3gico. \u201c\u00c9 importante para o cliente saber que possui uma j\u00f3ia valiosa, com pedras preciosas e raras, que seja avaliada num laborat\u00f3rio de confian\u00e7a\u201d, afirma Bibiana, que utiliza os nossos servi\u00e7os desde dezembro de 2003.<\/p>\n<p style=\"text-align: justify;\">O laborat\u00f3rio \u00e9 integrante da Rede IBGM de Laborat\u00f3rios Gemol\u00f3gicos, credenciada pela CIBJO \u2013 Conf\u00e9d\u00e9ration International de la Bijouterie, Joaillerie, Orf\u00e8vrierie des Diamantes, Perles et Pierres, entidade internacional, reguladora do segmento joalheiro no mundo, motivo pelo qual possui certificados reconhecidos internacionalmente.<\/p>\n<p>&nbsp;<\/p>\n","protected":false},"excerpt":{"rendered":"<p>A Import\u00e2ncia de um Laudo Bibiana Paranhos, designer de j\u00f3ias associada ao Sistema Ajesp \u2013 Sindij\u00f3ias, confirma a efici\u00eancia, qualidade e import\u00e2ncia do Laborat\u00f3rio Gemol\u00f3gico do Sindij\u00f3ias, que documenta e garante a autenticidade das gemas. \u201cEle \u00e9 muito importante, pois todos os clientes gostam de saber o valor e de receber um laudo da sua [&hellip;]<\/p>\n","protected":false},"author":5,"featured_media":0,"parent":0,"menu_order":0,"comment_status":"open","ping_status":"open","template":"","meta":{"footnotes":""},"class_list":["post-421","page","type-page","status-publish","hentry"],"_links":{"self":[{"href":"https:\/\/www.gemologiaibgm.com.br\/laboratorio\/wp-json\/wp\/v2\/pages\/421","targetHints":{"allow":["GET"]}}],"collection":[{"href":"https:\/\/www.gemologiaibgm.com.br\/laboratorio\/wp-json\/wp\/v2\/pages"}],"about":[{"href":"https:\/\/www.gemologiaibgm.com.br\/laboratorio\/wp-json\/wp\/v2\/types\/page"}],"author":[{"embeddable":true,"href":"https:\/\/www.gemologiaibgm.com.br\/laboratorio\/wp-json\/wp\/v2\/users\/5"}],"replies":[{"embeddable":true,"href":"https:\/\/www.gemologiaibgm.com.br\/laboratorio\/wp-json\/wp\/v2\/comments?post=421"}],"version-history":[{"count":1,"href":"https:\/\/www.gemologiaibgm.com.br\/laboratorio\/wp-json\/wp\/v2\/pages\/421\/revisions"}],"predecessor-version":[{"id":49151,"href":"https:\/\/www.gemologiaibgm.com.br\/laboratorio\/wp-json\/wp\/v2\/pages\/421\/revisions\/49151"}],"wp:attachment":[{"href":"https:\/\/www.gemologiaibgm.com.br\/laboratorio\/wp-json\/wp\/v2\/media?parent=421"}],"curies":[{"name":"wp","href":"https:\/\/api.w.org\/{rel}","templated":true}]}}