{"id":436,"date":"2011-12-06T16:01:30","date_gmt":"2011-12-06T16:01:30","guid":{"rendered":"http:\/\/gemologia.sindijoias.org\/laboratorio\/?page_id=436"},"modified":"2015-04-29T14:48:42","modified_gmt":"2015-04-29T14:48:42","slug":"a-importancia-da-homologacao-do-conjunto-de-diamantes-padrao","status":"publish","type":"page","link":"https:\/\/www.gemologiaibgm.com.br\/laboratorio\/a-importancia-da-homologacao-do-conjunto-de-diamantes-padrao\/","title":{"rendered":"Homologa\u00e7\u00e3o dos Diamantes Padr\u00e3o"},"content":{"rendered":"<h3 align=\"center\"><span style=\"color: #ff6600;\">A Import\u00e2ncia da\u00a0Homologa\u00e7\u00e3o<\/span><br \/>\n<span style=\"color: #ff6600;\"> do Conjunto de\u00a0Diamantes\u00a0Padr\u00e3o<\/span><\/h3>\n<p style=\"text-align: center;\" align=\"center\"><strong>\u00a0<\/strong><\/p>\n<p style=\"text-align: justify;\">O Laborat\u00f3rio Gemol\u00f3gico de S\u00e3o Paulo \u00e9 o \u00fanico da Am\u00e9rica Latina a possuir um conjunto de Diamantes Padr\u00e3o. O reconhecimento aconteceu durante a 42\u00aa FENINJER, em fevereiro de 2006, quando t\u00e9cnicos do <span style=\"color: #ff6600;\"><a href=\"https:\/\/www.gia.edu\/\"><span style=\"color: #ff6600;\">GIA \u2013 Gemological Institute of America<\/span><\/a> <\/span>&#8211; examinaram os diamantes \u201ccandidatos\u201d do<span style=\"color: #ff6600;\"> <a href=\"https:\/\/ibgm.com.br\/index.php\"><span style=\"color: #ff6600;\">IBGM-SP<\/span><\/a><\/span> e homologaram o conjunto padr\u00e3o na faixa de 0,70 ct.<\/p>\n<p style=\"text-align: justify;\">A Coordenadora da <span style=\"color: #ff6600;\"><a href=\"https:\/\/ibgm.com.br\/servicos.php?id=1\"><span style=\"color: #ff6600;\">Rede IBGM de Laborat\u00f3rios Gemol\u00f3gicos<\/span><\/a><\/span>, Jane Gama, explica um pouco mais sobre a import\u00e2ncia e o trabalho desenvolvido a partir das pe\u00e7as Padr\u00e3o:<\/p>\n<p><strong>1<\/strong> \u2013 Quantos diamantes comp\u00f5em o conjunto de Diamantes Padr\u00e3o? O conjunto est\u00e1 completo ou existe a possibilidade de adquirir outros?<\/p>\n<p style=\"text-align: justify;\"><strong>Jane:<\/strong> O nosso conjunto de diamantes padr\u00e3o, homologado pelo GIA, \u00e9 composto de oito diamantes, s\u00e3o eles E, F, G, H, I, J, K e L. Temos o diamante Z que ainda n\u00e3o foi homologado e estamos aguardando a chegada de um diamante M e outro N at\u00e9 o final deste m\u00eas. Entre a cor N e a Z existem outras 11 cores, entretanto, elas n\u00e3o s\u00e3o necess\u00e1rias para nosso laborat\u00f3rio tendo em vista que n\u00e3o h\u00e1 demanda para certifica\u00e7\u00e3o dessas cores.<\/p>\n<p style=\"text-align: justify;\"><strong>2 <\/strong>\u2013 Antes da homologa\u00e7\u00e3o como o IBGM realizava os trabalhos de avalia\u00e7\u00e3o?<\/p>\n<p style=\"text-align: justify;\"><strong>Jane:<\/strong> H\u00e1 alguns anos o nosso conjunto de diamantes padr\u00e3o foi comparado com o da <span style=\"color: #ff6600;\"><a href=\"https:\/\/www.cibjo.org\/\"><span style=\"color: #ff6600;\">CIBJO (Confedera\u00e7\u00e3o Internacional do Setor Joalheiro) <\/span><\/a><\/span>e aprovado pela institui\u00e7\u00e3o, na \u00e9poca em que a Rede IBGM Laborat\u00f3rios Gemol\u00f3gicos foi registrada pela CIBJO. Entretanto, a homologa\u00e7\u00e3o feita pelo GIA veio a comprovar a precis\u00e3o de nosso conjunto de diamantes padr\u00e3o.<\/p>\n<p style=\"text-align: justify;\"><strong>3 <\/strong>\u2013 A partir da homologa\u00e7\u00e3o que tipo de servi\u00e7os o IBGM poder\u00e1 prestar e para quem?<\/p>\n<p style=\"text-align: justify;\"><strong>Jane:<\/strong> Com a homologa\u00e7\u00e3o poderemos prestar o servi\u00e7o de compara\u00e7\u00e3o de diamantes candidatos para formar conjunto de diamante padr\u00e3o para comerciantes e gem\u00f3logos. E, naturalmente, continuaremos a prestar os mesmos servi\u00e7os e com a mesma qualidade que antes, entretanto, com a garantia de padr\u00e3o GIA de cor. A Rede IBGM de Laborat\u00f3rios Gemol\u00f3gicos emite: Certificado de Diamante, Certificado de Identifica\u00e7\u00e3o de gema corada, Parecer Gemol\u00f3gico de j\u00f3ia, gema corada ou diamante, Laudo de Avalia\u00e7\u00e3o para embasamento de seguros ou inqu\u00e9rito policial, al\u00e9m de prestarmos consultoria verbal em avalia\u00e7\u00e3o de diamante, gema corada e j\u00f3ia. Temos como clientes tanto os integrantes do setor joalheiro (atacadistas, designers, fabricantes, aut\u00f4nomos e varejistas) quanto o consumidor final.<\/p>\n<p style=\"text-align: justify;\"><strong>4 <\/strong>\u2013 Por ser a \u00fanica institui\u00e7\u00e3o da Am\u00e9rica Latina a possuir o conjunto Padr\u00e3o, outros pa\u00edses poder\u00e3o contatar o IBGM para avalia\u00e7\u00e3o das pedras?<\/p>\n<p style=\"text-align: justify;\"><strong>Jane:<\/strong> N\u00e3o fazemos distin\u00e7\u00e3o entre clientes nacionais e estrangeiros, todos os clientes s\u00e3o bem vindos. Inclusive os documentos da Rede IBGM de Laborat\u00f3rios Gemol\u00f3gicos s\u00e3o bil\u00edng\u00fces em portugu\u00eas e ingl\u00eas.<\/p>\n<p style=\"text-align: justify;\"><strong>5<\/strong> \u2013 Existe algum equipamento que auxilia na classifica\u00e7\u00e3o da cor ou o trabalho \u00e9 feito apenas atrav\u00e9s da compara\u00e7\u00e3o?<\/p>\n<p style=\"text-align: justify;\"><strong>Jane:<\/strong> A classifica\u00e7\u00e3o da cor de um diamante \u00e9 feita por compara\u00e7\u00e3o com diamantes padr\u00e3o sob lumin\u00e1ria especial com ilumina\u00e7\u00e3o diurna (luz branca) por profissional experiente com vis\u00e3o saud\u00e1vel e descansada.<\/p>\n<p style=\"text-align: justify;\"><strong>6 <\/strong>\u2013 Existe a possibilidade de erro ao classificar uma pedra a partir de um conjunto Padr\u00e3o?<\/p>\n<p style=\"text-align: justify;\"><strong>Jane:<\/strong> A classifica\u00e7\u00e3o tanto de cor quanto de pureza \u00e9 a opini\u00e3o do profissional que assina o documento, portanto, opini\u00f5es podem divergir. O importante \u00e9 a seriedade, consist\u00eancia e a idoneidade do Laborat\u00f3rio e de seus t\u00e9cnicos.<\/p>\n<p style=\"text-align: justify;\"><strong>7<\/strong> \u2013 A avalia\u00e7\u00e3o se d\u00e1 apenas no quesito \u201ccor\u201d?<\/p>\n<p style=\"text-align: justify;\"><strong>Jane:<\/strong> A avalia\u00e7\u00e3o de um diamante n\u00e3o \u00e9 s\u00f3 determinada pela classifica\u00e7\u00e3o da sua cor, mas tamb\u00e9m pelo seu peso, lapida\u00e7\u00e3o e pureza.<\/p>\n<p>&nbsp;<\/p>\n","protected":false},"excerpt":{"rendered":"<p>A Import\u00e2ncia da\u00a0Homologa\u00e7\u00e3o do Conjunto de\u00a0Diamantes\u00a0Padr\u00e3o \u00a0 O Laborat\u00f3rio Gemol\u00f3gico de S\u00e3o Paulo \u00e9 o \u00fanico da Am\u00e9rica Latina a possuir um conjunto de Diamantes Padr\u00e3o. O reconhecimento aconteceu durante a 42\u00aa FENINJER, em fevereiro de 2006, quando t\u00e9cnicos do GIA \u2013 Gemological Institute of America &#8211; examinaram os diamantes \u201ccandidatos\u201d do IBGM-SP e homologaram [&hellip;]<\/p>\n","protected":false},"author":5,"featured_media":0,"parent":0,"menu_order":0,"comment_status":"open","ping_status":"open","template":"","meta":{"footnotes":""},"class_list":["post-436","page","type-page","status-publish","hentry"],"_links":{"self":[{"href":"https:\/\/www.gemologiaibgm.com.br\/laboratorio\/wp-json\/wp\/v2\/pages\/436","targetHints":{"allow":["GET"]}}],"collection":[{"href":"https:\/\/www.gemologiaibgm.com.br\/laboratorio\/wp-json\/wp\/v2\/pages"}],"about":[{"href":"https:\/\/www.gemologiaibgm.com.br\/laboratorio\/wp-json\/wp\/v2\/types\/page"}],"author":[{"embeddable":true,"href":"https:\/\/www.gemologiaibgm.com.br\/laboratorio\/wp-json\/wp\/v2\/users\/5"}],"replies":[{"embeddable":true,"href":"https:\/\/www.gemologiaibgm.com.br\/laboratorio\/wp-json\/wp\/v2\/comments?post=436"}],"version-history":[{"count":1,"href":"https:\/\/www.gemologiaibgm.com.br\/laboratorio\/wp-json\/wp\/v2\/pages\/436\/revisions"}],"predecessor-version":[{"id":13948,"href":"https:\/\/www.gemologiaibgm.com.br\/laboratorio\/wp-json\/wp\/v2\/pages\/436\/revisions\/13948"}],"wp:attachment":[{"href":"https:\/\/www.gemologiaibgm.com.br\/laboratorio\/wp-json\/wp\/v2\/media?parent=436"}],"curies":[{"name":"wp","href":"https:\/\/api.w.org\/{rel}","templated":true}]}}