{"id":444,"date":"2011-12-06T16:05:53","date_gmt":"2011-12-06T16:05:53","guid":{"rendered":"http:\/\/gemologia.sindijoias.org\/laboratorio\/?page_id=444"},"modified":"2013-07-19T17:11:27","modified_gmt":"2013-07-19T17:11:27","slug":"diamantes-uma-atividade-preciosa","status":"publish","type":"page","link":"https:\/\/www.gemologiaibgm.com.br\/laboratorio\/diamantes-uma-atividade-preciosa\/","title":{"rendered":"&#8220;Diamantes&#8221;: uma atividade preciosa"},"content":{"rendered":"<h3 class=\"MsoNormal dourado vermelho\" style=\"text-align: center; line-height: 12pt; margin-right: 22.5pt; margin-bottom: 12pt; margin-left: 7.5pt;\"><span style=\"color: #ff6600;\"><strong>&#8220;Diamantes&#8221;: uma atividade preciosa<\/strong><\/span><\/h3>\n<p class=\"MsoNormal\" style=\"margin-top: 3.75pt; margin-right: 7.5pt; margin-left: 7.5pt; line-height: 13.5pt; text-align: justify;\"><span style=\"font-family: Verdana; mso-bidi-font-family: 'Times New Roman';\">Depois de quase uma d\u00e9cada voltou-se a falar do Blood Diamond (Diamante de Sangue). O assunto vem \u00e0 tona junto com um filme que ser\u00e1 estrelado nos cinemas pelo ator Leonardo DiCaprio. O filme relembra o eps\u00f3dio real em que conflitos para controlar as regi\u00f5es produtoras de diamantes em Serra Leoa ocasionaram muitas mortes no pa\u00eds. Neste per\u00edodo as pedras eram vendidas para financiar rebeli\u00f5es, por isso o nome &#8220;Diamante de Sangue&#8221;. Atualmente, em quase 100% dos locais de extra\u00e7\u00e3o de Diamantes n\u00e3o h\u00e1 conflitos, ao contr\u00e1rio do que se viu no passado, gra\u00e7as \u00e0 atua\u00e7\u00e3o legal dos que trabalham no setor. Al\u00e9m disso, o trabalho das ind\u00fastrias de Diamantes tem contribu\u00eddo para financiar v\u00e1rios projetos voltados para o social, sem falar no crescimento econ\u00f4mico que o setor proporciona. <\/span><\/p>\n<p class=\"MsoNormal\" style=\"margin-top: 3.75pt; margin-right: 7.5pt; margin-left: 7.5pt; line-height: 13.5pt; text-align: justify;\"><span style=\"font-family: Verdana; mso-bidi-font-family: 'Times New Roman';\">Uma lista enorme de a\u00e7\u00f5es podem ser observadas no site <\/span><span style=\"color: #ff6600;\"><a href=\"www.diamondfacts.org\" target=\"_blank\"><span style=\"color: #ff6600;\">www.diamondfacts.org<\/span><\/a><\/span><span style=\"font-family: Verdana; mso-bidi-font-family: 'Times New Roman';\">, que destaca os pontos positivos e fala sobre a hist\u00f3ria do Diamante e as contribui\u00e7\u00f5es da atividade. Um bom exemplo a ser analisado \u00e9 como as ind\u00fastrias que trabalham com esta pedra preciosa t\u00eam investido no combate do v\u00edrus da AIDS no Sul do Continente Africano, e outras doen\u00e7as. Os investimentos tamb\u00e9m chegam no setor da educa\u00e7\u00e3o e infra-estrutura. Portanto s\u00e3o ineg\u00e1veis os benef\u00edcios que a explora\u00e7\u00e3o do diamante trouxe para os pa\u00edses onde eles s\u00e3o extra\u00eddos e comercializados.\u00a0<\/span><\/p>\n<p>&nbsp;<\/p>\n<h1 class=\"dourado\"><span style=\"font-family: 'Academy Engraved LET'; mso-bidi-font-family: Aharoni;\">\u00a0 \u00a0\u00a0<\/span><\/h1>\n<p class=\"MsoNormal\" style=\"margin-top: 3.75pt; margin-right: 7.5pt; margin-left: 7.5pt; line-height: 13.5pt; text-align: justify;\">\n","protected":false},"excerpt":{"rendered":"<p>&#8220;Diamantes&#8221;: uma atividade preciosa Depois de quase uma d\u00e9cada voltou-se a falar do Blood Diamond (Diamante de Sangue). O assunto vem \u00e0 tona junto com um filme que ser\u00e1 estrelado nos cinemas pelo ator Leonardo DiCaprio. O filme relembra o eps\u00f3dio real em que conflitos para controlar as regi\u00f5es produtoras de diamantes em Serra Leoa [&hellip;]<\/p>\n","protected":false},"author":5,"featured_media":0,"parent":0,"menu_order":0,"comment_status":"open","ping_status":"open","template":"","meta":{"footnotes":""},"class_list":["post-444","page","type-page","status-publish","hentry"],"_links":{"self":[{"href":"https:\/\/www.gemologiaibgm.com.br\/laboratorio\/wp-json\/wp\/v2\/pages\/444","targetHints":{"allow":["GET"]}}],"collection":[{"href":"https:\/\/www.gemologiaibgm.com.br\/laboratorio\/wp-json\/wp\/v2\/pages"}],"about":[{"href":"https:\/\/www.gemologiaibgm.com.br\/laboratorio\/wp-json\/wp\/v2\/types\/page"}],"author":[{"embeddable":true,"href":"https:\/\/www.gemologiaibgm.com.br\/laboratorio\/wp-json\/wp\/v2\/users\/5"}],"replies":[{"embeddable":true,"href":"https:\/\/www.gemologiaibgm.com.br\/laboratorio\/wp-json\/wp\/v2\/comments?post=444"}],"version-history":[{"count":1,"href":"https:\/\/www.gemologiaibgm.com.br\/laboratorio\/wp-json\/wp\/v2\/pages\/444\/revisions"}],"predecessor-version":[{"id":36517,"href":"https:\/\/www.gemologiaibgm.com.br\/laboratorio\/wp-json\/wp\/v2\/pages\/444\/revisions\/36517"}],"wp:attachment":[{"href":"https:\/\/www.gemologiaibgm.com.br\/laboratorio\/wp-json\/wp\/v2\/media?parent=444"}],"curies":[{"name":"wp","href":"https:\/\/api.w.org\/{rel}","templated":true}]}}