{"id":560,"date":"2011-12-08T14:30:49","date_gmt":"2011-12-08T14:30:49","guid":{"rendered":"http:\/\/gemologia.sindijoias.org\/laboratorio\/?page_id=560"},"modified":"2013-07-19T17:29:59","modified_gmt":"2013-07-19T17:29:59","slug":"dr-rui","status":"publish","type":"page","link":"https:\/\/www.gemologiaibgm.com.br\/laboratorio\/noticias\/dr-rui\/","title":{"rendered":"Dr. Rui Ribeiro Franco"},"content":{"rendered":"<h3 style=\"text-align: center;\">\u00a0<span style=\"color: #ff6600;\">O Setor homenageia e se despede do Dr. Rui Ribeiro Franco<\/span><\/h3>\n<p style=\"text-align: center;\">Confira as \u00a0mensagens de carinho e homenagens ao Prof. Dr. Rui Ribeiro Franco,<br \/>\n&#8220;o pai da Gemologia brasileira&#8221;<\/p>\n<p style=\"text-align: center;\"><img loading=\"lazy\" decoding=\"async\" class=\"size-full wp-image-561 alignnone\" title=\"dr_rui\" alt=\"\" src=\"https:\/\/www.gemologiaibgm.com.br\/laboratorio\/wp-content\/uploads\/2011\/12\/dr_rui.jpg\" width=\"400\" height=\"282\" \/><\/p>\n<p style=\"text-align: center;\">Tobias Dryzun, Dr. Rui Ribeiro Franco e Ricardo Lerner na inaugura\u00e7\u00e3o<br \/>\ndo Laborat\u00f3rio Gemol\u00f3gico Dr. Rui Ribeiro Franco do SINDIJ\u00d3IAS-SP<\/p>\n<h4 style=\"text-align: left;\"><\/h4>\n<h4 style=\"text-align: left;\"><span style=\"color: #ff6600;\"><strong>Queridos Amigos e Associados,<\/strong><\/span><\/h4>\n<p>&nbsp;<\/p>\n<p style=\"text-align: justify;\">Mais uma not\u00edcia triste que n\u00e3o pode ser passada em branco: O falecimento aos 91 anos do Prof. Rui Ribeiro Franco &#8211; considerado o pai da Gemologia Brasileira, no \u00faltimo dia 20 de fevereiro de 2008 . Em decorr\u00eancia, alguns textos bastante significativos chegaram em nossas m\u00e3os: de Willian Vieira, da Folha de S\u00e3o Paulo, encaminhado por um grande amigo, o ge\u00f3logo prof. Jurgen Snellrath; e diretamente pelo pr\u00f3prio autor, um outro ge\u00f3logo amigo, P\u00e9rcio Moraes Branco. Pela imensa contribui\u00e7\u00e3o e valor que o professor Rui deu ao desenvolvimento da Gemologia, numa \u00e9poca em que n\u00e3o figurava ainda o estudo das pedras preciosas neste pa\u00eds, a ABGA &#8211; Associa\u00e7\u00e3o Brasileira dos Gem\u00f3logos e Avaliadores de Gemas e J\u00f3ias presta sua \u00faltima homenagem e agradecimento publicando seu percurso e algumas resenhas sobre este ilustre e important\u00edssimo mestre nascido nos idos de 1916, que podem nos dar uma dimens\u00e3o mais pr\u00f3xima de sua trajet\u00f3ria acad\u00eamico-profissional e o que ele significou para a Hist\u00f3ria da Gemologia no Brasil.<\/p>\n<div>\n<p style=\"text-align: justify;\"><strong>T\u00edtulos<br \/>\n<\/strong>Bacharel (Hist\u00f3ria natural) &#8211; Faculdade de Filosofia, Ci\u00eancias e Letras da Universidade de S\u00e3o Paulo, FFCL\/USP &#8211; 1940.<br \/>\nDoutor (Ci\u00eancias) &#8211; USP &#8211; 1944.<br \/>\nLivre-docente (Mineralogia e Petrologia) &#8211; USP &#8211; 1952.<br \/>\nProfessor catedr\u00e1tico (Petrologia) &#8211; USP &#8211; 1958.<\/p>\n<p style=\"text-align: justify;\"><strong>Hist\u00f3rico<br \/>\n<\/strong>Rui Ribeiro Franco foi membro associado em 1953 e promovido a membro titular em 1962 na Academia Brasileira de Ci\u00eancias &#8211; ABC. Pertence tamb\u00e9m \u00e0 Associa\u00e7\u00e3o Brasileira de Gemologia, \u00e0 Sociedade Brasileira de Gemologia, \u00e0 Sociedade Brasileira de Geologia e \u00e0 Sociedade Brasileira para o Progresso da Ci\u00eancia &#8211; SBPC. Orientou muitas teses de doutoramento, organizou cursos e presidiu bancas de concursos e exames para o magist\u00e9rio. Sua produ\u00e7\u00e3o cient\u00edfica, que compreende 4 livros sobre minerais do Brasil, pedras preciosas, petrologia e no\u00e7\u00f5es de mineralogia e geologia, \u00e9 acrescida de cerca de 50 trabalhos publicados em revistas nacionais e internacionais e mais a tradu\u00e7\u00e3o de 5 livros de sua \u00e1rea de especializa\u00e7\u00e3o. Suas pesquisas de campo foram realizadas do Rio Grande do Sul ao Picu\u00ed, na Para\u00edba. Foi correspondente da revista Mining World, de San Francisco, California, EUA no per\u00edodo de 1947 a 1958 e editor da revista Gemologia de S\u00e3o Paulo, desde 1955 at\u00e9 recentemente.<\/p>\n<div>\n<div>\n<p style=\"text-align: justify;\"><strong>Pr\u00eamios-Condecora\u00e7\u00f5es<\/strong><br \/>\nComendador da Ordem Nacional do M\u00e9rito Cient\u00edfico &#8211; Presidente da Rep\u00fablica do Brasil &#8211; Jun\/1995<br \/>\nGr\u00e3-Cruz da Ordem Nacional do M\u00e9rito Cient\u00edfico &#8211; Presidente da Rep\u00fablica do Brasil &#8211; Jul\/2000<\/p>\n<p style=\"text-align: justify;\"><strong>Medalhas<br \/>\n<\/strong>Medalha Carneiro Fellipe &#8211; Comiss\u00e3o Nacional de Energia Nuclear &#8211; 1996<br \/>\nPr\u00eamios<br \/>\nPr\u00eamio &#8220;Antonio e Helena Zerrener&#8221; \u2013 1938<br \/>\nPr\u00eamio (Medalha de Ouro e Diploma) &#8220;Jos\u00e9 Bonif\u00e1cio de Andrada e Silva&#8221; &#8211; Sociedade Brasileira de Geologia \u2013 1971<\/p>\n<div>\n<div>\n<p style=\"text-align: justify;\">__________________________________________________________________________________<\/p>\n<p style=\"text-align: justify;\"><strong>DR. RUI\u00a0RIBEIRO FRANCO,\u00a0 AS AULAS E AS GEMAS<\/strong><\/p>\n<p style=\"text-align: justify;\">Na Al. Glete, 463, centro de S\u00e3o Paulo, h\u00e1 uma figueira frondosa onde, at\u00e9 os anos 1970, havia um palacete que abrigava o curso de geologia da USP. O palacete foi demolido, e o curso, transferido. Mas a \u00e1rvore continua l\u00e1, viva como a mem\u00f3ria dos alunos deRui Ribeiro Franco. Nascido em S\u00e3o Jos\u00e9 do Rio Pardo, foi para a capital estudar ci\u00eancias naturais na USP. A ascens\u00e3o foi r\u00e1pida. Em 1952 era livre-docente em mineralogia e, em 1958, catedr\u00e1tico em petrologia. Tanto que recebeu do Instituto de Pesquisas Energ\u00e9ticas e Nucleares, onde estava desde 1968, o convite para estruturar o curso de p\u00f3s-gradua\u00e7\u00e3o em tecnologia nuclear, em 1976, no auge da discuss\u00e3o sobre as usinas nucleares brasileiras. Foi diretor do Ipen e presidente da Sociedade Brasileira de Geologia e da Associa\u00e7\u00e3o Brasileira de Gemologia e Mineralogia. &#8220;Sua paix\u00e3o na vida eram as gemas&#8221; de pedras coletadas do Rio Grande do Sul \u00e0 Para\u00edba. Cada um dos tr\u00eas filhos, quatro netos e dois bisnetos ouviram-no, em alguma idade, falar por horas sobre as gemas que guardava nas gavetas de casa. Era seu tema preferido, at\u00e9 nos quatro livros did\u00e1ticos que escreveu e nos cinco que traduziu. Morreu no dia 20, aos 91 anos, de causas naturais. Mas ficar\u00e1 na mem\u00f3ria dos ex-alunos da USP como &#8220;pesquisador incans\u00e1vel&#8221;, especialmente sob a figueira da Al. Glete, &#8220;em cuja sombra todos os gletianos conversavam&#8221;, ladeando o Brucutu, personagem dos quadrinhos que \u00e9 s\u00edmbolo dos estudantes de geologia da USP.<\/p>\n<p style=\"text-align: left;\"><strong>\u00a0(texto de Willian Vieira, Folha de S\u00e3o Paulo, 26\/02\/08)<\/strong>__________________________________________________________________________________<\/p>\n<p class=\"MsoNormal\" style=\"text-align: justify;\"><strong>RUI RIBEIRO FRANCO &#8211; Um Mestre Que Vai<\/strong><\/p>\n<p class=\"MsoNormal\" style=\"text-align: justify;\">Faleceu dia 20 de fevereiro, aos 91 anos, o professor Rui Ribeiro Franco, considerado o Pai da Gemologia Brasileira. Foi no seu pequeno mas precioso livro As Pedras Preciosas que comecei a conhecer os fundamentos cient\u00edficos da Gemologia. Em 1978, esse conhecimento deu um grande salto quando com ele fiz meu primeiro curso nesta \u00e1rea, no Rio de Janeiro.<\/p>\n<p class=\"MsoNormal\" style=\"text-align: justify;\">A crescente admira\u00e7\u00e3o por seu trabalho me fez convid\u00e1-lo, no mesmo ano, a prefaciar a primeira edi\u00e7\u00e3o do meu Dicion\u00e1rio de Mineralogia, o que ele fez, pareceu-me, com alguma desconfian\u00e7a, afinal eu era um ilustre desconhecido.<\/p>\n<p class=\"MsoNormal\" style=\"text-align: justify;\">Vi que a desconfian\u00e7a desaparecera em 1982 quando, no Congresso Brasileiro de Geologia, ele me sugeriu fazer trabalho semelhante para as gemas. Achei a id\u00e9ia boa, mas demorei um pouco a abra\u00e7ar a tarefa, que resultou no Gloss\u00e1rio Gemol\u00f3gico, em 1984. Desde ent\u00e3o, infelizmente, foram raros os contatos com ele.<\/p>\n<p class=\"MsoNormal\" style=\"text-align: justify;\">Alguns anos atr\u00e1s. sugeri a alguns colegas gem\u00f3logos que se procurasse algum deputado federal conhecido para que ele apresentasse projeto de lei criando o Dia do Gem\u00f3logo, a ser comemorado na data de nascimento do prof. Rui. Seria uma homenagem ao grande mestre e pioneiro, a ser prestada enquanto ele ainda estava entre n\u00f3s. Eu n\u00e3o conhecia nenhum deputado a quem pudesse encaminhar a proposta e a homenagem n\u00e3o se concretizou. Agora, por\u00e9m, j\u00e1 existe um movimento para perpetuar sua mem\u00f3ria dessa maneira.<\/p>\n<p class=\"MsoNormal\" style=\"text-align: justify;\">Uma triste ironia do destino me fez sugerir tamb\u00e9m, apenas um dia antes de saber do seu falecimento, uma entrevista com ele no Portal das J\u00f3ias,.<\/p>\n<p class=\"MsoNormal\" style=\"text-align: justify;\">Rui Ribeiro Franco nasceu em S\u00e3o Jos\u00e9 do Rio Pardo (SP) e diplomou-se em Ci\u00eancias Naturais na USP. Em 1952, era livre-docente em Mineralogia e, em 1958, catedr\u00e1tico em Petrologia. Foi diretor do Instituto de Pesquisas Energ\u00e9ticas e Nucleares, presidente da Sociedade Brasileira de Geologia e da Associa\u00e7\u00e3o Brasileira de Gemologia e Mineralogia.<\/p>\n<p class=\"MsoNormal\" style=\"text-align: justify;\">Publicou quatro livros e traduziu outros cinco, entre eles o excelente Gemas do Mundo, de Walter Schumann, um sucesso editorial no Brasil e em muitos outros pa\u00edses. Deixa tr\u00eas filhos, quatro netos e dois bisnetos. Esperamos que neles tenha ficado pelo menos um pouco da imensa paix\u00e3o que ele tinha pelas gemas.<\/p>\n<p class=\"MsoNormal\" style=\"text-align: justify;\"><strong>(P\u00e9rcio de Moraes Branco, ge\u00f3logo)<\/strong><\/p>\n<p class=\"MsoNormal\" style=\"text-align: justify;\">___________________________________________________________________________________<\/p>\n<p class=\"MsoNormal\" style=\"text-align: justify;\">\u00c0 Sociedade Brasileira de Geologia<\/p>\n<p class=\"MsoNormal\" style=\"text-align: justify;\">\u00c0 Sociedade Brasileira de Gemologia e Mineralogia<\/p>\n<p class=\"MsoNormal\" style=\"text-align: justify;\">Ao IPEN &#8211; Instituto de Pesquisas Energ\u00e9ticas e Nucleares<\/p>\n<p class=\"MsoNormal\" style=\"text-align: justify;\">Ao Laborat\u00f3rio Gemol\u00f3gico Prof. Rui Ribeiro Fanco<\/p>\n<p class=\"MsoNormal\" style=\"text-align: justify;\">A ABGA &#8211; Associa\u00e7\u00e3o Brasileira dos Gem\u00f3logos e Avaliadores de Gemas e J\u00f3ias lamenta a inestim\u00e1vel perda no \u00faltimo dia 20 de fevereiro de 2008 do grande precursor e pesquisador brasileiro nos campos de Geologia e Gemologia, Prof. Rui Ribeiro Franco que tanto contribuiu para o desenvolvimento e expans\u00e3o de ambas essas \u00e1reas em nosso pa\u00eds.<\/p>\n<p class=\"MsoNormal\" style=\"text-align: justify;\">E reitera, com extremo pesar, nossas sinceras condol\u00eancias em car\u00e1ter pessoal, primeiramente em nome do Presidente desta entidade, Prof. Walter Leite e de nosso Diretor Executivo, Prof. Andr\u00e9 Leite &#8211; seus ex-alunos e grandes admiradores &#8211; al\u00e9m de todos os gem\u00f3logos associados, designers de j\u00f3ias, estudiosos, alunos e demais admiradores do magn\u00edfico mundo das pedras preciosas naturais.<\/p>\n<p class=\"MsoNormal\" style=\"text-align: justify;\">Atenciosamente,<\/p>\n<p class=\"MsoNormal\" style=\"text-align: justify;\"><strong>Walter M. Leite<\/strong><br \/>\nPresidente ABGA<\/p>\n<p class=\"MsoNormal\" style=\"text-align: justify;\"><strong>Andr\u00e9 C. Leite<\/strong><br \/>\nPresidente ADesign\/Diretor Executivo ABGA<\/p>\n<p class=\"MsoNormal\" style=\"text-align: justify;\"><strong>Cynthia A. Leite<\/strong><br \/>\nCoord.Com &amp; Mkt ADesign\/ABGA<\/p>\n<p class=\"MsoNormal\" style=\"text-align: justify;\"><strong>ABGA e ADesign<\/strong><br \/>\nMembros Associados<\/p>\n<p class=\"MsoNormal\" style=\"text-align: justify;\">_________________________________________________________________________________<\/p>\n<p class=\"MsoNormal\" style=\"text-align: justify;\">Faleceu na semana passada, aos 91 anos, um dos mais importantes professores gem\u00f3logos do Brasil: Dr.Rui Ribeiro Franco.<\/p>\n<p class=\"MsoNormal\" style=\"text-align: justify;\">Em homenagem a Dr. Rui Ribeiro Franco, o Laborat\u00f3rio Gemol\u00f3gico do SINDIJ\u00d3IAS \u2013 Sindicato da Ind\u00fastria de Joalheria, Bijuteria e Ourivesaria de SP, recebeu ilustremente seu nome. Inaugurado em 1993, o Laborat\u00f3rio localiza-se na sede do SINDIJ\u00d3IAS e do IBGM em S\u00e3o Paulo. Profissionais e empresas do setor joalheiro contam com apoio t\u00e9cnico do Laborat\u00f3rio Gemol\u00f3gico, onde o compromisso \u00e9 a excel\u00eancia nos servi\u00e7os oferecidos.<\/p>\n<p class=\"MsoNormal\" style=\"text-align: justify;\">\u00c9 com pesar que o SINDIJ\u00d3IAS e o IBGM se despedem e deixam suas condol\u00eancias a amigos e familiares.<\/p>\n<p class=\"MsoNormal\" style=\"text-align: justify;\">Dr. Rui foi Membro Titular da Academia Brasileira de Ci\u00eancias, ex-Presidente da Associa\u00e7\u00e3o Brasileira de Gemologia e Mineralogia e da Sociedade Brasileira de Geologia.\u00a0 Professor da Universidade de S\u00e3o Paulo orientou teses de doutoramento, organizou cursos e presidiu bancas de concursos e exames para o magist\u00e9rio.<\/p>\n<p class=\"MsoNormal\" style=\"text-align: justify;\">Dr. Rui possui uma produ\u00e7\u00e3o cient\u00edfica que compreende 4 livros sobre minerais do Brasil, pedras preciosas, petrologia e no\u00e7\u00f5es de mineralogia e geologia; \u00e9 acrescida de cerca de 50 trabalhos publicados em revistas nacionais e internacionais e mais a tradu\u00e7\u00e3o de 5 livros de sua \u00e1rea de especializa\u00e7\u00e3o como, por exemplo, Gemas do Mundo. Suas pesquisas de campo foram realizadas do Rio Grande do Sul ao Piau\u00ed, na Para\u00edba. Foi correspondente da revista Mining World, de San Francisco, Calif\u00f3rnia, EUA no per\u00edodo de 1947 a 1958 e editor da revista Gemologia de S\u00e3o Paulo, desde 1955 at\u00e9 recentemente.<\/p>\n<p class=\"MsoNormal\" style=\"text-align: justify;\"><strong>Homenagem do IBGM e SINDIJOIAS.<\/strong><\/p>\n<\/div>\n<\/div>\n<\/div>\n<\/div>\n<\/div>\n","protected":false},"excerpt":{"rendered":"<p>\u00a0O Setor homenageia e se despede do Dr. Rui Ribeiro Franco Confira as \u00a0mensagens de carinho e homenagens ao Prof. Dr. Rui Ribeiro Franco, &#8220;o pai da Gemologia brasileira&#8221; Tobias Dryzun, Dr. Rui Ribeiro Franco e Ricardo Lerner na inaugura\u00e7\u00e3o do Laborat\u00f3rio Gemol\u00f3gico Dr. Rui Ribeiro Franco do SINDIJ\u00d3IAS-SP Queridos Amigos e Associados, &nbsp; Mais [&hellip;]<\/p>\n","protected":false},"author":5,"featured_media":0,"parent":10,"menu_order":0,"comment_status":"open","ping_status":"open","template":"","meta":{"footnotes":""},"class_list":["post-560","page","type-page","status-publish","hentry"],"_links":{"self":[{"href":"https:\/\/www.gemologiaibgm.com.br\/laboratorio\/wp-json\/wp\/v2\/pages\/560","targetHints":{"allow":["GET"]}}],"collection":[{"href":"https:\/\/www.gemologiaibgm.com.br\/laboratorio\/wp-json\/wp\/v2\/pages"}],"about":[{"href":"https:\/\/www.gemologiaibgm.com.br\/laboratorio\/wp-json\/wp\/v2\/types\/page"}],"author":[{"embeddable":true,"href":"https:\/\/www.gemologiaibgm.com.br\/laboratorio\/wp-json\/wp\/v2\/users\/5"}],"replies":[{"embeddable":true,"href":"https:\/\/www.gemologiaibgm.com.br\/laboratorio\/wp-json\/wp\/v2\/comments?post=560"}],"version-history":[{"count":0,"href":"https:\/\/www.gemologiaibgm.com.br\/laboratorio\/wp-json\/wp\/v2\/pages\/560\/revisions"}],"up":[{"embeddable":true,"href":"https:\/\/www.gemologiaibgm.com.br\/laboratorio\/wp-json\/wp\/v2\/pages\/10"}],"wp:attachment":[{"href":"https:\/\/www.gemologiaibgm.com.br\/laboratorio\/wp-json\/wp\/v2\/media?parent=560"}],"curies":[{"name":"wp","href":"https:\/\/api.w.org\/{rel}","templated":true}]}}