{"id":73,"date":"2011-11-30T03:14:09","date_gmt":"2011-11-30T03:14:09","guid":{"rendered":"http:\/\/gemologia.sindijoias.org\/laboratorio\/?page_id=73"},"modified":"2019-03-01T13:47:03","modified_gmt":"2019-03-01T13:47:03","slug":"consulta-de-avaliacao","status":"publish","type":"page","link":"https:\/\/www.gemologiaibgm.com.br\/laboratorio\/servicos-gemologicos\/tarifas\/consulta-de-avaliacao\/","title":{"rendered":"Consulta de Avalia\u00e7\u00e3o"},"content":{"rendered":"<p style=\"text-align: justify;\">Trata-se de uma consultoria verbal, sem emiss\u00e3o de documento, para a verifica\u00e7\u00e3o da identifica\u00e7\u00e3o e classifica\u00e7\u00e3o de diamantes lapidados, soltos ou cravados em joia, para que o cliente possa iniciar uma futura negocia\u00e7\u00e3o da pe\u00e7a ou fazer uma partilha.<\/p>\n<p style=\"text-align: center;\"><img loading=\"lazy\" decoding=\"async\" class=\"aligncenter size-full wp-image-1441\" title=\"DSC_1813\" src=\"https:\/\/www.gemologiaibgm.com.br\/laboratorio\/wp-content\/uploads\/2011\/11\/DSC_1813.jpg\" alt=\"\" width=\"559\" height=\"376\" \/><\/p>\n<p style=\"text-align: justify;\">Este servi\u00e7o \u00e9 executado com hora marcada.\u00a0As empresas associadas ao <a href=\"https:\/\/www.ibgm.com.br\/\" target=\"_blank\">IBGM<\/a> e os associados \u00e0s entidades de classe filiadas ao IBGM usufruem de descontos e prioridade no agendamento de hor\u00e1rio.<\/p>\n<p><img loading=\"lazy\" decoding=\"async\" class=\"alignnone size-full wp-image-190\" src=\"https:\/\/www.gemologiaibgm.com.br\/laboratorio\/wp-content\/uploads\/2011\/11\/colar-agua.jpg\" alt=\"\" width=\"109\" height=\"115\" \/><img loading=\"lazy\" decoding=\"async\" class=\"alignnone size-full wp-image-191\" src=\"https:\/\/www.gemologiaibgm.com.br\/laboratorio\/wp-content\/uploads\/2011\/11\/anel-safira-esmeralda.jpg\" alt=\"\" width=\"106\" height=\"115\" \/><img loading=\"lazy\" decoding=\"async\" class=\"alignnone size-full wp-image-192\" src=\"https:\/\/www.gemologiaibgm.com.br\/laboratorio\/wp-content\/uploads\/2011\/11\/solitario2.jpg\" alt=\"\" width=\"116\" height=\"113\" \/><img loading=\"lazy\" decoding=\"async\" class=\"alignnone size-full wp-image-193\" src=\"https:\/\/www.gemologiaibgm.com.br\/laboratorio\/wp-content\/uploads\/2011\/11\/anel-rubi.jpg\" alt=\"\" width=\"100\" height=\"112\" \/><img loading=\"lazy\" decoding=\"async\" class=\"alignnone size-full wp-image-194\" src=\"https:\/\/www.gemologiaibgm.com.br\/laboratorio\/wp-content\/uploads\/2011\/11\/coroa.jpg\" alt=\"\" width=\"161\" height=\"113\" \/><\/p>\n<p style=\"text-align: justify;\">Para marcar um hor\u00e1rio ou obter informa\u00e7\u00f5es sobre custo dos servi\u00e7os fale com Eliana pelo telefone 11- 3016-5850.<\/p>\n<p style=\"text-align: justify;\">\n<p>&nbsp;<\/p>\n<p>&nbsp;<\/p>\n","protected":false},"excerpt":{"rendered":"<p>Trata-se de uma consultoria verbal, sem emiss\u00e3o de documento, para a verifica\u00e7\u00e3o da identifica\u00e7\u00e3o e classifica\u00e7\u00e3o de diamantes lapidados, soltos ou cravados em joia, para que o cliente possa iniciar uma futura negocia\u00e7\u00e3o da pe\u00e7a ou fazer uma partilha. Este servi\u00e7o \u00e9 executado com hora marcada.\u00a0As empresas associadas ao IBGM e os associados \u00e0s entidades [&hellip;]<\/p>\n","protected":false},"author":5,"featured_media":0,"parent":16,"menu_order":0,"comment_status":"open","ping_status":"closed","template":"","meta":{"footnotes":""},"class_list":["post-73","page","type-page","status-publish","hentry"],"_links":{"self":[{"href":"https:\/\/www.gemologiaibgm.com.br\/laboratorio\/wp-json\/wp\/v2\/pages\/73","targetHints":{"allow":["GET"]}}],"collection":[{"href":"https:\/\/www.gemologiaibgm.com.br\/laboratorio\/wp-json\/wp\/v2\/pages"}],"about":[{"href":"https:\/\/www.gemologiaibgm.com.br\/laboratorio\/wp-json\/wp\/v2\/types\/page"}],"author":[{"embeddable":true,"href":"https:\/\/www.gemologiaibgm.com.br\/laboratorio\/wp-json\/wp\/v2\/users\/5"}],"replies":[{"embeddable":true,"href":"https:\/\/www.gemologiaibgm.com.br\/laboratorio\/wp-json\/wp\/v2\/comments?post=73"}],"version-history":[{"count":4,"href":"https:\/\/www.gemologiaibgm.com.br\/laboratorio\/wp-json\/wp\/v2\/pages\/73\/revisions"}],"predecessor-version":[{"id":37947,"href":"https:\/\/www.gemologiaibgm.com.br\/laboratorio\/wp-json\/wp\/v2\/pages\/73\/revisions\/37947"}],"up":[{"embeddable":true,"href":"https:\/\/www.gemologiaibgm.com.br\/laboratorio\/wp-json\/wp\/v2\/pages\/16"}],"wp:attachment":[{"href":"https:\/\/www.gemologiaibgm.com.br\/laboratorio\/wp-json\/wp\/v2\/media?parent=73"}],"curies":[{"name":"wp","href":"https:\/\/api.w.org\/{rel}","templated":true}]}}