{"id":78,"date":"2011-11-30T03:37:26","date_gmt":"2011-11-30T03:37:26","guid":{"rendered":"http:\/\/gemologia.sindijoias.org\/laboratorio\/?page_id=78"},"modified":"2020-02-19T14:19:06","modified_gmt":"2020-02-19T14:19:06","slug":"parecer-gemologico","status":"publish","type":"page","link":"https:\/\/www.gemologiaibgm.com.br\/laboratorio\/servicos-gemologicos\/tarifas\/parecer-gemologico\/","title":{"rendered":"Parecer Gemol\u00f3gico"},"content":{"rendered":"<p style=\"text-align: justify;\">Este documento \u00e9 emitido para gemas e diamantes lapidados cravados em joia ou soltos. Uma fotografia digital do item \u00e9 impressa no documento.<\/p>\n<h3><span style=\"color: #ff6600;\">Para joia com gemas e\/ou diamantes lapidados(*)<\/span><\/h3>\n<p>No Parecer Gemol\u00f3gico de uma joia com gemas e\/ou diamantes lapidados \u00e9 feita uma breve descri\u00e7\u00e3o t\u00e9cnica da joia com a identifica\u00e7\u00e3o de suas gemas e sempre que poss\u00edvel a estimativa da classifica\u00e7\u00e3o da pureza e cor dos diamantes, al\u00e9m da estimativa dos pesos das gemas \/ diamantes.<\/p>\n<p><a href=\"https:\/\/www.gemologiaibgm.com.br\/laboratorio\/wp-content\/uploads\/2017\/01\/doc-parecer-joia.jpg\"><img loading=\"lazy\" decoding=\"async\" class=\"alignnone wp-image-25835 size-medium\" src=\"https:\/\/www.gemologiaibgm.com.br\/laboratorio\/wp-content\/uploads\/2017\/01\/doc-parecer-joia-300x216.jpg\" width=\"300\" height=\"216\" srcset=\"https:\/\/www.gemologiaibgm.com.br\/laboratorio\/wp-content\/uploads\/2017\/01\/doc-parecer-joia-300x216.jpg 300w, https:\/\/www.gemologiaibgm.com.br\/laboratorio\/wp-content\/uploads\/2017\/01\/doc-parecer-joia-768x553.jpg 768w, https:\/\/www.gemologiaibgm.com.br\/laboratorio\/wp-content\/uploads\/2017\/01\/doc-parecer-joia-1024x738.jpg 1024w, https:\/\/www.gemologiaibgm.com.br\/laboratorio\/wp-content\/uploads\/2017\/01\/doc-parecer-joia.jpg 1560w\" sizes=\"auto, (max-width: 300px) 100vw, 300px\" \/><\/a><\/p>\n<h6><span style=\"color: #ff6600;\">clique na imagem para ampliar<\/span><\/h6>\n<p>&nbsp;<\/p>\n<h3><span style=\"color: #ff6600;\">Para diamante lapidado (**)<\/span><\/h3>\n<p>O Parecer Gemol\u00f3gico de um diamante lapidado tem objetivo de identific\u00e1-lo e classific\u00e1-lo. O documento cont\u00e9m as medidas, peso, descri\u00e7\u00e3o da forma e estilo da lapida\u00e7\u00e3o e a classifica\u00e7\u00e3o da cor e pureza do diamante.<\/p>\n<h3><span style=\"color: #ff6600;\">Para lote de gemas ou diamantes lapidados(**)<\/span><\/h3>\n<p>O Parecer Gemol\u00f3gico\u00a0de\u00a0lotes de gemas ou diamantes lapidados tem o objetivo de descrever o lote determinando a quantidade, identifica\u00e7\u00e3o, medidas, cor e lapida\u00e7\u00e3o das gemas, al\u00e9m da classifica\u00e7\u00e3o da pureza e cor dos diamantes.<\/p>\n<p><a href=\"https:\/\/www.gemologiaibgm.com.br\/laboratorio\/wp-content\/uploads\/2017\/01\/doc-parecer-lote.jpg\"><img loading=\"lazy\" decoding=\"async\" class=\"alignnone wp-image-25836 size-medium\" src=\"https:\/\/www.gemologiaibgm.com.br\/laboratorio\/wp-content\/uploads\/2017\/01\/doc-parecer-lote-300x214.jpg\" width=\"300\" height=\"214\" srcset=\"https:\/\/www.gemologiaibgm.com.br\/laboratorio\/wp-content\/uploads\/2017\/01\/doc-parecer-lote-300x214.jpg 300w, https:\/\/www.gemologiaibgm.com.br\/laboratorio\/wp-content\/uploads\/2017\/01\/doc-parecer-lote-768x548.jpg 768w, https:\/\/www.gemologiaibgm.com.br\/laboratorio\/wp-content\/uploads\/2017\/01\/doc-parecer-lote-1024x730.jpg 1024w, https:\/\/www.gemologiaibgm.com.br\/laboratorio\/wp-content\/uploads\/2017\/01\/doc-parecer-lote.jpg 1568w\" sizes=\"auto, (max-width: 300px) 100vw, 300px\" \/><\/a><\/p>\n<h6><span style=\"color: #ff6600;\">clique na imagem para ampliar<\/span><\/h6>\n<p>&nbsp;<\/p>\n<p style=\"text-align: justify;\">Esse servi\u00e7o \u00e9 executado com hora marcada. As empresas associadas ao\u00a0<span style=\"color: #ff6600;\"><a style=\"color: #ff3300;\" href=\"https:\/\/www.ibgm.com.br\/\" target=\"_blank\">IBGM<\/a><\/span>\u00a0e os associados \u00e0s entidades de classe filiadas ao IBGM usufruem de descontos e prioridade no agendamento de hor\u00e1rio.<\/p>\n<p style=\"text-align: justify;\">Para marcar um hor\u00e1rio ou obter informa\u00e7\u00e3o sobre o custo deste servi\u00e7o fale com Eliana pelo telefone 11- 3016-5850.<\/p>\n<p style=\"text-align: justify;\">(*) Os resultados das medidas e estimativas de peso, pureza e classifica\u00e7\u00e3o de gemas montadas ficam limitados \u00e0 precis\u00e3o e abrang\u00eancia que forem permitidas pela natureza da montagem. No caso de n\u00e3o ser poss\u00edvel chegar a uma conclus\u00e3o, n\u00e3o ser\u00e1 emitido o documento porem n\u00e3o haver\u00e1 qualquer despesa para o interessado.<\/p>\n<p style=\"text-align: justify;\">(**) Lotes de gemas de cor ou diamantes com 02 unidades. \u00a0As gemas\/diamantes unit\u00e1rios ou em lotes submetidos para emiss\u00e3o deste documento devem obrigatoriamente serem apresentados livre de qualquer montagem. N\u00e3o \u00e9 determinado o pa\u00eds de origem das gemas em nossos documentos. N\u00e3o emitimos Parecer Gemol\u00f3gico com classifica\u00e7\u00e3o de diamantes tratados com preenchimento de fratura ou coloridos naturalmente ou artificialmente.<\/p>\n<p>&nbsp;<\/p>\n<p>&nbsp;<\/p>\n","protected":false},"excerpt":{"rendered":"<p>Este documento \u00e9 emitido para gemas e diamantes lapidados cravados em joia ou soltos. Uma fotografia digital do item \u00e9 impressa no documento. Para joia com gemas e\/ou diamantes lapidados(*) No Parecer Gemol\u00f3gico de uma joia com gemas e\/ou diamantes lapidados \u00e9 feita uma breve descri\u00e7\u00e3o t\u00e9cnica da joia com a identifica\u00e7\u00e3o de suas gemas [&hellip;]<\/p>\n","protected":false},"author":5,"featured_media":0,"parent":16,"menu_order":0,"comment_status":"open","ping_status":"closed","template":"","meta":{"footnotes":""},"class_list":["post-78","page","type-page","status-publish","hentry"],"_links":{"self":[{"href":"https:\/\/www.gemologiaibgm.com.br\/laboratorio\/wp-json\/wp\/v2\/pages\/78","targetHints":{"allow":["GET"]}}],"collection":[{"href":"https:\/\/www.gemologiaibgm.com.br\/laboratorio\/wp-json\/wp\/v2\/pages"}],"about":[{"href":"https:\/\/www.gemologiaibgm.com.br\/laboratorio\/wp-json\/wp\/v2\/types\/page"}],"author":[{"embeddable":true,"href":"https:\/\/www.gemologiaibgm.com.br\/laboratorio\/wp-json\/wp\/v2\/users\/5"}],"replies":[{"embeddable":true,"href":"https:\/\/www.gemologiaibgm.com.br\/laboratorio\/wp-json\/wp\/v2\/comments?post=78"}],"version-history":[{"count":11,"href":"https:\/\/www.gemologiaibgm.com.br\/laboratorio\/wp-json\/wp\/v2\/pages\/78\/revisions"}],"predecessor-version":[{"id":43848,"href":"https:\/\/www.gemologiaibgm.com.br\/laboratorio\/wp-json\/wp\/v2\/pages\/78\/revisions\/43848"}],"up":[{"embeddable":true,"href":"https:\/\/www.gemologiaibgm.com.br\/laboratorio\/wp-json\/wp\/v2\/pages\/16"}],"wp:attachment":[{"href":"https:\/\/www.gemologiaibgm.com.br\/laboratorio\/wp-json\/wp\/v2\/media?parent=78"}],"curies":[{"name":"wp","href":"https:\/\/api.w.org\/{rel}","templated":true}]}}