{"id":8,"date":"2011-11-29T18:52:43","date_gmt":"2011-11-29T18:52:43","guid":{"rendered":"http:\/\/gemologia.sindijoias.org\/laboratorio\/?page_id=8"},"modified":"2024-01-10T18:08:42","modified_gmt":"2024-01-10T18:08:42","slug":"laboratorio","status":"publish","type":"page","link":"https:\/\/www.gemologiaibgm.com.br\/laboratorio\/","title":{"rendered":"Laborat\u00f3rio"},"content":{"rendered":"<div style=\"text-align: left;\">\n<h1 style=\"text-align: center;\"><strong><span style=\"color: #ff0000;\"><u>Comunicado Importante<\/u><\/span><\/strong><\/h1>\n<h1 style=\"text-align: center;\"><strong><span style=\"text-decoration: underline; color: #ff0000;\">Documentos Falsificados<\/span><\/strong><\/h1>\n<p>&nbsp;<\/p>\n<p style=\"text-align: justify;\"><span style=\"color: #000000;\">O IBGM identificou no mercado algumas falsifica\u00e7\u00f5es dos documentos emitidos pelo Laborat\u00f3rio Gemol\u00f3gico Dr. Rui Ribeiro Franco, bem como o uso indevido e n\u00e3o autorizado das logomarcas do Instituto.<\/span><\/p>\n<p style=\"text-align: justify;\"><span style=\"color: #000000;\"> Foram constatadas\u00a0<strong>diferen\u00e7as marcantes nos documentos falsos<\/strong>, tais como:\u00a0<\/span><\/p>\n<ul style=\"text-align: justify;\">\n<li><span style=\"color: #000000;\">Assinatura falsificada da gem\u00f3loga\u00a0respons\u00e1vel;<\/span><\/li>\n<li><span style=\"color: #000000;\">Chancela incorreta do Laborat\u00f3rio Gemol\u00f3gico;<\/span><\/li>\n<li><span style=\"color: #000000;\">Modelos de documentos antigos, n\u00e3o mais usados pelo laborat\u00f3rio do IBGM desde janeiro de 2017;<\/span><\/li>\n<li><span style=\"color: #000000;\">Descri\u00e7\u00e3o da gema com informa\u00e7\u00f5es incorretas.<\/span><\/li>\n<\/ul>\n<p style=\"text-align: justify;\"><span style=\"color: #000000;\">Em rela\u00e7\u00e3o aos documentos com uso indevido e n\u00e3o autorizado das logomarcas do IBGM, ainda observam-se:<\/span><\/p>\n<ul style=\"text-align: justify;\">\n<li><span style=\"color: #000000;\">&#8216;Avalia\u00e7\u00e3o Comercial&#8217; anexa ao Parecer Gemol\u00f3gico,\u00a0cabendo ressaltar que o\u00a0Laborat\u00f3rio Gemol\u00f3gico Dr. Rui Ribeiro Franco\u00a0<strong>n\u00e3o emite e nunca emitiu nenhum documento titulado &#8216;Avalia\u00e7\u00e3o Comercial&#8217;.\u00a0<\/strong><\/span><\/li>\n<li><span style=\"color: #000000;\">Assinaturas de pessoas que nunca foram colaboradoras\u00a0do IBGM, tampouco da Rede de Laborat\u00f3rios.<\/span><\/li>\n<li><span style=\"color: #000000;\">Chancela do Laborat\u00f3rio Gemol\u00f3gico n\u00e3o confere;<\/span><\/li>\n<li><span style=\"color: #000000;\">A descri\u00e7\u00e3o da pedra no documento apresenta informa\u00e7\u00f5es\u00a0incorretas.<\/span><\/li>\n<\/ul>\n<p style=\"text-align: justify;\"><span style=\"color: #000000;\">Infelizmente, nossa equipe n\u00e3o teve acesso ao documento f\u00edsico (s\u00f3 as imagens), de forma que n\u00e3o foi poss\u00edvel avaliar o tipo de papel e\/ou lamina\u00e7\u00e3o utilizados.<\/span><\/p>\n<p>Para consultar o conte\u00fado dos documentos originais emitidos pelo\u00a0Laborat\u00f3rio Gemol\u00f3gico Dr. Rui Ribeiro Franco clicar aqui:<\/p>\n<h5 style=\"text-align: center;\"><a href=\"https:\/\/www.gemologiaibgm.com.br\/laboratorio\/pesquisar-documento\/\">https:\/\/www.gemologiaibgm.com.br\/laboratorio\/pesquisar-documento\/<\/a><\/h5>\n<p style=\"text-align: justify;\"><span style=\"color: #000000;\"><strong>\u00a0<\/strong><\/span><\/p>\n<p style=\"text-align: justify;\"><span style=\"color: #000000;\">Aproveitamos para comunicar tamb\u00e9m que o IBGM est\u00e1 tomando as medidas judiciais cab\u00edveis com o objetivo de coibir este tipo de conduta e\u00a0punir os respons\u00e1veis por tais\u00a0golpes. Portanto, se voc\u00ea desconfiar da veracidade de algum documento, por favor, entre em contato conosco.<\/span><\/p>\n<h2 style=\"text-align: center;\"><span style=\"text-decoration: underline;\"><span style=\"color: #ff0000; text-decoration: underline;\">\u00a0<\/span><\/span><\/h2>\n<p style=\"text-align: center;\"><a href=\"https:\/\/www.gemologiaibgm.com.br\/laboratorio\/wp-content\/uploads\/2011\/11\/DSC_1905.jpg\"><img loading=\"lazy\" decoding=\"async\" class=\"alignnone wp-image-7505 size-full\" src=\"https:\/\/www.gemologiaibgm.com.br\/laboratorio\/wp-content\/uploads\/2011\/11\/DSC_1905.jpg\" alt=\"DSC_1905\" width=\"700\" height=\"420\" srcset=\"https:\/\/www.gemologiaibgm.com.br\/laboratorio\/wp-content\/uploads\/2011\/11\/DSC_1905.jpg 700w, https:\/\/www.gemologiaibgm.com.br\/laboratorio\/wp-content\/uploads\/2011\/11\/DSC_1905-300x180.jpg 300w\" sizes=\"auto, (max-width: 700px) 100vw, 700px\" \/><\/a><\/p>\n<\/div>\n<p style=\"text-align: justify;\">Desde 1993, os profissionais e as empresas do setor joalheiro contam com apoio t\u00e9cnico do Laborat\u00f3rio Gemol\u00f3gico Dr. Rui Ribeiro Franco, que assume compromisso com a excel\u00eancia. Todos os procedimentos s\u00e3o executados de forma a alcan\u00e7ar consist\u00eancia e <span style=\"color: #333333;\">precis\u00e3o.<\/span><\/p>\n<p style=\"text-align: justify;\">O Laborat\u00f3rio, uma iniciativa do IBGM, tem como objetivo realizar ensaios t\u00e9cnicos para emiss\u00e3o de laudos, per\u00edcias, consultoria e pareceres gemol\u00f3gicos de j\u00f3ias, gemas e diamantes lapidados al\u00e9m de, certificados de identifica\u00e7\u00e3o e classifica\u00e7\u00e3o de gemas e diamantes lapidados.<\/p>\n<p style=\"text-align: justify;\">Os servi\u00e7os s\u00e3o executados pela\u00a0\u00a0Ge\u00f3loga Gem\u00f3loga Gracia Bai\u00e3o formada pelo <a href=\"https:\/\/www.hrdantwerp.com\/en\/home\" target=\"_blank\" rel=\"noopener\"><span style=\"color: #ff6600;\">HRD Antwerp Intitute of Gemmology<\/span><\/a>, e seguem rigidamente todas as exig\u00eancias e normas estabelecidas: ABNT-NBR 10630, ABNT-NBR 12310, NT-IBGM 001\/97 NT-IBGM 002\/97, ISO-TR 11211 e o<span style=\"color: #ff6600;\"><a href=\"https:\/\/www.cibjo.org\/index.php?option=com_content&amp;view=article&amp;id=270&amp;Itemid=261\" target=\"_blank\" rel=\"noopener\"><span style=\"color: #ff6600;\"> Blue Book da CIBJO<\/span><\/a>.<\/span><\/p>\n<p style=\"text-align: justify;\">Os documentos emitidos pelo Laborat\u00f3rio s\u00e3o nacionalmente reconhecidos pelo n\u00edvel de excel\u00eancia gemol\u00f3gica, integridade e confian\u00e7a. Nossos documentos t\u00eam, ainda, reconhecimento internacional, pois a institui\u00e7\u00e3o \u00e9 integrante a <span style=\"color: #ff6600;\"><a href=\"https:\/\/www.ibgm.com.br\/\" target=\"_blank\" rel=\"noopener\"><span style=\"color: #ff6600;\">Rede IBGM de Laborat\u00f3rios Gemol\u00f3gicos<\/span><\/a><\/span> que \u00e9 credenciada pela <span style=\"color: #ff6600;\"><a href=\"https:\/\/www.cibjo.org\/\" target=\"_blank\" rel=\"noopener\"><span style=\"color: #ff6600;\">CIBJO &#8211; Conf\u00e9d\u00e9ration International de la Bijouterie, Joaillerie, Orf\u00e8vrierie des Diamantes, Perles et Pierres <\/span><\/a><\/span>&#8211; , entidade internacional, reguladora do segmento joalheiro no mundo.<\/p>\n<h3 style=\"text-align: justify;\"><\/h3>\n<h4 style=\"text-align: justify;\"><span style=\"color: #ff6600;\">Equipe:<\/span><\/h4>\n<address><b>Ge\u00f3loga Gem\u00f3loga Respons\u00e1vel:<\/b> Gracia Bai\u00e3o<\/address>\n<address><b>Assistentes administrativas:<\/b> Thais Cristina e Thalia Borges<\/address>\n<p style=\"text-align: justify;\"><span style=\"color: #ffffff;\">G<\/span><\/p>\n<p style=\"text-align: justify;\"><strong>Contato:<\/strong> <a href=\"mailto:laboratorio@ibgm.com.br\"><span style=\"color: #ff6600;\"><span style=\"color: #ff6600;\">laboratorio@<\/span><\/span><span style=\"color: #ff6600;\">ibgm.com.br<\/span><\/a><\/p>\n<p style=\"text-align: justify;\"><a href=\"mailto:laboratorio@ibgm.com.br\"><img loading=\"lazy\" decoding=\"async\" class=\"size-full wp-image-600 alignnone\" title=\"facebook\" src=\"https:\/\/www.gemologiaibgm.com.br\/laboratorio\/wp-content\/uploads\/2011\/11\/facebook.png\" alt=\"\" width=\"224\" height=\"124\" \/><\/a><a href=\"mailto:laboratorio@ibgm.com.br\"><br \/>\n<span style=\"color: #ff6600;\"><span class=\"Apple-style-span\" style=\"font-size: 18px; font-weight: bold;\">Curta nossa p\u00e1gina no Facebook!<\/span><span style=\"color: #ff6600;\">\u00a0<\/span><\/span><\/a><\/p>\n","protected":false},"excerpt":{"rendered":"<p>Comunicado Importante Documentos Falsificados &nbsp; O IBGM identificou no mercado algumas falsifica\u00e7\u00f5es dos documentos emitidos pelo Laborat\u00f3rio Gemol\u00f3gico Dr. Rui Ribeiro Franco, bem como o uso indevido e n\u00e3o autorizado das logomarcas do Instituto. Foram constatadas\u00a0diferen\u00e7as marcantes nos documentos falsos, tais como:\u00a0 Assinatura falsificada da gem\u00f3loga\u00a0respons\u00e1vel; Chancela incorreta do Laborat\u00f3rio Gemol\u00f3gico; Modelos de documentos antigos, [&hellip;]<\/p>\n","protected":false},"author":5,"featured_media":0,"parent":0,"menu_order":0,"comment_status":"closed","ping_status":"closed","template":"","meta":{"footnotes":""},"class_list":["post-8","page","type-page","status-publish","hentry"],"_links":{"self":[{"href":"https:\/\/www.gemologiaibgm.com.br\/laboratorio\/wp-json\/wp\/v2\/pages\/8","targetHints":{"allow":["GET"]}}],"collection":[{"href":"https:\/\/www.gemologiaibgm.com.br\/laboratorio\/wp-json\/wp\/v2\/pages"}],"about":[{"href":"https:\/\/www.gemologiaibgm.com.br\/laboratorio\/wp-json\/wp\/v2\/types\/page"}],"author":[{"embeddable":true,"href":"https:\/\/www.gemologiaibgm.com.br\/laboratorio\/wp-json\/wp\/v2\/users\/5"}],"replies":[{"embeddable":true,"href":"https:\/\/www.gemologiaibgm.com.br\/laboratorio\/wp-json\/wp\/v2\/comments?post=8"}],"version-history":[{"count":39,"href":"https:\/\/www.gemologiaibgm.com.br\/laboratorio\/wp-json\/wp\/v2\/pages\/8\/revisions"}],"predecessor-version":[{"id":67359,"href":"https:\/\/www.gemologiaibgm.com.br\/laboratorio\/wp-json\/wp\/v2\/pages\/8\/revisions\/67359"}],"wp:attachment":[{"href":"https:\/\/www.gemologiaibgm.com.br\/laboratorio\/wp-json\/wp\/v2\/media?parent=8"}],"curies":[{"name":"wp","href":"https:\/\/api.w.org\/{rel}","templated":true}]}}