{"id":83,"date":"2011-11-30T03:42:38","date_gmt":"2011-11-30T03:42:38","guid":{"rendered":"http:\/\/gemologia.sindijoias.org\/laboratorio\/?page_id=83"},"modified":"2020-02-19T14:17:17","modified_gmt":"2020-02-19T14:17:17","slug":"certificado-de-diamante","status":"publish","type":"page","link":"https:\/\/www.gemologiaibgm.com.br\/laboratorio\/servicos-gemologicos\/tarifas\/certificado-de-diamante\/","title":{"rendered":"Documento de Classifica\u00e7\u00e3o de Diamante"},"content":{"rendered":"<p style=\"text-align: justify;\">Este documento informa o grau de classifica\u00e7\u00e3o do diamante lapidado(*), os 4 Cs &#8211; color (cor), clarity (pureza), carat weight (peso) e cut (lapida\u00e7\u00e3o) &#8211; utilizando a metodologia do<span style=\"color: #ff6600;\"> <a href=\"https:\/\/www.gia.edu\/lab-reports-services\/about-the-4cs\/index.html\" target=\"_blank\"><span style=\"color: #ff6600;\">Gemological Institute of America &#8211; GIA<\/span><\/a><\/span><\/p>\n<p style=\"text-align: justify;\">Nosso laborat\u00f3rio \u00e9 o \u00fanico na Am\u00e9rica Latina a possuir um conjunto de diamantes padr\u00e3o na faixa de 0,70 ct, para classifica\u00e7\u00e3o da cor de diamantes lapidados, certificado pelo GIA.<\/p>\n<p>Para conhecer a anatomia do documento clique:<span style=\"color: #333333;\">\u00a0<a href=\"https:\/\/www.gemologiaibgm.com.br\/laboratorio\/wp-content\/uploads\/2017\/01\/doc-diamante-1.jpg\"><span style=\"color: #ff6600;\">Documento de Classifica\u00e7\u00e3o de Diamante<\/span><\/a><\/span><\/p>\n<p><a href=\"https:\/\/www.gemologiaibgm.com.br\/laboratorio\/wp-content\/uploads\/2017\/01\/doc-diamante-1.jpg\"><img loading=\"lazy\" decoding=\"async\" class=\"alignnone size-medium wp-image-25847\" src=\"https:\/\/www.gemologiaibgm.com.br\/laboratorio\/wp-content\/uploads\/2017\/01\/doc-diamante-1-300x216.jpg\" alt=\"doc diamante 1\" width=\"300\" height=\"216\" srcset=\"https:\/\/www.gemologiaibgm.com.br\/laboratorio\/wp-content\/uploads\/2017\/01\/doc-diamante-1-300x216.jpg 300w, https:\/\/www.gemologiaibgm.com.br\/laboratorio\/wp-content\/uploads\/2017\/01\/doc-diamante-1-768x552.jpg 768w, https:\/\/www.gemologiaibgm.com.br\/laboratorio\/wp-content\/uploads\/2017\/01\/doc-diamante-1-1024x736.jpg 1024w, https:\/\/www.gemologiaibgm.com.br\/laboratorio\/wp-content\/uploads\/2017\/01\/doc-diamante-1.jpg 1566w\" sizes=\"auto, (max-width: 300px) 100vw, 300px\" \/><\/a><\/p>\n<h6><a href=\"https:\/\/www.gemologiaibgm.com.br\/laboratorio\/wp-content\/uploads\/2011\/11\/Certificado-Completo-de-Diamante-com-capa.jpg\"><span style=\"color: #ff6600;\">clique na imagem para ampliar<\/span><\/a><\/h6>\n<p>&nbsp;<\/p>\n<p style=\"text-align: justify;\">Esse servi\u00e7o \u00e9 executado com hora marcada. As empresas associadas ao\u00a0<span style=\"color: #ff6600;\"><a style=\"color: #ff3300;\" href=\"https:\/\/www.ibgm.com.br\/\" target=\"_blank\">IBGM<\/a>\u00a0<\/span>e os associados \u00e0s entidades de classe filiadas ao IBGM usufruem de descontos e prioridade no agendamento de hor\u00e1rio.<span style=\"color: #ff6600;\"><a href=\"https:\/\/www.ibgm.com.br\/\" target=\"_blank\"><span style=\"color: #ff6600;\">\u00a0\u00a0<\/span><\/a><\/span><\/p>\n<p style=\"text-align: justify;\">Para marcar um hor\u00e1rio ou obter informa\u00e7\u00e3o sobre o custo deste servi\u00e7o fale com Eliana pelo telefone 11- 3016-5850.<\/p>\n<p style=\"text-align: justify;\">(*) O diamante submetido para emiss\u00e3o deste documento deve obrigatoriamente ser apresentado livre de qualquer montagem. N\u00e3o emitimos documento de diamantes com preenchimento de fraturas, sint\u00e9ticos ou coloridos naturalmente ou artificialmente.<\/p>\n<p>&nbsp;<\/p>\n<p>&nbsp;<\/p>\n","protected":false},"excerpt":{"rendered":"<p>Este documento informa o grau de classifica\u00e7\u00e3o do diamante lapidado(*), os 4 Cs &#8211; color (cor), clarity (pureza), carat weight (peso) e cut (lapida\u00e7\u00e3o) &#8211; utilizando a metodologia do Gemological Institute of America &#8211; GIA Nosso laborat\u00f3rio \u00e9 o \u00fanico na Am\u00e9rica Latina a possuir um conjunto de diamantes padr\u00e3o na faixa de 0,70 ct, [&hellip;]<\/p>\n","protected":false},"author":5,"featured_media":0,"parent":16,"menu_order":0,"comment_status":"open","ping_status":"closed","template":"","meta":{"footnotes":""},"class_list":["post-83","page","type-page","status-publish","hentry"],"_links":{"self":[{"href":"https:\/\/www.gemologiaibgm.com.br\/laboratorio\/wp-json\/wp\/v2\/pages\/83","targetHints":{"allow":["GET"]}}],"collection":[{"href":"https:\/\/www.gemologiaibgm.com.br\/laboratorio\/wp-json\/wp\/v2\/pages"}],"about":[{"href":"https:\/\/www.gemologiaibgm.com.br\/laboratorio\/wp-json\/wp\/v2\/types\/page"}],"author":[{"embeddable":true,"href":"https:\/\/www.gemologiaibgm.com.br\/laboratorio\/wp-json\/wp\/v2\/users\/5"}],"replies":[{"embeddable":true,"href":"https:\/\/www.gemologiaibgm.com.br\/laboratorio\/wp-json\/wp\/v2\/comments?post=83"}],"version-history":[{"count":12,"href":"https:\/\/www.gemologiaibgm.com.br\/laboratorio\/wp-json\/wp\/v2\/pages\/83\/revisions"}],"predecessor-version":[{"id":43842,"href":"https:\/\/www.gemologiaibgm.com.br\/laboratorio\/wp-json\/wp\/v2\/pages\/83\/revisions\/43842"}],"up":[{"embeddable":true,"href":"https:\/\/www.gemologiaibgm.com.br\/laboratorio\/wp-json\/wp\/v2\/pages\/16"}],"wp:attachment":[{"href":"https:\/\/www.gemologiaibgm.com.br\/laboratorio\/wp-json\/wp\/v2\/media?parent=83"}],"curies":[{"name":"wp","href":"https:\/\/api.w.org\/{rel}","templated":true}]}}