{"id":85,"date":"2011-11-30T03:43:20","date_gmt":"2011-11-30T03:43:20","guid":{"rendered":"http:\/\/gemologia.sindijoias.org\/laboratorio\/?page_id=85"},"modified":"2020-02-19T14:17:53","modified_gmt":"2020-02-19T14:17:53","slug":"certificado-de-identificacao","status":"publish","type":"page","link":"https:\/\/www.gemologiaibgm.com.br\/laboratorio\/servicos-gemologicos\/tarifas\/certificado-de-identificacao\/","title":{"rendered":"Documento de Identifica\u00e7\u00e3o"},"content":{"rendered":"<p style=\"text-align: justify;\">O Documento\u00a0de Identifica\u00e7\u00e3o \u00e9 emitido para uma gema corada lapidada(*). Exames s\u00e3o executados para verificar a identidade e a presen\u00e7a de tratamentos.<\/p>\n<p>Para conhecer a anatomia do documento clique: <span style=\"color: #ff6600;\"><code>\u00a0<a href=\"https:\/\/www.gemologiaibgm.com.br\/laboratorio\/wp-content\/uploads\/2017\/01\/doc-identificacao.jpg\"><span style=\"color: #ff6600;\">Docuemnto\u00a0de Identifica\u00e7\u00e3o<\/span><\/a><\/code><\/span><\/p>\n<p><a href=\"https:\/\/www.gemologiaibgm.com.br\/laboratorio\/wp-content\/uploads\/2017\/01\/doc-identificacao.jpg\"><img loading=\"lazy\" decoding=\"async\" class=\"alignnone wp-image-25848 size-medium\" src=\"https:\/\/www.gemologiaibgm.com.br\/laboratorio\/wp-content\/uploads\/2017\/01\/doc-identificacao-300x217.jpg\" width=\"300\" height=\"217\" srcset=\"https:\/\/www.gemologiaibgm.com.br\/laboratorio\/wp-content\/uploads\/2017\/01\/doc-identificacao-300x217.jpg 300w, https:\/\/www.gemologiaibgm.com.br\/laboratorio\/wp-content\/uploads\/2017\/01\/doc-identificacao-768x555.jpg 768w, https:\/\/www.gemologiaibgm.com.br\/laboratorio\/wp-content\/uploads\/2017\/01\/doc-identificacao-1024x740.jpg 1024w, https:\/\/www.gemologiaibgm.com.br\/laboratorio\/wp-content\/uploads\/2017\/01\/doc-identificacao.jpg 1556w\" sizes=\"auto, (max-width: 300px) 100vw, 300px\" \/><\/a><\/p>\n<h6><span style=\"color: #ff6600;\">clique nas imagens para ampliar<\/span><\/h6>\n<p>&nbsp;<\/p>\n<p style=\"text-align: justify;\">Esse servi\u00e7o \u00e9 executado com hora marcada. As empresas associadas ao\u00a0<span style=\"color: #ff6600;\"><a style=\"color: #ff3300;\" href=\"https:\/\/www.ibgm.com.br\/\" target=\"_blank\">IBGM<\/a><\/span>\u00a0e os associados \u00e0s entidades de classe filiadas ao IBGM usufruem de descontos e prioridade no agendamento de hor\u00e1rio.<\/p>\n<p style=\"text-align: justify;\">Para marcar um hor\u00e1rio ou obter informa\u00e7\u00e3o sobre o custo deste servi\u00e7o fale com Eliana pelo telefone 11- 3016-5850.<\/p>\n<p style=\"text-align: justify;\">(*) A gema submetida para emiss\u00e3o deste documento deve obrigatoriamente ser apresentada livre de qualquer montagem. N\u00e3o emitimos Documentos para determina\u00e7\u00e3o de pa\u00eds de origem da gema. No caso de n\u00e3o ser poss\u00edvel chegar a uma conclus\u00e3o, n\u00e3o ser\u00e1 emitido Documento\u00a0e n\u00e3o haver\u00e1 qualquer despesa para o interessado.<\/p>\n<p>&nbsp;<\/p>\n","protected":false},"excerpt":{"rendered":"<p>O Documento\u00a0de Identifica\u00e7\u00e3o \u00e9 emitido para uma gema corada lapidada(*). Exames s\u00e3o executados para verificar a identidade e a presen\u00e7a de tratamentos. Para conhecer a anatomia do documento clique: \u00a0Docuemnto\u00a0de Identifica\u00e7\u00e3o clique nas imagens para ampliar &nbsp; Esse servi\u00e7o \u00e9 executado com hora marcada. As empresas associadas ao\u00a0IBGM\u00a0e os associados \u00e0s entidades de classe filiadas [&hellip;]<\/p>\n","protected":false},"author":5,"featured_media":0,"parent":16,"menu_order":0,"comment_status":"open","ping_status":"closed","template":"","meta":{"footnotes":""},"class_list":["post-85","page","type-page","status-publish","hentry"],"_links":{"self":[{"href":"https:\/\/www.gemologiaibgm.com.br\/laboratorio\/wp-json\/wp\/v2\/pages\/85","targetHints":{"allow":["GET"]}}],"collection":[{"href":"https:\/\/www.gemologiaibgm.com.br\/laboratorio\/wp-json\/wp\/v2\/pages"}],"about":[{"href":"https:\/\/www.gemologiaibgm.com.br\/laboratorio\/wp-json\/wp\/v2\/types\/page"}],"author":[{"embeddable":true,"href":"https:\/\/www.gemologiaibgm.com.br\/laboratorio\/wp-json\/wp\/v2\/users\/5"}],"replies":[{"embeddable":true,"href":"https:\/\/www.gemologiaibgm.com.br\/laboratorio\/wp-json\/wp\/v2\/comments?post=85"}],"version-history":[{"count":14,"href":"https:\/\/www.gemologiaibgm.com.br\/laboratorio\/wp-json\/wp\/v2\/pages\/85\/revisions"}],"predecessor-version":[{"id":43844,"href":"https:\/\/www.gemologiaibgm.com.br\/laboratorio\/wp-json\/wp\/v2\/pages\/85\/revisions\/43844"}],"up":[{"embeddable":true,"href":"https:\/\/www.gemologiaibgm.com.br\/laboratorio\/wp-json\/wp\/v2\/pages\/16"}],"wp:attachment":[{"href":"https:\/\/www.gemologiaibgm.com.br\/laboratorio\/wp-json\/wp\/v2\/media?parent=85"}],"curies":[{"name":"wp","href":"https:\/\/api.w.org\/{rel}","templated":true}]}}